{"id":1058,"date":"2021-12-14T13:17:24","date_gmt":"2021-12-14T05:17:24","guid":{"rendered":"https:\/\/www.cnhaitan.net\/?post_type=product&#038;p=1058"},"modified":"2024-06-26T15:28:12","modified_gmt":"2024-06-26T07:28:12","slug":"el-series-busbar-insulator-low-voltage-smc-bmc","status":"publish","type":"product","link":"https:\/\/www.cnhaitan.net\/vi\/el-series-busbar-insulator-low-voltage-smc-bmc","title":{"rendered":"EL Series Thanh c\u00e1i c\u00e1ch \u0111i\u1ec7n \u0111i\u1ec7n \u00e1p th\u1ea5p SMC BMC"},"content":{"rendered":"<div class=\"wpb-content-wrapper\"><div class=\"vc_row wpb_row vc_row-fluid\"><div class=\"wpb_column vc_column_container vc_col-sm-12\"><div class=\"vc_column-inner\"><div class=\"wpb_wrapper\"><div class=\"vc_tta-container\" data-vc-action=\"collapse\"><div class=\"vc_general vc_tta vc_tta-tabs vc_tta-color-grey vc_tta-style-classic vc_tta-shape-rounded vc_tta-spacing-1 vc_tta-tabs-position-top vc_tta-controls-align-left\"><div class=\"vc_tta-tabs-container\"><ul class=\"vc_tta-tabs-list\"><li class=\"vc_tta-tab vc_active\" data-vc-tab><a href=\"#1635749828226-6496a746-3536\" data-vc-tabs data-vc-container=\".vc_tta\"><span class=\"vc_tta-title-text\">S\u1ef1 mi\u00eau t\u1ea3<\/span><\/a><\/li><li class=\"vc_tta-tab\" data-vc-tab><a href=\"#1635749828230-fa51b168-7322\" data-vc-tabs data-vc-container=\".vc_tta\"><span class=\"vc_tta-title-text\">B\u1ea3ng th\u00f4ng s\u1ed1 k\u1ef9 thu\u1eadt<\/span><\/a><\/li><\/ul><\/div><div class=\"vc_tta-panels-container\"><div class=\"vc_tta-panels\"><div class=\"vc_tta-panel vc_active\" id=\"1635749828226-6496a746-3536\" data-vc-content=\".vc_tta-panel-body\"><div class=\"vc_tta-panel-heading\"><h4 class=\"vc_tta-panel-title\"><a href=\"#1635749828226-6496a746-3536\" data-vc-accordion data-vc-container=\".vc_tta-container\"><span class=\"vc_tta-title-text\">S\u1ef1 mi\u00eau t\u1ea3<\/span><\/a><\/h4><\/div><div class=\"vc_tta-panel-body\">\n\t<div class=\"wpb_text_column wpb_content_element\" >\n\t\t<div class=\"wpb_wrapper\">\n\t\t\t<p>K\u1eb9p thanh c\u00e1i lo\u1ea1i El l\u00e0m b\u1eb1ng BMC \/ SMC \u0111\u01b0\u1ee3c s\u1eed d\u1ee5ng \u0111\u1ec3 h\u1ed7 tr\u1ee3 h\u1ec7 th\u1ed1ng m\u1ea1ch v\u00e0 h\u1ed7 tr\u1ee3 c\u00e1c xe bu\u00fdt m\u1ed9t pha, ba pha v\u00e0 b\u1ed1n pha. \u0110\u1ed9 d\u00e0y c\u1ee7a bus l\u00e0 0mm-15mm, \u0111\u01b0\u1ee3c s\u1eed d\u1ee5ng cho \u0111\u01b0\u1eddng d\u00e2y ph\u00e2n ph\u1ed1i \u0111i\u1ec7n \u00e1p th\u1ea5p v\u00e0 \u0111\u01b0\u1eddng d\u00e2y th\u00f4ng tin li\u00ean l\u1ea1c. N\u00f3 \u0111\u01b0\u1ee3c s\u1eed d\u1ee5ng r\u1ed9ng r\u00e3i trong c\u00e1c \u1ee9ng d\u1ee5ng \u0111i\u1ec7n nh\u01b0 h\u1ed9p ph\u00e2n ph\u1ed1i, thi\u1ebft b\u1ecb \u0111\u00f3ng c\u1eaft, bi\u1ebfn t\u1ea7n v\u00e0 ngu\u1ed3n \u0111i\u1ec7n xanh.<\/p>\n<p>Ch\u1ea5t c\u00e1ch \u0111i\u1ec7n c\u00f3 th\u1ec3 \u0111\u00e1p \u1ee9ng c\u00e1c ch\u1ee9ng ch\u1ec9 CE, SGS v\u00e0 RoHS theo y\u00eau c\u1ea7u.<\/p>\n<p>M\u00e0u s\u1eafc\/m\u00e0u s\u1eafc: Cam (c\u00f3 th\u1ec3 t\u00f9y ch\u1ec9nh)<br \/>\nNhi\u1ec7t \u0111\u1ed9 ho\u1ea1t \u0111\u1ed9ng \/ nhi\u1ec7t \u0111\u1ed9 m\u00f4i tr\u01b0\u1eddng xung quanh: 40oC ~ 140oC<br \/>\nKi\u1ec3m tra t\u00ednh d\u1ec5 ch\u00e1y \/ t\u1ef1 \u0111\u1ed9ng: V0 c\u00f3 th\u1ec3 \u0111\u01b0\u1ee3c t\u00f9y ch\u1ec9nh<br \/>\nT\u1ea5t c\u1ea3 c\u00e1c k\u00edch th\u01b0\u1edbc \u0111\u01b0\u1ee3c t\u00ednh b\u1eb1ng mm<br \/>\nVui l\u00f2ng cung c\u1ea5p k\u00edch th\u01b0\u1edbc s\u1ea3n ph\u1ea9m, k\u00edch th\u01b0\u1edbc l\u1ed7 v\u00edt v\u00e0 th\u00f4ng s\u1ed1 k\u1ef9 thu\u1eadt. Ch\u1ea5p nh\u1eadn OEM.<\/p>\n\n\t\t<\/div>\n\t<\/div>\n<\/div><\/div><div class=\"vc_tta-panel\" id=\"1635749828230-fa51b168-7322\" data-vc-content=\".vc_tta-panel-body\"><div class=\"vc_tta-panel-heading\"><h4 class=\"vc_tta-panel-title\"><a href=\"#1635749828230-fa51b168-7322\" data-vc-accordion data-vc-container=\".vc_tta-container\"><span class=\"vc_tta-title-text\">B\u1ea3ng th\u00f4ng s\u1ed1 k\u1ef9 thu\u1eadt<\/span><\/a><\/h4><\/div><div class=\"vc_tta-panel-body\"><div class=\"wpb_gallery wpb_content_element vc_clearfix wpb_content_element\" ><div class=\"wpb_wrapper\"><div class=\"wpb_gallery_slides wpb_image_grid\" data-interval=\"3\"><ul class=\"wpb_image_grid_ul\"><li class=\"isotope-item\"><a class=\"\" href=\"https:\/\/www.cnhaitan.net\/wp-content\/uploads\/2021\/12\/el2-1024x923.jpg\" data-lightbox=\"lightbox[rel-1058-2153723461]\"><img loading=\"lazy\" decoding=\"async\" width=\"300\" height=\"271\" src=\"https:\/\/www.cnhaitan.net\/wp-content\/uploads\/2021\/12\/el2-300x271.jpg\" class=\"attachment-medium\" alt=\"B\u1ed9 c\u00e1ch \u0111i\u1ec7n thanh c\u00e1i d\u00f2ng EL \u0111i\u1ec7n \u00e1p th\u1ea5p\" title=\"B\u1ed9 c\u00e1ch \u0111i\u1ec7n thanh c\u00e1i d\u00f2ng EL \u0111i\u1ec7n \u00e1p th\u1ea5p\" srcset=\"https:\/\/www.cnhaitan.net\/wp-content\/uploads\/2021\/12\/el2-300x271.jpg 300w, https:\/\/www.cnhaitan.net\/wp-content\/uploads\/2021\/12\/el2-1024x923.jpg 1024w, https:\/\/www.cnhaitan.net\/wp-content\/uploads\/2021\/12\/el2-768x693.jpg 768w, https:\/\/www.cnhaitan.net\/wp-content\/uploads\/2021\/12\/el2.jpg 1435w\" sizes=\"auto, (max-width: 300px) 100vw, 300px\" style=\"width:100%;height:90.17%;max-width:1435px;\" \/><\/a><\/li><li class=\"isotope-item\"><a class=\"\" href=\"https:\/\/www.cnhaitan.net\/wp-content\/uploads\/2021\/12\/el1-754x1024.jpg\" data-lightbox=\"lightbox[rel-1058-2153723461]\"><img loading=\"lazy\" decoding=\"async\" width=\"221\" height=\"300\" src=\"https:\/\/www.cnhaitan.net\/wp-content\/uploads\/2021\/12\/el1-221x300.jpg\" class=\"attachment-medium\" alt=\"EL Series Thanh c\u00e1i c\u00e1ch \u0111i\u1ec7n \u0111i\u1ec7n \u00e1p th\u1ea5p SMC BMC\" title=\"EL Series Thanh c\u00e1i c\u00e1ch \u0111i\u1ec7n \u0111i\u1ec7n \u00e1p th\u1ea5p SMC BMC\" srcset=\"https:\/\/www.cnhaitan.net\/wp-content\/uploads\/2021\/12\/el1-221x300.jpg 221w, https:\/\/www.cnhaitan.net\/wp-content\/uploads\/2021\/12\/el1-754x1024.jpg 754w, https:\/\/www.cnhaitan.net\/wp-content\/uploads\/2021\/12\/el1-768x1044.jpg 768w, https:\/\/www.cnhaitan.net\/wp-content\/uploads\/2021\/12\/el1-1130x1536.jpg 1130w, https:\/\/www.cnhaitan.net\/wp-content\/uploads\/2021\/12\/el1.jpg 1413w\" sizes=\"auto, (max-width: 221px) 100vw, 221px\" style=\"width:100%;height:135.88%;max-width:1413px;\" \/><\/a><\/li><\/ul><\/div><\/div><\/div><\/div><\/div><\/div><\/div><\/div><\/div><\/div><\/div><\/div><\/div>\n<\/div>","protected":false},"excerpt":{"rendered":"<p>K\u1eb9p thanh c\u00e1i lo\u1ea1i El l\u00e0m b\u1eb1ng BMC \/ SMC \u0111\u01b0\u1ee3c s\u1eed d\u1ee5ng \u0111\u1ec3 h\u1ed7 tr\u1ee3 h\u1ec7 th\u1ed1ng m\u1ea1ch v\u00e0 h\u1ed7 tr\u1ee3 c\u00e1c xe bu\u00fdt m\u1ed9t pha, ba pha v\u00e0 b\u1ed1n pha. \u0110\u1ed9 d\u00e0y c\u1ee7a bus l\u00e0 0mm-15mm, \u0111\u01b0\u1ee3c s\u1eed d\u1ee5ng cho \u0111\u01b0\u1eddng d\u00e2y ph\u00e2n ph\u1ed1i \u0111i\u1ec7n \u00e1p th\u1ea5p v\u00e0 \u0111\u01b0\u1eddng d\u00e2y th\u00f4ng tin li\u00ean l\u1ea1c. N\u00f3 \u0111\u01b0\u1ee3c s\u1eed d\u1ee5ng r\u1ed9ng r\u00e3i trong c\u00e1c \u1ee9ng d\u1ee5ng \u0111i\u1ec7n nh\u01b0 h\u1ed9p ph\u00e2n ph\u1ed1i, thi\u1ebft b\u1ecb \u0111\u00f3ng c\u1eaft, bi\u1ebfn t\u1ea7n v\u00e0 ngu\u1ed3n \u0111i\u1ec7n xanh.<br \/>\nCh\u1ea5t c\u00e1ch \u0111i\u1ec7n c\u00f3 th\u1ec3 \u0111\u00e1p \u1ee9ng c\u00e1c ch\u1ee9ng ch\u1ec9 CE, SGS v\u00e0 RoHS theo y\u00eau c\u1ea7u.<\/p>","protected":false},"author":1,"featured_media":1059,"menu_order":0,"comment_status":"open","ping_status":"open","template":"","format":"standard","meta":{"footnotes":""},"tags":[],"product_category":[43],"class_list":["post-1058","product","type-product","status-publish","format-standard","has-post-thumbnail","hentry","product_category-el-insulator","entry"],"acf":[],"_links":{"self":[{"href":"https:\/\/www.cnhaitan.net\/vi\/wp-json\/wp\/v2\/product\/1058","targetHints":{"allow":["GET"]}}],"collection":[{"href":"https:\/\/www.cnhaitan.net\/vi\/wp-json\/wp\/v2\/product"}],"about":[{"href":"https:\/\/www.cnhaitan.net\/vi\/wp-json\/wp\/v2\/types\/product"}],"author":[{"embeddable":true,"href":"https:\/\/www.cnhaitan.net\/vi\/wp-json\/wp\/v2\/users\/1"}],"replies":[{"embeddable":true,"href":"https:\/\/www.cnhaitan.net\/vi\/wp-json\/wp\/v2\/comments?post=1058"}],"version-history":[{"count":1,"href":"https:\/\/www.cnhaitan.net\/vi\/wp-json\/wp\/v2\/product\/1058\/revisions"}],"predecessor-version":[{"id":2120,"href":"https:\/\/www.cnhaitan.net\/vi\/wp-json\/wp\/v2\/product\/1058\/revisions\/2120"}],"wp:featuredmedia":[{"embeddable":true,"href":"https:\/\/www.cnhaitan.net\/vi\/wp-json\/wp\/v2\/media\/1059"}],"wp:attachment":[{"href":"https:\/\/www.cnhaitan.net\/vi\/wp-json\/wp\/v2\/media?parent=1058"}],"wp:term":[{"taxonomy":"post_tag","embeddable":true,"href":"https:\/\/www.cnhaitan.net\/vi\/wp-json\/wp\/v2\/tags?post=1058"},{"taxonomy":"product_category","embeddable":true,"href":"https:\/\/www.cnhaitan.net\/vi\/wp-json\/wp\/v2\/product_category?post=1058"}],"curies":[{"name":"wp","href":"https:\/\/api.w.org\/{rel}","templated":true}]}}