{"id":1069,"date":"2021-12-14T13:33:21","date_gmt":"2021-12-14T05:33:21","guid":{"rendered":"https:\/\/www.cnhaitan.net\/?post_type=product&#038;p=1069"},"modified":"2025-05-22T14:34:50","modified_gmt":"2025-05-22T06:34:50","slug":"bmc-smc-sb-loat-thanh-cai-cach-dien","status":"publish","type":"product","link":"https:\/\/www.cnhaitan.net\/vi\/bmc-smc-sb-loat-thanh-cai-cach-dien","title":{"rendered":"B\u1ed9 c\u00e1ch \u0111i\u1ec7n thanh c\u00e1i d\u00f2ng BMC SMC SB"},"content":{"rendered":"<div class=\"wpb-content-wrapper\"><div class=\"vc_row wpb_row vc_row-fluid\"><div class=\"wpb_column vc_column_container vc_col-sm-12\"><div class=\"vc_column-inner\"><div class=\"wpb_wrapper\"><div class=\"vc_tta-container\" data-vc-action=\"collapse\"><div class=\"vc_general vc_tta vc_tta-tabs vc_tta-color-grey vc_tta-style-classic vc_tta-shape-rounded vc_tta-spacing-1 vc_tta-tabs-position-top vc_tta-controls-align-left\"><div class=\"vc_tta-tabs-container\"><ul class=\"vc_tta-tabs-list\"><li class=\"vc_tta-tab vc_active\" data-vc-tab><a href=\"#1635749828226-6496a746-3536\" data-vc-tabs data-vc-container=\".vc_tta\"><span class=\"vc_tta-title-text\">S\u1ef1 mi\u00eau t\u1ea3<\/span><\/a><\/li><li class=\"vc_tta-tab\" data-vc-tab><a href=\"#1635749828230-fa51b168-7322\" data-vc-tabs data-vc-container=\".vc_tta\"><span class=\"vc_tta-title-text\">B\u1ea3ng th\u00f4ng s\u1ed1 k\u1ef9 thu\u1eadt<\/span><\/a><\/li><\/ul><\/div><div class=\"vc_tta-panels-container\"><div class=\"vc_tta-panels\"><div class=\"vc_tta-panel vc_active\" id=\"1635749828226-6496a746-3536\" data-vc-content=\".vc_tta-panel-body\"><div class=\"vc_tta-panel-heading\"><h4 class=\"vc_tta-panel-title\"><a href=\"#1635749828226-6496a746-3536\" data-vc-accordion data-vc-container=\".vc_tta-container\"><span class=\"vc_tta-title-text\">S\u1ef1 mi\u00eau t\u1ea3<\/span><\/a><\/h4><\/div><div class=\"vc_tta-panel-body\">\n\t<div class=\"wpb_text_column wpb_content_element\" >\n\t\t<div class=\"wpb_wrapper\">\n\t\t\t<p>Ch\u1ea5t c\u00e1ch \u0111i\u1ec7n Sb \u0111\u01b0\u1ee3c l\u00e0m b\u1eb1ng BMC\/SMC v\u00e0 \u0111\u01b0\u1ee3c s\u1eed d\u1ee5ng \u0111\u1ec3 h\u1ed7 tr\u1ee3 h\u1ec7 th\u1ed1ng m\u1ea1ch \u0111i\u1ec7n. N\u00f3 l\u00e0 m\u1ed9t ch\u1ea5t c\u00e1ch \u0111i\u1ec7n b\u1ea3o v\u1ec7 m\u00f4i tr\u01b0\u1eddng c\u01b0\u1eddng \u0111\u1ed9 cao. L\u00e0 d\u00f2ng s\u1ea3n ph\u1ea9m m\u1edbi \u0111\u01b0\u1ee3c n\u00e2ng c\u1ea5p v\u1ec1 \u1eafc quy xe n\u0103ng l\u01b0\u1ee3ng m\u1edbi, t\u1ee7 li\u00ean l\u1ea1c 5g v\u00e0 c\u1ecdc s\u1ea1c. N\u00f3 c\u00f3 c\u01b0\u1eddng \u0111\u1ed9 cao h\u01a1n v\u00e0 kh\u1ed1i l\u01b0\u1ee3ng nh\u1ecf h\u01a1n, \u0111\u1ec3 \u0111\u00e1p \u1ee9ng y\u00eau c\u1ea7u s\u1eed d\u1ee5ng cao h\u01a1n v\u00e0 cung c\u1ea5p c\u00e1c gi\u1ea3i ph\u00e1p \u0111\u00e1ng tin c\u1eady h\u01a1n. T\u1ee7 th\u00f4ng th\u01b0\u1eddng c\u0169ng c\u00f3 th\u1ec3 \u0111\u01b0\u1ee3c s\u1eed d\u1ee5ng, v\u1edbi nhi\u1ec1u \u1ee9ng d\u1ee5ng v\u00e0 c\u00f3 th\u1ec3 t\u01b0\u01a1ng th\u00edch l\u00ean xu\u1ed1ng. N\u00f3 \u0111\u01b0\u1ee3c s\u1eed d\u1ee5ng r\u1ed9ng r\u00e3i trongc\u00e1c \u1ee9ng d\u1ee5ng \u0111i\u1ec7n nh\u01b0 h\u1ed9p ph\u00e2n ph\u1ed1i, thi\u1ebft b\u1ecb \u0111\u00f3ng c\u1eaft, bi\u1ebfn t\u1ea7n v\u00e0 ngu\u1ed3n \u0111i\u1ec7n xanh.<br \/>\nCh\u1ea5t c\u00e1ch \u0111i\u1ec7n c\u00f3 th\u1ec3 \u0111\u00e1p \u1ee9ng c\u00e1c ch\u1ee9ng ch\u1ec9 CE, SGS v\u00e0 RoHS theo y\u00eau c\u1ea7u.<br \/>\nCh\u1ea5t li\u1ec7u\/v\u1eadt li\u1ec7u: BMC\/SMC<br \/>\nM\u00e0u s\u1eafc\/m\u00e0u s\u1eafc: \u0111\u1ecf (c\u00f3 th\u1ec3 t\u00f9y ch\u1ec9nh)<br \/>\nNhi\u1ec7t \u0111\u1ed9 ho\u1ea1t \u0111\u1ed9ng \/ nhi\u1ec7t \u0111\u1ed9 m\u00f4i tr\u01b0\u1eddng xung quanh: 40oC ~ 140oC<br \/>\nT\u00ednh d\u1ec5 ch\u00e1y\/ki\u1ec3m tra t\u1ef1 \u0111\u1ed9ng a: v0<br \/>\nT\u1ea5t c\u1ea3 c\u00e1c k\u00edch th\u01b0\u1edbc \u0111\u01b0\u1ee3c t\u00ednh b\u1eb1ng mm<br \/>\nVui l\u00f2ng cung c\u1ea5p k\u00edch th\u01b0\u1edbc s\u1ea3n ph\u1ea9m, k\u00edch th\u01b0\u1edbc l\u1ed7 v\u00edt v\u00e0 th\u00f4ng s\u1ed1 k\u1ef9 thu\u1eadt. Ch\u1ea5p nh\u1eadn OEM.<\/p>\n\n\t\t<\/div>\n\t<\/div>\n<\/div><\/div><div class=\"vc_tta-panel\" id=\"1635749828230-fa51b168-7322\" data-vc-content=\".vc_tta-panel-body\"><div class=\"vc_tta-panel-heading\"><h4 class=\"vc_tta-panel-title\"><a href=\"#1635749828230-fa51b168-7322\" data-vc-accordion data-vc-container=\".vc_tta-container\"><span class=\"vc_tta-title-text\">B\u1ea3ng th\u00f4ng s\u1ed1 k\u1ef9 thu\u1eadt<\/span><\/a><\/h4><\/div><div class=\"vc_tta-panel-body\">\n\t<div class=\"wpb_text_column wpb_content_element\" >\n\t\t<div class=\"wpb_wrapper\">\n\t\t\t<table>\n<tbody>\n<tr>\n<td width=\"83\">\u578b\u53f7Lo\u1ea1i<\/td>\n<td width=\"126\">\u76f4\u5f84(0) \u0110\u01b0\u1eddng k\u00ednh<\/td>\n<td width=\"229\">\u9ad8\u5ea6(H) Chi\u1ec1u cao<\/td>\n<td width=\"219\">\u87ba\u7eb9(M) Ren(mm)<\/td>\n<\/tr>\n<tr>\n<td width=\"83\">SB(JYZ)14<\/td>\n<td width=\"126\">14<\/td>\n<td width=\"229\">14,16,20<\/td>\n<td width=\"219\">M6<\/td>\n<\/tr>\n<tr>\n<td width=\"83\">SB(JYZ)20<\/td>\n<td width=\"126\">20<\/td>\n<td width=\"229\">20,25,30,35,40,45,50,55,60,65,70<\/td>\n<td width=\"219\">M6,M8<\/td>\n<\/tr>\n<tr>\n<td width=\"83\">SB(JYZ)30<\/td>\n<td width=\"126\">30<\/td>\n<td width=\"229\">30,35,40,45,50,60,65<\/td>\n<td width=\"219\">M6,M8<\/td>\n<\/tr>\n<tr>\n<td width=\"83\">SB(JYZ)40<\/td>\n<td width=\"126\">40<\/td>\n<td width=\"229\">30,40,50,60<\/td>\n<td width=\"219\">M8,M10<\/td>\n<\/tr>\n<tr>\n<td width=\"83\">SB(JYZ)50<\/td>\n<td width=\"126\">50<\/td>\n<td width=\"229\">50,60,80<\/td>\n<td width=\"219\">M8,M10<\/td>\n<\/tr>\n<tr>\n<td width=\"83\">SB(JYZ)60<\/td>\n<td width=\"126\">60<\/td>\n<td width=\"229\">40,50,60,80<\/td>\n<td width=\"219\">M10.M12<\/td>\n<\/tr>\n<\/tbody>\n<\/table>\n\n\t\t<\/div>\n\t<\/div>\n<\/div><\/div><\/div><\/div><\/div><\/div><\/div><\/div><\/div><\/div>\n<\/div>","protected":false},"excerpt":{"rendered":"<p>Ch\u1ea5t c\u00e1ch \u0111i\u1ec7n Sb Series \u0111\u01b0\u1ee3c l\u00e0m b\u1eb1ng BMC\/SMC v\u00e0 \u0111\u01b0\u1ee3c s\u1eed d\u1ee5ng \u0111\u1ec3 h\u1ed7 tr\u1ee3 h\u1ec7 th\u1ed1ng m\u1ea1ch \u0111i\u1ec7n. N\u00f3 l\u00e0 m\u1ed9t ch\u1ea5t c\u00e1ch \u0111i\u1ec7n b\u1ea3o v\u1ec7 m\u00f4i tr\u01b0\u1eddng c\u01b0\u1eddng \u0111\u1ed9 cao. L\u00e0 d\u00f2ng s\u1ea3n ph\u1ea9m m\u1edbi \u0111\u01b0\u1ee3c n\u00e2ng c\u1ea5p v\u1ec1 \u1eafc quy xe n\u0103ng l\u01b0\u1ee3ng m\u1edbi, t\u1ee7 li\u00ean l\u1ea1c 5g v\u00e0 c\u1ecdc s\u1ea1c. N\u00f3 c\u00f3 c\u01b0\u1eddng \u0111\u1ed9 cao h\u01a1n v\u00e0 kh\u1ed1i l\u01b0\u1ee3ng nh\u1ecf h\u01a1n, \u0111\u1ec3 \u0111\u00e1p \u1ee9ng y\u00eau c\u1ea7u s\u1eed d\u1ee5ng cao h\u01a1n v\u00e0 cung c\u1ea5p c\u00e1c gi\u1ea3i ph\u00e1p \u0111\u00e1ng tin c\u1eady h\u01a1n. T\u1ee7 th\u00f4ng th\u01b0\u1eddng c\u0169ng c\u00f3 th\u1ec3 \u0111\u01b0\u1ee3c s\u1eed d\u1ee5ng, v\u1edbi nhi\u1ec1u \u1ee9ng d\u1ee5ng v\u00e0 c\u00f3 th\u1ec3 t\u01b0\u01a1ng th\u00edch l\u00ean xu\u1ed1ng. N\u00f3 r\u1ed9ng r\u00e3i\u0111\u01b0\u1ee3c s\u1eed d\u1ee5ng trong c\u00e1c \u1ee9ng d\u1ee5ng \u0111i\u1ec7n nh\u01b0 h\u1ed9p ph\u00e2n ph\u1ed1i, thi\u1ebft b\u1ecb \u0111\u00f3ng c\u1eaft, bi\u1ebfn t\u1ea7n v\u00e0 ngu\u1ed3n \u0111i\u1ec7n xanh.<\/p>","protected":false},"author":1,"featured_media":1070,"menu_order":0,"comment_status":"open","ping_status":"open","template":"","format":"standard","meta":{"footnotes":""},"tags":[],"product_category":[6],"class_list":["post-1069","product","type-product","status-publish","format-standard","has-post-thumbnail","hentry","product_category-sb-insulator","entry"],"acf":[],"_links":{"self":[{"href":"https:\/\/www.cnhaitan.net\/vi\/wp-json\/wp\/v2\/product\/1069","targetHints":{"allow":["GET"]}}],"collection":[{"href":"https:\/\/www.cnhaitan.net\/vi\/wp-json\/wp\/v2\/product"}],"about":[{"href":"https:\/\/www.cnhaitan.net\/vi\/wp-json\/wp\/v2\/types\/product"}],"author":[{"embeddable":true,"href":"https:\/\/www.cnhaitan.net\/vi\/wp-json\/wp\/v2\/users\/1"}],"replies":[{"embeddable":true,"href":"https:\/\/www.cnhaitan.net\/vi\/wp-json\/wp\/v2\/comments?post=1069"}],"version-history":[{"count":3,"href":"https:\/\/www.cnhaitan.net\/vi\/wp-json\/wp\/v2\/product\/1069\/revisions"}],"predecessor-version":[{"id":2601,"href":"https:\/\/www.cnhaitan.net\/vi\/wp-json\/wp\/v2\/product\/1069\/revisions\/2601"}],"wp:featuredmedia":[{"embeddable":true,"href":"https:\/\/www.cnhaitan.net\/vi\/wp-json\/wp\/v2\/media\/1070"}],"wp:attachment":[{"href":"https:\/\/www.cnhaitan.net\/vi\/wp-json\/wp\/v2\/media?parent=1069"}],"wp:term":[{"taxonomy":"post_tag","embeddable":true,"href":"https:\/\/www.cnhaitan.net\/vi\/wp-json\/wp\/v2\/tags?post=1069"},{"taxonomy":"product_category","embeddable":true,"href":"https:\/\/www.cnhaitan.net\/vi\/wp-json\/wp\/v2\/product_category?post=1069"}],"curies":[{"name":"wp","href":"https:\/\/api.w.org\/{rel}","templated":true}]}}