{"id":1081,"date":"2021-12-14T13:45:39","date_gmt":"2021-12-14T05:45:39","guid":{"rendered":"https:\/\/www.cnhaitan.net\/?post_type=product&#038;p=1081"},"modified":"2024-06-26T15:20:45","modified_gmt":"2024-06-26T07:20:45","slug":"mot-loat-ho-tro-cach-dien-thanh-cai-bmc-smc","status":"publish","type":"product","link":"https:\/\/www.cnhaitan.net\/vi\/mot-loat-ho-tro-cach-dien-thanh-cai-bmc-smc","title":{"rendered":"H\u1ed7 tr\u1ee3 c\u00e1ch \u0111i\u1ec7n thanh c\u00e1i BMC SMC d\u00f2ng A"},"content":{"rendered":"<div class=\"wpb-content-wrapper\"><div class=\"vc_row wpb_row vc_row-fluid\"><div class=\"wpb_column vc_column_container vc_col-sm-12\"><div class=\"vc_column-inner\"><div class=\"wpb_wrapper\"><div class=\"vc_tta-container\" data-vc-action=\"collapse\"><div class=\"vc_general vc_tta vc_tta-tabs vc_tta-color-grey vc_tta-style-classic vc_tta-shape-rounded vc_tta-spacing-1 vc_tta-tabs-position-top vc_tta-controls-align-left\"><div class=\"vc_tta-tabs-container\"><ul class=\"vc_tta-tabs-list\"><li class=\"vc_tta-tab vc_active\" data-vc-tab><a href=\"#1635749828226-6496a746-3536\" data-vc-tabs data-vc-container=\".vc_tta\"><span class=\"vc_tta-title-text\">S\u1ef1 mi\u00eau t\u1ea3<\/span><\/a><\/li><li class=\"vc_tta-tab\" data-vc-tab><a href=\"#1635749828230-fa51b168-7322\" data-vc-tabs data-vc-container=\".vc_tta\"><span class=\"vc_tta-title-text\">B\u1ea3ng th\u00f4ng s\u1ed1 k\u1ef9 thu\u1eadt<\/span><\/a><\/li><\/ul><\/div><div class=\"vc_tta-panels-container\"><div class=\"vc_tta-panels\"><div class=\"vc_tta-panel vc_active\" id=\"1635749828226-6496a746-3536\" data-vc-content=\".vc_tta-panel-body\"><div class=\"vc_tta-panel-heading\"><h4 class=\"vc_tta-panel-title\"><a href=\"#1635749828226-6496a746-3536\" data-vc-accordion data-vc-container=\".vc_tta-container\"><span class=\"vc_tta-title-text\">S\u1ef1 mi\u00eau t\u1ea3<\/span><\/a><\/h4><\/div><div class=\"vc_tta-panel-body\">\n\t<div class=\"wpb_text_column wpb_content_element\" >\n\t\t<div class=\"wpb_wrapper\">\n\t\t\t<p>M\u1ed9t\u00a0b\u1ed9 c\u00e1ch \u0111i\u1ec7n\u00a0khung thanh c\u00e1i h\u1ed7 tr\u1ee3 xe bu\u00fdt\u00a0\u0111\u01b0\u1ee3c l\u00e0m b\u1eb1ng BMC \/ SMC, \u0111\u01b0\u1ee3c d\u00f9ng \u0111\u1ec3 h\u1ed7 tr\u1ee3 h\u1ec7 th\u1ed1ng m\u1ea1ch xe bu\u00fdt trong c\u00f9ng m\u1ed9t thi\u1ebft b\u1ecb v\u00e0 \u0111\u1ec3 h\u1ed7 tr\u1ee3 c\u00e1c xe bu\u00fdt m\u1ed9t pha, ba pha, b\u1ed1n pha. N\u00f3 \u0111\u01b0\u1ee3c s\u1eed d\u1ee5ng cho \u0111\u01b0\u1eddng d\u00e2y ph\u00e2n ph\u1ed1i \u0111i\u1ec7n \u00e1p th\u1ea5p v\u00e0 \u0111\u01b0\u1eddng d\u00e2y th\u00f4ng tin li\u00ean l\u1ea1c, v\u00e0 \u0111\u01b0\u1ee3c s\u1eed d\u1ee5ng r\u1ed9ng r\u00e3i trong c\u00e1c \u1ee9ng d\u1ee5ng \u0111i\u1ec7n nh\u01b0 h\u1ed9p ph\u00e2n ph\u1ed1i, thi\u1ebft b\u1ecb \u0111\u00f3ng c\u1eaft, bi\u1ebfn t\u1ea7n v\u00e0 ngu\u1ed3n \u0111i\u1ec7n xanh.<\/p>\n<p>Ch\u1ea5t li\u1ec7u\/v\u1eadt li\u1ec7u: BMC\/SMC<br \/>\nM\u00e0u s\u1eafc\/m\u00e0u s\u1eafc: Cam (c\u00f3 th\u1ec3 t\u00f9y ch\u1ec9nh)<br \/>\nNhi\u1ec7t \u0111\u1ed9 ho\u1ea1t \u0111\u1ed9ng \/ nhi\u1ec7t \u0111\u1ed9 m\u00f4i tr\u01b0\u1eddng xung quanh: 40oC ~ 140oC<br \/>\nKi\u1ec3m tra t\u00ednh d\u1ec5 ch\u00e1y \/ t\u1ef1 \u0111\u1ed9ng: V0 c\u00f3 th\u1ec3 \u0111\u01b0\u1ee3c t\u00f9y ch\u1ec9nh<br \/>\nT\u1ea5t c\u1ea3 c\u00e1c k\u00edch th\u01b0\u1edbc \u0111\u01b0\u1ee3c t\u00ednh b\u1eb1ng mm<br \/>\nVui l\u00f2ng cung c\u1ea5p k\u00edch th\u01b0\u1edbc s\u1ea3n ph\u1ea9m, k\u00edch th\u01b0\u1edbc l\u1ed7 v\u00edt v\u00e0 th\u00f4ng s\u1ed1 k\u1ef9 thu\u1eadt. Ch\u1ea5p nh\u1eadn OEM.<\/p>\n\n\t\t<\/div>\n\t<\/div>\n<\/div><\/div><div class=\"vc_tta-panel\" id=\"1635749828230-fa51b168-7322\" data-vc-content=\".vc_tta-panel-body\"><div class=\"vc_tta-panel-heading\"><h4 class=\"vc_tta-panel-title\"><a href=\"#1635749828230-fa51b168-7322\" data-vc-accordion data-vc-container=\".vc_tta-container\"><span class=\"vc_tta-title-text\">B\u1ea3ng th\u00f4ng s\u1ed1 k\u1ef9 thu\u1eadt<\/span><\/a><\/h4><\/div><div class=\"vc_tta-panel-body\"><div class=\"wpb_gallery wpb_content_element vc_clearfix wpb_content_element\" ><div class=\"wpb_wrapper\"><div class=\"wpb_gallery_slides wpb_image_grid\" data-interval=\"3\"><ul class=\"wpb_image_grid_ul\"><li class=\"isotope-item\"><a class=\"\" href=\"https:\/\/www.cnhaitan.net\/wp-content\/uploads\/2021\/12\/5-1024x659.png\" data-lightbox=\"lightbox[rel-1081-1475946252]\"><img loading=\"lazy\" decoding=\"async\" width=\"300\" height=\"193\" src=\"https:\/\/www.cnhaitan.net\/wp-content\/uploads\/2021\/12\/5-300x193.png\" class=\"attachment-medium\" alt=\"H\u1ed7 tr\u1ee3 c\u00e1ch \u0111i\u1ec7n thanh c\u00e1i BMC SMC d\u00f2ng A\" title=\"H\u1ed7 tr\u1ee3 c\u00e1ch \u0111i\u1ec7n thanh c\u00e1i BMC SMC d\u00f2ng A\" srcset=\"https:\/\/www.cnhaitan.net\/wp-content\/uploads\/2021\/12\/5-300x193.png 300w, https:\/\/www.cnhaitan.net\/wp-content\/uploads\/2021\/12\/5-1024x659.png 1024w, https:\/\/www.cnhaitan.net\/wp-content\/uploads\/2021\/12\/5-768x494.png 768w, https:\/\/www.cnhaitan.net\/wp-content\/uploads\/2021\/12\/5.png 1151w\" sizes=\"auto, (max-width: 300px) 100vw, 300px\" style=\"width:100%;height:64.38%;max-width:1151px;\" \/><\/a><\/li><li class=\"isotope-item\"><a class=\"\" href=\"https:\/\/www.cnhaitan.net\/wp-content\/uploads\/2021\/12\/A-busbar-clamp4.png\" data-lightbox=\"lightbox[rel-1081-1475946252]\"><img loading=\"lazy\" decoding=\"async\" width=\"300\" height=\"233\" src=\"https:\/\/www.cnhaitan.net\/wp-content\/uploads\/2021\/12\/A-busbar-clamp4-300x233.png\" class=\"attachment-medium\" alt=\"K\u1eb9p thanh c\u00e1i d\u00f2ng A H\u1ed7 tr\u1ee3 thanh c\u00e1i\" title=\"K\u1eb9p thanh c\u00e1i d\u00f2ng A H\u1ed7 tr\u1ee3 thanh c\u00e1i\" srcset=\"https:\/\/www.cnhaitan.net\/wp-content\/uploads\/2021\/12\/A-busbar-clamp4-300x233.png 300w, https:\/\/www.cnhaitan.net\/wp-content\/uploads\/2021\/12\/A-busbar-clamp4-768x597.png 768w, https:\/\/www.cnhaitan.net\/wp-content\/uploads\/2021\/12\/A-busbar-clamp4.png 979w\" sizes=\"auto, (max-width: 300px) 100vw, 300px\" style=\"width:100%;height:77.73%;max-width:979px;\" \/><\/a><\/li><\/ul><\/div><\/div><\/div>\n\t<div class=\"wpb_text_column wpb_content_element\" >\n\t\t<div class=\"wpb_wrapper\">\n\t\t\t<table>\n<tbody>\n<tr>\n<td width=\"110\">Th\u00f4ng s\u1ed1 k\u1ef9 thu\u1eadt<\/td>\n<td width=\"50\">H<\/td>\n<td width=\"120\">Th\u00f4ng s\u1ed1 k\u1ef9 thu\u1eadt<\/td>\n<td width=\"57\">H<\/td>\n<td width=\"120\">Th\u00f4ng s\u1ed1 k\u1ef9 thu\u1eadt<\/td>\n<td width=\"57\">H<\/td>\n<td width=\"121\">Th\u00f4ng s\u1ed1 k\u1ef9 thu\u1eadt<\/td>\n<td width=\"39\">H<\/td>\n<\/tr>\n<tr>\n<td width=\"110\">4&#215;40<\/td>\n<td width=\"50\">90<\/td>\n<td width=\"120\">6&#215;60<\/td>\n<td width=\"57\">110<\/td>\n<td width=\"120\">10&#215;100<\/td>\n<td width=\"57\">150<\/td>\n<td width=\"121\">10&#215;125<\/td>\n<td width=\"39\">175<\/td>\n<\/tr>\n<tr>\n<td width=\"110\">\u25a1 x40<\/td>\n<td width=\"50\">90<\/td>\n<td width=\"120\">\u25a1 x60<\/td>\n<td width=\"57\">110<\/td>\n<td width=\"120\">\u25a1 x 100<\/td>\n<td width=\"57\">150<\/td>\n<td width=\"121\">\u25a1 x125<\/td>\n<td width=\"39\">175<\/td>\n<\/tr>\n<tr>\n<td width=\"110\">5&#215;50<\/td>\n<td width=\"50\">100<\/td>\n<td width=\"120\">8&#215;80<\/td>\n<td width=\"57\">130<\/td>\n<td width=\"120\">10&#215;120<\/td>\n<td width=\"57\">170<\/td>\n<td width=\"121\"><\/td>\n<td width=\"39\"><\/td>\n<\/tr>\n<tr>\n<td width=\"110\">\u25a1 x50<\/td>\n<td width=\"50\">100<\/td>\n<td width=\"120\">\u25a1 x80<\/td>\n<td width=\"57\">130<\/td>\n<td width=\"120\">\u25a1 x 120<\/td>\n<td width=\"57\">170<\/td>\n<td width=\"121\"><\/td>\n<td width=\"39\"><\/td>\n<\/tr>\n<tr>\n<td colspan=\"8\" width=\"677\">\u1ed0ng s\u01b0\u1edfi, chi\u1ec1u cao v\u00e0 chi\u1ec1u r\u1ed9ng 3mm, lb c\u1ea7n l\u01b0u \u00fd.<\/td>\n<\/tr>\n<\/tbody>\n<\/table>\n\n\t\t<\/div>\n\t<\/div>\n<\/div><\/div><\/div><\/div><\/div><\/div><\/div><\/div><\/div><\/div>\n<\/div>","protected":false},"excerpt":{"rendered":"<p>B\u1ed9 c\u00e1ch \u0111i\u1ec7n khung thanh c\u00e1i h\u1ed7 tr\u1ee3 xe bu\u00fdt \u0111\u01b0\u1ee3c l\u00e0m b\u1eb1ng BMC \/ SMC, \u0111\u01b0\u1ee3c s\u1eed d\u1ee5ng \u0111\u1ec3 h\u1ed7 tr\u1ee3 h\u1ec7 th\u1ed1ng m\u1ea1ch xe bu\u00fdt trong c\u00f9ng m\u1ed9t thi\u1ebft b\u1ecb v\u00e0 \u0111\u1ec3 h\u1ed7 tr\u1ee3 c\u00e1c xe bu\u00fdt m\u1ed9t pha, ba pha, b\u1ed1n pha. N\u00f3 \u0111\u01b0\u1ee3c s\u1eed d\u1ee5ng cho \u0111\u01b0\u1eddng d\u00e2y ph\u00e2n ph\u1ed1i \u0111i\u1ec7n \u00e1p th\u1ea5p v\u00e0 \u0111\u01b0\u1eddng d\u00e2y th\u00f4ng tin li\u00ean l\u1ea1c, v\u00e0 \u0111\u01b0\u1ee3c s\u1eed d\u1ee5ng r\u1ed9ng r\u00e3i trong c\u00e1c \u1ee9ng d\u1ee5ng \u0111i\u1ec7n nh\u01b0 h\u1ed9p ph\u00e2n ph\u1ed1i, thi\u1ebft b\u1ecb \u0111\u00f3ng c\u1eaft, bi\u1ebfn t\u1ea7n v\u00e0 ngu\u1ed3n \u0111i\u1ec7n xanh.<\/p>","protected":false},"author":1,"featured_media":1082,"menu_order":0,"comment_status":"open","ping_status":"open","template":"","format":"standard","meta":{"footnotes":""},"tags":[],"product_category":[18,16],"class_list":["post-1081","product","type-product","status-publish","format-standard","has-post-thumbnail","hentry","product_category-a-series-busbar-support","product_category-busbar-support","entry"],"acf":[],"_links":{"self":[{"href":"https:\/\/www.cnhaitan.net\/vi\/wp-json\/wp\/v2\/product\/1081","targetHints":{"allow":["GET"]}}],"collection":[{"href":"https:\/\/www.cnhaitan.net\/vi\/wp-json\/wp\/v2\/product"}],"about":[{"href":"https:\/\/www.cnhaitan.net\/vi\/wp-json\/wp\/v2\/types\/product"}],"author":[{"embeddable":true,"href":"https:\/\/www.cnhaitan.net\/vi\/wp-json\/wp\/v2\/users\/1"}],"replies":[{"embeddable":true,"href":"https:\/\/www.cnhaitan.net\/vi\/wp-json\/wp\/v2\/comments?post=1081"}],"version-history":[{"count":1,"href":"https:\/\/www.cnhaitan.net\/vi\/wp-json\/wp\/v2\/product\/1081\/revisions"}],"predecessor-version":[{"id":2105,"href":"https:\/\/www.cnhaitan.net\/vi\/wp-json\/wp\/v2\/product\/1081\/revisions\/2105"}],"wp:featuredmedia":[{"embeddable":true,"href":"https:\/\/www.cnhaitan.net\/vi\/wp-json\/wp\/v2\/media\/1082"}],"wp:attachment":[{"href":"https:\/\/www.cnhaitan.net\/vi\/wp-json\/wp\/v2\/media?parent=1081"}],"wp:term":[{"taxonomy":"post_tag","embeddable":true,"href":"https:\/\/www.cnhaitan.net\/vi\/wp-json\/wp\/v2\/tags?post=1081"},{"taxonomy":"product_category","embeddable":true,"href":"https:\/\/www.cnhaitan.net\/vi\/wp-json\/wp\/v2\/product_category?post=1081"}],"curies":[{"name":"wp","href":"https:\/\/api.w.org\/{rel}","templated":true}]}}