{"id":1108,"date":"2022-03-10T10:27:21","date_gmt":"2022-03-10T02:27:21","guid":{"rendered":"https:\/\/www.cnhaitan.net\/?post_type=product&#038;p=1108"},"modified":"2022-08-24T13:15:39","modified_gmt":"2022-08-24T05:15:39","slug":"busbar-standoff-insulator-wire-holder-low-voltage-m10-50mm","status":"publish","type":"product","link":"https:\/\/www.cnhaitan.net\/vi\/busbar-standoff-insulator-wire-holder-low-voltage-m10-50mm","title":{"rendered":"Gi\u00e1 \u0111\u1ee1 d\u00e2y c\u00e1ch \u0111i\u1ec7n thanh c\u00e1i \u0110i\u1ec7n \u00e1p TH\u1ea4P M10 50mm"},"content":{"rendered":"<div class=\"wpb-content-wrapper\"><div class=\"vc_row wpb_row vc_row-fluid\"><div class=\"wpb_column vc_column_container vc_col-sm-12\"><div class=\"vc_column-inner\"><div class=\"wpb_wrapper\">\n\t<div class=\"wpb_text_column wpb_content_element\" >\n\t\t<div class=\"wpb_wrapper\">\n\t\t\t<h2>Chi ti\u1ebft s\u1ea3n ph\u1ea9m<\/h2>\n<table>\n<tbody>\n<tr>\n<td width=\"35.0000%\">N\u01a1i xu\u1ea5t x\u1ee9:<\/td>\n<td>Trung Qu\u1ed1c (\u0111\u1ea1i l\u1ee5c), Chi\u1ebft Giang<\/td>\n<\/tr>\n<tr>\n<td width=\"35.0000%\">T\u00ean th\u01b0\u01a1ng hi\u1ec7u:<\/td>\n<td>HAITAN<\/td>\n<\/tr>\n<tr>\n<td width=\"35.0000%\">Ch\u1ee9ng nh\u1eadn:<\/td>\n<td>UL ROHS V0 (S\u1ea3n xu\u1ea5t theo \u0111\u01a1n \u0111\u1eb7t h\u00e0ng)<\/td>\n<\/tr>\n<tr>\n<td width=\"35.0000%\">S\u1ed1 m\u00f4 h\u00ecnh:<\/td>\n<td>SM7120<\/td>\n<\/tr>\n<\/tbody>\n<\/table>\n\n\t\t<\/div>\n\t<\/div>\n\n\t<div class=\"wpb_text_column wpb_content_element\" >\n\t\t<div class=\"wpb_wrapper\">\n\t\t\t<h2>\u0110i\u1ec1u kho\u1ea3n thanh to\u00e1n &amp; v\u1eadn chuy\u1ec3n:<\/h2>\n<table>\n<tbody>\n<tr>\n<td width=\"35.0000%\">S\u1ed1 l\u01b0\u1ee3ng \u0111\u1eb7t h\u00e0ng t\u1ed1i thi\u1ec3u:<\/td>\n<td>1000 chi\u1ebfc<\/td>\n<\/tr>\n<tr>\n<td width=\"35.0000%\">Gi\u00e1:<\/td>\n<td>US $0,55\u00a0\u2013\u00a00,7\/\u00a0PCS\uff08Gi\u00e1 c\u1ee5 th\u1ec3 t\u00f9y thu\u1ed9c v\u00e0o y\u00eau c\u1ea7u th\u1ef1c t\u1ebf)<\/td>\n<\/tr>\n<tr>\n<td width=\"35.0000%\">Chi ti\u1ebft \u0111\u00f3ng g\u00f3i:<\/td>\n<td>10 c\u00e1i\/h\u1ed9p, 200 c\u00e1i\/th\u00f9ng<\/td>\n<\/tr>\n<tr>\n<td width=\"35.0000%\">Th\u1eddi gian giao h\u00e0ng:<\/td>\n<td>7 ng\u00e0y<\/td>\n<\/tr>\n<tr>\n<td width=\"35.0000%\">\u0110i\u1ec1u kho\u1ea3n thanh to\u00e1n:<\/td>\n<td>L\/C, T\/T, Western Union<\/td>\n<\/tr>\n<tr>\n<td width=\"35.0000%\">Kh\u1ea3 n\u0103ng cung c\u1ea5p:<\/td>\n<td>20000 chi\u1ebfc m\u1ed7i ng\u00e0y<\/td>\n<\/tr>\n<\/tbody>\n<\/table>\n\n\t\t<\/div>\n\t<\/div>\n\n\t<div class=\"wpb_text_column wpb_content_element\" >\n\t\t<div class=\"wpb_wrapper\">\n\t\t\t<p>Ch\u1ea5t c\u00e1ch \u0111i\u1ec7n SM \u0111\u01b0\u1ee3c l\u00e0m b\u1eb1ng BMC\/SMC. N\u00f3 l\u00e0 ch\u1ea5t c\u00e1ch \u0111i\u1ec7n tr\u1ee5c ch\u00ednh c\u00f3 \u0111\u1ed9 b\u1ec1n cao \u0111\u01b0\u1ee3c s\u1eed d\u1ee5ng \u0111\u1ec3 h\u1ed7 tr\u1ee3 h\u1ec7 th\u1ed1ng m\u1ea1ch. \u1ede gi\u1eefa c\u00f3 ph\u1ea7n nh\u00f4 l\u00ean thu\u1eadn ti\u1ec7n cho vi\u1ec7c l\u1eafp c\u1edd l\u00ea v\u00e0 d\u1ec5 d\u00e0ng l\u1eafp \u0111\u1eb7t.<\/p>\n<p>M\u00e0u s\u1eafc c\u00f3 th\u1ec3 \u0111\u01b0\u1ee3c t\u00f9y ch\u1ec9nh v\u1edbi m\u1ee9c \u0111\u1ed9 t\u1ef1 do cao. Ph\u1ea1m vi l\u1ef1a ch\u1ecdn r\u1ed9ng. N\u00f3 \u0111\u01b0\u1ee3c s\u1eed d\u1ee5ng cho \u0111\u01b0\u1eddng d\u00e2y ph\u00e2n ph\u1ed1i \u0111i\u1ec7n \u00e1p th\u1ea5p v\u00e0 \u0111\u01b0\u1eddng d\u00e2y th\u00f4ng tin li\u00ean l\u1ea1c.<\/p>\n<p>Ngo\u00e0i ra, Gi\u00e1 \u0111\u1ee1 d\u00e2y c\u00e1ch \u0111i\u1ec7n d\u1ef1 ph\u00f2ng M10 ph\u00f9 h\u1ee3p cho c\u00e1c \u1ee9ng d\u1ee5ng \u0111i\u1ec7n nh\u01b0 h\u1ed9p ph\u00e2n ph\u1ed1i, thi\u1ebft b\u1ecb \u0111\u00f3ng c\u1eaft, bi\u1ebfn t\u1ea7n v\u00e0 ngu\u1ed3n \u0111i\u1ec7n xanh. Ch\u1ea5t c\u00e1ch \u0111i\u1ec7n c\u00f3 th\u1ec3 \u0111\u00e1p \u1ee9ng c\u00e1c ch\u1ee9ng ch\u1ec9 CE, SGS v\u00e0 RoHS theo y\u00eau c\u1ea7u. Vui l\u00f2ng cung c\u1ea5p k\u00edch th\u01b0\u1edbc s\u1ea3n ph\u1ea9m, k\u00edch th\u01b0\u1edbc l\u1ed7 v\u00edt v\u00e0 th\u00f4ng s\u1ed1 k\u1ef9 thu\u1eadt. Ch\u1ea5p nh\u1eadn OEM.<\/p>\n\n\t\t<\/div>\n\t<\/div>\n\n\t<div class=\"wpb_text_column wpb_content_element\" >\n\t\t<div class=\"wpb_wrapper\">\n\t\t\t<table>\n<tbody>\n<tr>\n<td width=\"35.0000%\">T\u00ean s\u1ea3n ph\u1ea9m:Thanh c\u00e1ch \u0111i\u1ec7n<\/td>\n<td>Lo\u1ea1i: SM7120<\/td>\n<\/tr>\n<tr>\n<td width=\"35.0000%\">\u0110i\u1ec7n \u00e1p: 2000V<\/td>\n<td>S\u1ee9c m\u1ea1nh Torgue (FT LBS): 25N<\/td>\n<\/tr>\n<tr>\n<td width=\"35.0000%\">V\u00edt: M10<\/td>\n<td>V\u00edt s\u00e2u: 12 mm<\/td>\n<\/tr>\n<tr>\n<td width=\"35.0000%\">Ch\u00e8n: \u0110\u1ed3ng thau, th\u00e9p<\/td>\n<td>\u00a0Ch\u1ea5t li\u1ec7u: DMC\/SMC<\/td>\n<\/tr>\n<tr>\n<td width=\"35.0000%\">Ch\u1ee9ng nh\u1eadn: CE ROHS UL<\/td>\n<td>M\u1eabu: Mi\u1ec5n ph\u00ed<\/td>\n<\/tr>\n<\/tbody>\n<\/table>\n\n\t\t<\/div>\n\t<\/div>\n\n\t<div class=\"wpb_text_column wpb_content_element\" >\n\t\t<div class=\"wpb_wrapper\">\n\t\t\t<table>\n<tbody>\n<tr>\n<td width=\"35.0000%\">T\u00ean s\u1ea3n ph\u1ea9m<\/td>\n<td>Lo\u1ea1i pin c\u00e1ch \u0111i\u1ec7n<\/td>\n<\/tr>\n<tr>\n<td width=\"35.0000%\">Th\u01b0\u01a1ng hi\u1ec7u<\/td>\n<td>HAITAN<\/td>\n<\/tr>\n<tr>\n<td width=\"35.0000%\">Ng\u01b0\u1eddi m\u1eabu<\/td>\n<td>SM7120<\/td>\n<\/tr>\n<tr>\n<td width=\"35.0000%\">V\u1eadt li\u1ec7u<\/td>\n<td>DMC\/BMC<\/td>\n<\/tr>\n<tr>\n<td width=\"35.0000%\">Ki\u1ec3u<\/td>\n<td>Lo\u1ea1i tr\u00f2n l\u1ee5c gi\u00e1c<\/td>\n<\/tr>\n<tr>\n<td width=\"35.0000%\">K\u00edch th\u01b0\u1edbc<\/td>\n<td>50*50<\/td>\n<\/tr>\n<tr>\n<td width=\"35.0000%\">M\u00e0u s\u1eafc<\/td>\n<td>t\u00f9y ch\u1ec9nh<\/td>\n<\/tr>\n<tr>\n<td width=\"35.0000%\">V\u1eadt m\u1eabu<\/td>\n<td>Mi\u1ec5n ph\u00ed<\/td>\n<\/tr>\n<tr>\n<td width=\"35.0000%\">S\u1ee9c m\u1ea1nh c\u1ee7a Torgue<\/td>\n<td>\u226525N\/M<\/td>\n<\/tr>\n<tr>\n<td width=\"35.0000%\">\u0110i\u1ec7n \u00e1p \u0111\u1ecbnh m\u1ee9c<\/td>\n<td>2000V<\/td>\n<\/tr>\n<tr>\n<td width=\"35.0000%\">\u1ee8ng d\u1ee5ng<\/td>\n<td>Xe \u1eafc quy, \u0111i\u1ec7n<\/td>\n<\/tr>\n<tr>\n<td width=\"35.0000%\">Ch\u1ee9ng nh\u1eadn<\/td>\n<td>CE, ROHS, UL cho v\u1eadt li\u1ec7u<\/td>\n<\/tr>\n<tr>\n<td width=\"35.0000%\">Nhi\u1ec7t \u0111\u1ed9 ho\u1ea1t \u0111\u1ed9ng<\/td>\n<td>-30oC~120oC<\/td>\n<\/tr>\n<tr>\n<td width=\"35.0000%\">N\u01a1i xu\u1ea5t x\u1ee9<\/td>\n<td>Trung Qu\u1ed1c<\/td>\n<\/tr>\n<\/tbody>\n<\/table>\n\n\t\t<\/div>\n\t<\/div>\n<div class=\"vc_row wpb_row vc_inner vc_row-fluid\"><div class=\"wpb_column vc_column_container vc_col-sm-3\"><div class=\"vc_column-inner\"><div class=\"wpb_wrapper\">\n\t<div class=\"wpb_text_column wpb_content_element\" >\n\t\t<div class=\"wpb_wrapper\">\n\t\t\t<h2>L\u1ee3i th\u1ebf:<\/h2>\n<p>1. C\u01b0\u1eddng \u0111\u1ed9 cao<\/p>\n<p>2. \u0110i\u1ec7n tr\u1edf<\/p>\n<p>3. Ch\u1ecbu nhi\u1ec7t, ch\u1ed1ng ch\u00e1y, ch\u1ed1ng n\u01b0\u1edbc<\/p>\n<p>4. \u0110\u1ed9 co th\u1ea5p<\/p>\n\n\t\t<\/div>\n\t<\/div>\n<\/div><\/div><\/div><div class=\"wpb_column vc_column_container vc_col-sm-9\"><div class=\"vc_column-inner\"><div class=\"wpb_wrapper\">\n\t<div class=\"wpb_text_column wpb_content_element\" >\n\t\t<div class=\"wpb_wrapper\">\n\t\t\t<h2>\u1ee8ng d\u1ee5ng:<\/h2>\n<p>th\u00f4ng tin li\u00ean l\u1ea1c, n\u0103ng l\u01b0\u1ee3ng \u0111i\u1ec7n, ch\u1ed1ng s\u00e9t, m\u00e1y m\u00f3c, y t\u1ebf, n\u0103ng l\u01b0\u1ee3ng gi\u00f3, thi\u1ebft b\u1ecb chuy\u1ec3n \u0111\u1ed5i t\u1ea7n s\u1ed1, ph\u01b0\u01a1ng ti\u1ec7n s\u1eed d\u1ee5ng n\u0103ng l\u01b0\u1ee3ng m\u1edbi (t\u1ee7 khung t\u00edch h\u1ee3p, t\u1ee7 kh\u00f3a, v.v.)<\/p>\n<p>th\u00f4ng tin li\u00ean l\u1ea1c, n\u0103ng l\u01b0\u1ee3ng \u0111i\u1ec7n, ch\u1ed1ng s\u00e9t, m\u00e1y m\u00f3c, y t\u1ebf, n\u0103ng l\u01b0\u1ee3ng gi\u00f3, thi\u1ebft b\u1ecb chuy\u1ec3n \u0111\u1ed5i t\u1ea7n s\u1ed1, ph\u01b0\u01a1ng ti\u1ec7n s\u1eed d\u1ee5ng n\u0103ng l\u01b0\u1ee3ng m\u1edbi (t\u1ee7 khung t\u00edch h\u1ee3p, t\u1ee7 kh\u00f3a, v.v.)<\/p>\n<p>th\u00f4ng tin li\u00ean l\u1ea1c, n\u0103ng l\u01b0\u1ee3ng \u0111i\u1ec7n, ch\u1ed1ng s\u00e9t, m\u00e1y m\u00f3c, y t\u1ebf, n\u0103ng l\u01b0\u1ee3ng gi\u00f3, thi\u1ebft b\u1ecb chuy\u1ec3n \u0111\u1ed5i t\u1ea7n s\u1ed1, ph\u01b0\u01a1ng ti\u1ec7n s\u1eed d\u1ee5ng n\u0103ng l\u01b0\u1ee3ng m\u1edbi (t\u1ee7 khung t\u00edch h\u1ee3p, t\u1ee7 kh\u00f3a, v.v.)<\/p>\n\n\t\t<\/div>\n\t<\/div>\n<\/div><\/div><\/div><\/div><div class=\"vc_row wpb_row vc_inner vc_row-fluid\"><div class=\"wpb_column vc_column_container vc_col-sm-4\"><div class=\"vc_column-inner\"><div class=\"wpb_wrapper\">\n\t<div  class=\"wpb_single_image wpb_content_element vc_align_left wpb_content_element\">\n\t\t\n\t\t<figure class=\"wpb_wrapper vc_figure\">\n\t\t\t<div class=\"vc_single_image-wrapper   vc_box_border_grey\"><img loading=\"lazy\" decoding=\"async\" width=\"750\" height=\"563\" src=\"https:\/\/www.cnhaitan.net\/wp-content\/uploads\/2022\/03\/Electrical-resistance-1024x768.jpg\" class=\"vc_single_image-img attachment-large\" alt=\"\u0110i\u1ec7n tr\u1edf\" title=\"\u0110i\u1ec7n tr\u1edf\" srcset=\"https:\/\/www.cnhaitan.net\/wp-content\/uploads\/2022\/03\/Electrical-resistance-1024x768.jpg 1024w, https:\/\/www.cnhaitan.net\/wp-content\/uploads\/2022\/03\/Electrical-resistance-300x225.jpg 300w, https:\/\/www.cnhaitan.net\/wp-content\/uploads\/2022\/03\/Electrical-resistance-768x576.jpg 768w, https:\/\/www.cnhaitan.net\/wp-content\/uploads\/2022\/03\/Electrical-resistance-1536x1152.jpg 1536w, https:\/\/www.cnhaitan.net\/wp-content\/uploads\/2022\/03\/Electrical-resistance-1568x1176.jpg 1568w, https:\/\/www.cnhaitan.net\/wp-content\/uploads\/2022\/03\/Electrical-resistance.jpg 1920w\" sizes=\"auto, (max-width: 750px) 100vw, 750px\" style=\"width:100%;height:75%;max-width:1920px;\" \/><\/div>\n\t\t<\/figure>\n\t<\/div>\n<\/div><\/div><\/div><div class=\"wpb_column vc_column_container vc_col-sm-4\"><div class=\"vc_column-inner\"><div class=\"wpb_wrapper\">\n\t<div  class=\"wpb_single_image wpb_content_element vc_align_left wpb_content_element\">\n\t\t\n\t\t<figure class=\"wpb_wrapper vc_figure\">\n\t\t\t<div class=\"vc_single_image-wrapper   vc_box_border_grey\"><img loading=\"lazy\" decoding=\"async\" width=\"750\" height=\"563\" src=\"https:\/\/www.cnhaitan.net\/wp-content\/uploads\/2022\/03\/High-intensity-1024x768.jpg\" class=\"vc_single_image-img attachment-large\" alt=\"C\u01b0\u1eddng \u0111\u1ed9 cao\" title=\"C\u01b0\u1eddng \u0111\u1ed9 cao\" srcset=\"https:\/\/www.cnhaitan.net\/wp-content\/uploads\/2022\/03\/High-intensity-1024x768.jpg 1024w, https:\/\/www.cnhaitan.net\/wp-content\/uploads\/2022\/03\/High-intensity-300x225.jpg 300w, https:\/\/www.cnhaitan.net\/wp-content\/uploads\/2022\/03\/High-intensity-768x576.jpg 768w, https:\/\/www.cnhaitan.net\/wp-content\/uploads\/2022\/03\/High-intensity.jpg 1440w\" sizes=\"auto, (max-width: 750px) 100vw, 750px\" style=\"width:100%;height:75%;max-width:1440px;\" \/><\/div>\n\t\t<\/figure>\n\t<\/div>\n<\/div><\/div><\/div><div class=\"wpb_column vc_column_container vc_col-sm-4\"><div class=\"vc_column-inner\"><div class=\"wpb_wrapper\">\n\t<div  class=\"wpb_single_image wpb_content_element vc_align_left wpb_content_element\">\n\t\t\n\t\t<figure class=\"wpb_wrapper vc_figure\">\n\t\t\t<div class=\"vc_single_image-wrapper   vc_box_border_grey\"><img loading=\"lazy\" decoding=\"async\" width=\"750\" height=\"563\" src=\"https:\/\/www.cnhaitan.net\/wp-content\/uploads\/2022\/03\/Low-shrinkage-1024x768.jpg\" class=\"vc_single_image-img attachment-large\" alt=\"\u0110\u1ed9 co th\u1ea5p\" title=\"\u0110\u1ed9 co th\u1ea5p\" srcset=\"https:\/\/www.cnhaitan.net\/wp-content\/uploads\/2022\/03\/Low-shrinkage-1024x768.jpg 1024w, https:\/\/www.cnhaitan.net\/wp-content\/uploads\/2022\/03\/Low-shrinkage-300x225.jpg 300w, https:\/\/www.cnhaitan.net\/wp-content\/uploads\/2022\/03\/Low-shrinkage-768x576.jpg 768w, https:\/\/www.cnhaitan.net\/wp-content\/uploads\/2022\/03\/Low-shrinkage.jpg 1440w\" sizes=\"auto, (max-width: 750px) 100vw, 750px\" style=\"width:100%;height:75%;max-width:1440px;\" \/><\/div>\n\t\t<\/figure>\n\t<\/div>\n<\/div><\/div><\/div><\/div>\n\t<div class=\"wpb_text_column wpb_content_element\" >\n\t\t<div class=\"wpb_wrapper\">\n\t\t\t<p>Ch\u00fang t\u00f4i tr\u00e2n tr\u1ecdng ch\u00e0o \u0111\u00f3n kh\u00e1ch h\u00e0ng t\u1eeb kh\u1eafp n\u01a1i tr\u00ean th\u1ebf gi\u1edbi li\u00ean h\u1ec7 v\u1edbi ch\u00fang t\u00f4i v\u00e0 c\u00f9ng nhau ph\u00e1t tri\u1ec3n th\u1ecb tr\u01b0\u1eddng. Ch\u00fang t\u00f4i \u0111\u1ea3m b\u1ea3o ch\u1ea5t l\u01b0\u1ee3ng v\u01b0\u1ee3t tr\u1ed9i, gi\u00e1 c\u1ea3 c\u1ea1nh tranh v\u00e0 d\u1ecbch v\u1ee5 sau b\u00e1n h\u00e0ng t\u1ed1t nh\u1ea5t.<\/p>\n\n\t\t<\/div>\n\t<\/div>\n<\/div><\/div><\/div><\/div>\n<\/div>","protected":false},"excerpt":{"rendered":"Chi ti\u1ebft s\u1ea3n ph\u1ea9m N\u01a1i xu\u1ea5t x\u1ee9: Trung Qu\u1ed1c (\u0110\u1ea1i l\u1ee5c), Chi\u1ebft Giang Th\u01b0\u01a1ng hi\u1ec7u: HAITAN Ch\u1ee9ng nh\u1eadn: UL ROHS V0 \uff08S\u1ea3n xu\u1ea5t theo \u0111\u01a1n \u0111\u1eb7t h\u00e0ng) S\u1ed1 hi\u1ec7u: SM7120 \u0110i\u1ec1u kho\u1ea3n thanh to\u00e1n v\u00e0 v\u1eadn chuy\u1ec3n: S\u1ed1 l\u01b0\u1ee3ng \u0111\u1eb7t h\u00e0ng t\u1ed1i thi\u1ec3u: 1000 chi\u1ebfc Gi\u00e1: US $0,55\u00a0-\u00a00,7\/\u00a0PCS\uff08Gi\u00e1 c\u1ee5 th\u1ec3 ph\u1ee5 thu\u1ed9c v\u00e0o y\u00eau c\u1ea7u th\u1ef1c t\u1ebf) Chi ti\u1ebft \u0111\u00f3ng g\u00f3i: 10 c\u00e1i\/h\u1ed9p, 200 c\u00e1i\/th\u00f9ng Th\u1eddi gian giao h\u00e0ng: 7 ng\u00e0y L\/C, T\/T, Western Union Kh\u1ea3 n\u0103ng cung c\u1ea5p: 20000 chi\u1ebfc m\u1ed7i ng\u00e0y Ch\u1ea5t c\u00e1ch \u0111i\u1ec7n SM\u2026 <a class=\"more-link\" href=\"https:\/\/www.cnhaitan.net\/vi\/busbar-standoff-insulator-wire-holder-low-voltage-m10-50mm\">Ti\u1ebfp t\u1ee5c \u0111\u1ecdc <span class=\"screen-reader-text\">Gi\u00e1 \u0111\u1ee1 d\u00e2y c\u00e1ch \u0111i\u1ec7n thanh c\u00e1i \u0110i\u1ec7n \u00e1p TH\u1ea4P M10 50mm<\/span><\/a>","protected":false},"author":1,"featured_media":1131,"menu_order":0,"comment_status":"open","ping_status":"open","template":"","format":"standard","meta":{"footnotes":""},"tags":[],"product_category":[4,49],"class_list":["post-1108","product","type-product","status-publish","format-standard","has-post-thumbnail","hentry","product_category-sm-insulator","product_category-low-voltage-insulator","entry"],"acf":[],"_links":{"self":[{"href":"https:\/\/www.cnhaitan.net\/vi\/wp-json\/wp\/v2\/product\/1108","targetHints":{"allow":["GET"]}}],"collection":[{"href":"https:\/\/www.cnhaitan.net\/vi\/wp-json\/wp\/v2\/product"}],"about":[{"href":"https:\/\/www.cnhaitan.net\/vi\/wp-json\/wp\/v2\/types\/product"}],"author":[{"embeddable":true,"href":"https:\/\/www.cnhaitan.net\/vi\/wp-json\/wp\/v2\/users\/1"}],"replies":[{"embeddable":true,"href":"https:\/\/www.cnhaitan.net\/vi\/wp-json\/wp\/v2\/comments?post=1108"}],"version-history":[{"count":0,"href":"https:\/\/www.cnhaitan.net\/vi\/wp-json\/wp\/v2\/product\/1108\/revisions"}],"wp:featuredmedia":[{"embeddable":true,"href":"https:\/\/www.cnhaitan.net\/vi\/wp-json\/wp\/v2\/media\/1131"}],"wp:attachment":[{"href":"https:\/\/www.cnhaitan.net\/vi\/wp-json\/wp\/v2\/media?parent=1108"}],"wp:term":[{"taxonomy":"post_tag","embeddable":true,"href":"https:\/\/www.cnhaitan.net\/vi\/wp-json\/wp\/v2\/tags?post=1108"},{"taxonomy":"product_category","embeddable":true,"href":"https:\/\/www.cnhaitan.net\/vi\/wp-json\/wp\/v2\/product_category?post=1108"}],"curies":[{"name":"wp","href":"https:\/\/api.w.org\/{rel}","templated":true}]}}