{"id":1169,"date":"2022-03-16T09:26:06","date_gmt":"2022-03-16T01:26:06","guid":{"rendered":"https:\/\/www.cnhaitan.net\/?post_type=product&#038;p=1169"},"modified":"2022-08-24T13:14:42","modified_gmt":"2022-08-24T05:14:42","slug":"thanh-cai-composite-polyester-ho-tro-cach-dien-o-to-vit-tron-luc-giac-30-m6","status":"publish","type":"product","link":"https:\/\/www.cnhaitan.net\/vi\/thanh-cai-composite-polyester-ho-tro-cach-dien-o-to-vit-tron-luc-giac-30-m6","title":{"rendered":"Thanh c\u00e1i composite Polyester H\u1ed7 tr\u1ee3 c\u00e1ch \u0111i\u1ec7n Xe Hex V\u00edt tr\u00f2n 30 M6"},"content":{"rendered":"<div class=\"wpb-content-wrapper\"><div class=\"vc_row wpb_row vc_row-fluid\"><div class=\"wpb_column vc_column_container vc_col-sm-12\"><div class=\"vc_column-inner\"><div class=\"wpb_wrapper\">\n\t<div class=\"wpb_text_column wpb_content_element\" >\n\t\t<div class=\"wpb_wrapper\">\n\t\t\t<h2>Chi ti\u1ebft s\u1ea3n ph\u1ea9m:<\/h2>\n<table>\n<tbody>\n<tr>\n<td width=\"35.0000%\">N\u01a1i xu\u1ea5t x\u1ee9:<\/td>\n<td>Trung Qu\u1ed1c (\u0111\u1ea1i l\u1ee5c), Chi\u1ebft Giang<\/td>\n<\/tr>\n<tr>\n<td width=\"35.0000%\">T\u00ean th\u01b0\u01a1ng hi\u1ec7u:<\/td>\n<td>HAITAN<\/td>\n<\/tr>\n<tr>\n<td width=\"35.0000%\">Ch\u1ee9ng nh\u1eadn:<\/td>\n<td>UL ROHS V0 (S\u1ea3n xu\u1ea5t theo \u0111\u01a1n \u0111\u1eb7t h\u00e0ng)<\/td>\n<\/tr>\n<tr>\n<td width=\"35.0000%\">S\u1ed1 m\u00f4 h\u00ecnh:<\/td>\n<td>SB20*30\u00a0M6<\/td>\n<\/tr>\n<\/tbody>\n<\/table>\n\n\t\t<\/div>\n\t<\/div>\n\n\t<div class=\"wpb_text_column wpb_content_element\" >\n\t\t<div class=\"wpb_wrapper\">\n\t\t\t<h2>\u0110i\u1ec1u kho\u1ea3n thanh to\u00e1n &amp; v\u1eadn chuy\u1ec3n:<\/h2>\n<table>\n<tbody>\n<tr>\n<td width=\"35.0000%\">S\u1ed1 l\u01b0\u1ee3ng \u0111\u1eb7t h\u00e0ng t\u1ed1i thi\u1ec3u:<\/td>\n<td>1000 chi\u1ebfc<\/td>\n<\/tr>\n<tr>\n<td width=\"35.0000%\">Gi\u00e1:<\/td>\n<td>US $0.23\u00a0\u2013\u00a00.26\/\u00a0PCS\uff08Gi\u00e1 c\u1ee5 th\u1ec3 t\u00f9y thu\u1ed9c v\u00e0o y\u00eau c\u1ea7u th\u1ef1c t\u1ebf\uff09<\/td>\n<\/tr>\n<tr>\n<td width=\"35.0000%\">Chi ti\u1ebft \u0111\u00f3ng g\u00f3i:<\/td>\n<td>100 c\u00e1i\/h\u1ed9p, 1000 c\u00e1i\/th\u00f9ng<\/td>\n<\/tr>\n<tr>\n<td width=\"35.0000%\">Th\u1eddi gian giao h\u00e0ng:<\/td>\n<td>7 ng\u00e0y<\/td>\n<\/tr>\n<tr>\n<td width=\"35.0000%\">\u0110i\u1ec1u kho\u1ea3n thanh to\u00e1n:<\/td>\n<td>L\/C, T\/T, Western Union<\/td>\n<\/tr>\n<tr>\n<td width=\"35.0000%\">Kh\u1ea3 n\u0103ng cung c\u1ea5p:<\/td>\n<td>20000 chi\u1ebfc m\u1ed7i ng\u00e0y<\/td>\n<\/tr>\n<\/tbody>\n<\/table>\n\n\t\t<\/div>\n\t<\/div>\n<div class=\"vc_row wpb_row vc_inner vc_row-fluid\"><div class=\"wpb_column vc_column_container vc_col-sm-12\"><div class=\"vc_column-inner\"><div class=\"wpb_wrapper\">\n\t<div  class=\"wpb_single_image wpb_content_element vc_align_left wpb_content_element\">\n\t\t\n\t\t<figure class=\"wpb_wrapper vc_figure\">\n\t\t\t<div class=\"vc_single_image-wrapper   vc_box_border_grey\"><img loading=\"lazy\" decoding=\"async\" width=\"927\" height=\"389\" src=\"https:\/\/www.cnhaitan.net\/wp-content\/uploads\/2022\/03\/Composite-Polyester-Busbar-Support-Insulator-Car-Hex-Round-Screw-30-M6.png\" class=\"vc_single_image-img attachment-full\" alt=\"Thanh c\u00e1i composite Polyester H\u1ed7 tr\u1ee3 c\u00e1ch \u0111i\u1ec7n Xe Hex V\u00edt tr\u00f2n 30 M6\" title=\"Thanh c\u00e1i composite Polyester H\u1ed7 tr\u1ee3 c\u00e1ch \u0111i\u1ec7n Xe Hex V\u00edt tr\u00f2n 30 M6\" srcset=\"https:\/\/www.cnhaitan.net\/wp-content\/uploads\/2022\/03\/Composite-Polyester-Busbar-Support-Insulator-Car-Hex-Round-Screw-30-M6.png 927w, https:\/\/www.cnhaitan.net\/wp-content\/uploads\/2022\/03\/Composite-Polyester-Busbar-Support-Insulator-Car-Hex-Round-Screw-30-M6-300x126.png 300w, https:\/\/www.cnhaitan.net\/wp-content\/uploads\/2022\/03\/Composite-Polyester-Busbar-Support-Insulator-Car-Hex-Round-Screw-30-M6-768x322.png 768w\" sizes=\"auto, (max-width: 927px) 100vw, 927px\" style=\"width:100%;height:41.96%;max-width:927px;\" \/><\/div>\n\t\t<\/figure>\n\t<\/div>\n\n\t<div  class=\"wpb_single_image wpb_content_element vc_align_left wpb_content_element\">\n\t\t\n\t\t<figure class=\"wpb_wrapper vc_figure\">\n\t\t\t<div class=\"vc_single_image-wrapper   vc_box_border_grey\"><img decoding=\"async\" class=\"vc_single_image-img\" src=\"https:\/\/www.cnhaitan.net\/wp-content\/uploads\/2022\/03\/Composite-Hex-Round-Screw-30-M6-927x927.jpg\" width=\"927\" height=\"927\" alt=\"V\u00edt tr\u00f2n l\u1ee5c gi\u00e1c composite 30 M6\" title=\"V\u00edt tr\u00f2n l\u1ee5c gi\u00e1c composite 30 M6\" loading=\"lazy\" \/><\/div>\n\t\t<\/figure>\n\t<\/div>\n<\/div><\/div><\/div><\/div>\n\t<div class=\"wpb_text_column wpb_content_element\" >\n\t\t<div class=\"wpb_wrapper\">\n\t\t\t<table>\n<tbody>\n<tr>\n<td width=\"210\">T\u00ean s\u1ea3n ph\u1ea9m<\/td>\n<td>Lo\u1ea1i pin c\u00e1ch \u0111i\u1ec7n<\/td>\n<\/tr>\n<tr>\n<td width=\"210\">Th\u01b0\u01a1ng hi\u1ec7u<\/td>\n<td>HAITAN<\/td>\n<\/tr>\n<tr>\n<td width=\"210\">Ng\u01b0\u1eddi m\u1eabu<\/td>\n<td>SB20*30<\/td>\n<\/tr>\n<tr>\n<td width=\"210\">V\u1eadt li\u1ec7u<\/td>\n<td>DMC\/BMC<\/td>\n<\/tr>\n<tr>\n<td width=\"210\">Ki\u1ec3u<\/td>\n<td>Lo\u1ea1i tr\u00f2n l\u1ee5c gi\u00e1c<\/td>\n<\/tr>\n<tr>\n<td width=\"210\">K\u00edch th\u01b0\u1edbc<\/td>\n<td>20*30<\/td>\n<\/tr>\n<tr>\n<td width=\"210\">M\u00e0u s\u1eafc<\/td>\n<td>t\u00f9y ch\u1ec9nh<\/td>\n<\/tr>\n<tr>\n<td width=\"210\">V\u1eadt m\u1eabu<\/td>\n<td>Mi\u1ec5n ph\u00ed<\/td>\n<\/tr>\n<tr>\n<td width=\"210\">S\u1ee9c m\u1ea1nh c\u1ee7a Torgue<\/td>\n<td>\u226512N\/M<\/td>\n<\/tr>\n<tr>\n<td width=\"210\">\u0110i\u1ec7n \u00e1p \u0111\u1ecbnh m\u1ee9c<\/td>\n<td>3000V<\/td>\n<\/tr>\n<tr>\n<td width=\"210\">\u1ee8ng d\u1ee5ng<\/td>\n<td>Xe \u1eafc quy, \u0111i\u1ec7n<\/td>\n<\/tr>\n<tr>\n<td width=\"210\">Ch\u1ee9ng nh\u1eadn<\/td>\n<td>CE, ROHS, UL cho v\u1eadt li\u1ec7u<\/td>\n<\/tr>\n<tr>\n<td width=\"210\">Nhi\u1ec7t \u0111\u1ed9 ho\u1ea1t \u0111\u1ed9ng<\/td>\n<td>-30oC~120oC<\/td>\n<\/tr>\n<tr>\n<td width=\"210\">N\u01a1i xu\u1ea5t x\u1ee9<\/td>\n<td>Trung Qu\u1ed1c<\/td>\n<\/tr>\n<\/tbody>\n<\/table>\n\n\t\t<\/div>\n\t<\/div>\n\n\t<div class=\"wpb_text_column wpb_content_element\" >\n\t\t<div class=\"wpb_wrapper\">\n\t\t\t<p>Ch\u1ea5t c\u00e1ch \u0111i\u1ec7n l\u00e0 b\u1ed9 ph\u1eadn \u0111\u1eb7c bi\u1ec7t \u0111\u1ec3 s\u1eeda ch\u1eefa, l\u1eafp \u0111\u1eb7t v\u00e0 c\u00e1ch \u0111i\u1ec7n tr\u00ean c\u00e1c thi\u1ebft b\u1ecb li\u00ean l\u1ea1c, n\u0103ng l\u01b0\u1ee3ng \u0111i\u1ec7n, ch\u1ed1ng s\u00e9t, m\u00e1y m\u00f3c, y t\u1ebf, n\u0103ng l\u01b0\u1ee3ng gi\u00f3, thi\u1ebft b\u1ecb chuy\u1ec3n \u0111\u1ed5i t\u1ea7n s\u1ed1, ph\u01b0\u01a1ng ti\u1ec7n n\u0103ng l\u01b0\u1ee3ng m\u1edbi (t\u1ee7 khung t\u00edch h\u1ee3p, t\u1ee7 kh\u00f3a, v.v.) \u0111\u1ec3 \u0111\u00e1p \u1ee9ng s\u1ef1 h\u1ed7 tr\u1ee3 c\u1ed1 \u0111\u1ecbnh, l\u1eafp \u0111\u1eb7t v\u00e0 hi\u1ec7u \u1ee9ng c\u00e1ch ly c\u00e1ch nhi\u1ec7t c\u1ee7a c\u00e1c b\u1ed9 ph\u1eadn \u0111\u1eb7c bi\u1ec7t, n\u00f3 c\u00f2n \u0111\u01b0\u1ee3c g\u1ecdi l\u00e0 ch\u1ea5t c\u00e1ch \u0111i\u1ec7n, c\u1ed9t c\u00e1ch nhi\u1ec7t. B\u1ec1 ngo\u00e0i c\u1ee7a n\u00f3 th\u01b0\u1eddng l\u00e0 h\u00ecnh tr\u1ee5, h\u00ecnh l\u1ee5c gi\u00e1c, h\u00ecnh tr\u00f2n. C\u00f3 m\u1ed9t mi\u1ebfng ch\u00e8n tr\u00ean c\u1ea3 hai b\u1ec1 m\u1eb7t c\u1ee7a ch\u1ea5t c\u00e1ch \u0111i\u1ec7n.<\/p>\n\n\t\t<\/div>\n\t<\/div>\n<div class=\"vc_row wpb_row vc_inner vc_row-fluid\"><div class=\"wpb_column vc_column_container vc_col-sm-3\"><div class=\"vc_column-inner\"><div class=\"wpb_wrapper\">\n\t<div class=\"wpb_text_column wpb_content_element\" >\n\t\t<div class=\"wpb_wrapper\">\n\t\t\t<h2>L\u1ee3i th\u1ebf:<\/h2>\n<p>1. C\u01b0\u1eddng \u0111\u1ed9 cao<\/p>\n<p>2. \u0110i\u1ec7n tr\u1edf<\/p>\n<p>3. Ch\u1ecbu nhi\u1ec7t, ch\u1ed1ng ch\u00e1y, ch\u1ed1ng n\u01b0\u1edbc<\/p>\n<p>4. \u0110\u1ed9 co th\u1ea5p<\/p>\n\n\t\t<\/div>\n\t<\/div>\n<\/div><\/div><\/div><div class=\"wpb_column vc_column_container vc_col-sm-9\"><div class=\"vc_column-inner\"><div class=\"wpb_wrapper\">\n\t<div class=\"wpb_text_column wpb_content_element\" >\n\t\t<div class=\"wpb_wrapper\">\n\t\t\t<h2>\u1ee8ng d\u1ee5ng<\/h2>\n<p>Ch\u1ea5t c\u00e1ch \u0111i\u1ec7n ch\u1ee7 y\u1ebfu \u0111\u01b0\u1ee3c s\u1eed d\u1ee5ng trong c\u00e1c ng\u00e0nh li\u00ean quan \u0111\u1ebfn \u0111i\u1ec7n v\u00e0 \u0111\u00f3ng vai tr\u00f2 c\u00e1ch \u0111i\u1ec7n trong h\u1ec7 th\u1ed1ng \u0111i\u1ec7n. N\u00f3 c\u00f3 th\u1ec3 \u0111\u01b0\u1ee3c s\u1eed d\u1ee5ng trong c\u00e1c ng\u00e0nh li\u00ean quan \u0111\u1ebfn n\u0103ng l\u01b0\u1ee3ng nh\u01b0 c\u00f4ng nghi\u1ec7p truy\u1ec1n t\u1ea3i v\u00e0 ph\u00e2n ph\u1ed1i \u0111i\u1ec7n, c\u00f4ng nghi\u1ec7p truy\u1ec1n th\u00f4ng 5G, n\u0103ng l\u01b0\u1ee3ng m\u1eb7t tr\u1eddi, c\u00f4ng nghi\u1ec7p n\u0103ng l\u01b0\u1ee3ng gi\u00f3 v\u00e0 c\u00f4ng nghi\u1ec7p \u00f4 t\u00f4.<\/p>\n<p>Ch\u1ea5t c\u00e1ch \u0111i\u1ec7n ch\u1ee7 y\u1ebfu \u0111\u01b0\u1ee3c s\u1eed d\u1ee5ng trong c\u00e1c ng\u00e0nh li\u00ean quan \u0111\u1ebfn \u0111i\u1ec7n v\u00e0 \u0111\u00f3ng vai tr\u00f2 c\u00e1ch \u0111i\u1ec7n trong h\u1ec7 th\u1ed1ng \u0111i\u1ec7n. N\u00f3 c\u00f3 th\u1ec3 \u0111\u01b0\u1ee3c s\u1eed d\u1ee5ng trong c\u00e1c ng\u00e0nh li\u00ean quan \u0111\u1ebfn n\u0103ng l\u01b0\u1ee3ng nh\u01b0 c\u00f4ng nghi\u1ec7p truy\u1ec1n t\u1ea3i v\u00e0 ph\u00e2n ph\u1ed1i \u0111i\u1ec7n, c\u00f4ng nghi\u1ec7p truy\u1ec1n th\u00f4ng 5G, n\u0103ng l\u01b0\u1ee3ng m\u1eb7t tr\u1eddi, c\u00f4ng nghi\u1ec7p n\u0103ng l\u01b0\u1ee3ng gi\u00f3 v\u00e0 c\u00f4ng nghi\u1ec7p \u00f4 t\u00f4.<\/p>\n<p>Ch\u1ea5t c\u00e1ch \u0111i\u1ec7n ch\u1ee7 y\u1ebfu \u0111\u01b0\u1ee3c s\u1eed d\u1ee5ng trong c\u00e1c ng\u00e0nh li\u00ean quan \u0111\u1ebfn \u0111i\u1ec7n v\u00e0 \u0111\u00f3ng vai tr\u00f2 c\u00e1ch \u0111i\u1ec7n trong h\u1ec7 th\u1ed1ng \u0111i\u1ec7n. N\u00f3 c\u00f3 th\u1ec3 \u0111\u01b0\u1ee3c s\u1eed d\u1ee5ng trong c\u00e1c ng\u00e0nh li\u00ean quan \u0111\u1ebfn n\u0103ng l\u01b0\u1ee3ng nh\u01b0 c\u00f4ng nghi\u1ec7p truy\u1ec1n t\u1ea3i v\u00e0 ph\u00e2n ph\u1ed1i \u0111i\u1ec7n, c\u00f4ng nghi\u1ec7p truy\u1ec1n th\u00f4ng 5G, n\u0103ng l\u01b0\u1ee3ng m\u1eb7t tr\u1eddi, c\u00f4ng nghi\u1ec7p n\u0103ng l\u01b0\u1ee3ng gi\u00f3 v\u00e0 c\u00f4ng nghi\u1ec7p \u00f4 t\u00f4.<\/p>\n\n\t\t<\/div>\n\t<\/div>\n<\/div><\/div><\/div><\/div><div class=\"vc_row wpb_row vc_inner vc_row-fluid\"><div class=\"wpb_column vc_column_container vc_col-sm-4\"><div class=\"vc_column-inner\"><div class=\"wpb_wrapper\">\n\t<div  class=\"wpb_single_image wpb_content_element vc_align_center wpb_content_element vc_custom_1647396433120\">\n\t\t\n\t\t<figure class=\"wpb_wrapper vc_figure\">\n\t\t\t<div class=\"vc_single_image-wrapper   vc_box_border_grey\"><img loading=\"lazy\" decoding=\"async\" width=\"724\" height=\"1024\" src=\"https:\/\/www.cnhaitan.net\/wp-content\/uploads\/2022\/03\/Composite-Hex-Round-1-724x1024.jpg\" class=\"vc_single_image-img attachment-large\" alt=\"Hex t\u1ed5ng h\u1ee3p v\u00f2ng 1\" title=\"Hex t\u1ed5ng h\u1ee3p v\u00f2ng 1\" srcset=\"https:\/\/www.cnhaitan.net\/wp-content\/uploads\/2022\/03\/Composite-Hex-Round-1-724x1024.jpg 724w, https:\/\/www.cnhaitan.net\/wp-content\/uploads\/2022\/03\/Composite-Hex-Round-1-212x300.jpg 212w, https:\/\/www.cnhaitan.net\/wp-content\/uploads\/2022\/03\/Composite-Hex-Round-1-768x1086.jpg 768w, https:\/\/www.cnhaitan.net\/wp-content\/uploads\/2022\/03\/Composite-Hex-Round-1-1086x1536.jpg 1086w, https:\/\/www.cnhaitan.net\/wp-content\/uploads\/2022\/03\/Composite-Hex-Round-1-1448x2048.jpg 1448w, https:\/\/www.cnhaitan.net\/wp-content\/uploads\/2022\/03\/Composite-Hex-Round-1-1568x2218.jpg 1568w, https:\/\/www.cnhaitan.net\/wp-content\/uploads\/2022\/03\/Composite-Hex-Round-1.jpg 1653w\" sizes=\"auto, (max-width: 724px) 100vw, 724px\" style=\"width:100%;height:141.44%;max-width:1653px;\" \/><\/div>\n\t\t<\/figure>\n\t<\/div>\n<\/div><\/div><\/div><div class=\"wpb_column vc_column_container vc_col-sm-4\"><div class=\"vc_column-inner\"><div class=\"wpb_wrapper\">\n\t<div  class=\"wpb_single_image wpb_content_element vc_align_center wpb_content_element vc_custom_1647396440989\">\n\t\t\n\t\t<figure class=\"wpb_wrapper vc_figure\">\n\t\t\t<div class=\"vc_single_image-wrapper   vc_box_border_grey\"><img loading=\"lazy\" decoding=\"async\" width=\"724\" height=\"1024\" src=\"https:\/\/www.cnhaitan.net\/wp-content\/uploads\/2022\/03\/Composite-Hex-Round-2-724x1024.jpg\" class=\"vc_single_image-img attachment-large\" alt=\"Hex t\u1ed5ng h\u1ee3p v\u00f2ng 2\" title=\"Hex t\u1ed5ng h\u1ee3p v\u00f2ng 2\" srcset=\"https:\/\/www.cnhaitan.net\/wp-content\/uploads\/2022\/03\/Composite-Hex-Round-2-724x1024.jpg 724w, https:\/\/www.cnhaitan.net\/wp-content\/uploads\/2022\/03\/Composite-Hex-Round-2-212x300.jpg 212w, https:\/\/www.cnhaitan.net\/wp-content\/uploads\/2022\/03\/Composite-Hex-Round-2-768x1086.jpg 768w, https:\/\/www.cnhaitan.net\/wp-content\/uploads\/2022\/03\/Composite-Hex-Round-2-1086x1536.jpg 1086w, https:\/\/www.cnhaitan.net\/wp-content\/uploads\/2022\/03\/Composite-Hex-Round-2-1448x2048.jpg 1448w, https:\/\/www.cnhaitan.net\/wp-content\/uploads\/2022\/03\/Composite-Hex-Round-2-1568x2218.jpg 1568w, https:\/\/www.cnhaitan.net\/wp-content\/uploads\/2022\/03\/Composite-Hex-Round-2.jpg 1653w\" sizes=\"auto, (max-width: 724px) 100vw, 724px\" style=\"width:100%;height:141.44%;max-width:1653px;\" \/><\/div>\n\t\t<\/figure>\n\t<\/div>\n<\/div><\/div><\/div><div class=\"wpb_column vc_column_container vc_col-sm-4\"><div class=\"vc_column-inner\"><div class=\"wpb_wrapper\">\n\t<div  class=\"wpb_single_image wpb_content_element vc_align_center wpb_content_element vc_custom_1647396449229\">\n\t\t\n\t\t<figure class=\"wpb_wrapper vc_figure\">\n\t\t\t<div class=\"vc_single_image-wrapper   vc_box_border_grey\"><img loading=\"lazy\" decoding=\"async\" width=\"724\" height=\"1024\" src=\"https:\/\/www.cnhaitan.net\/wp-content\/uploads\/2022\/03\/Composite-Hex-Round-1-724x1024.jpg\" class=\"vc_single_image-img attachment-large\" alt=\"Hex t\u1ed5ng h\u1ee3p v\u00f2ng 1\" title=\"Hex t\u1ed5ng h\u1ee3p v\u00f2ng 1\" srcset=\"https:\/\/www.cnhaitan.net\/wp-content\/uploads\/2022\/03\/Composite-Hex-Round-1-724x1024.jpg 724w, https:\/\/www.cnhaitan.net\/wp-content\/uploads\/2022\/03\/Composite-Hex-Round-1-212x300.jpg 212w, https:\/\/www.cnhaitan.net\/wp-content\/uploads\/2022\/03\/Composite-Hex-Round-1-768x1086.jpg 768w, https:\/\/www.cnhaitan.net\/wp-content\/uploads\/2022\/03\/Composite-Hex-Round-1-1086x1536.jpg 1086w, https:\/\/www.cnhaitan.net\/wp-content\/uploads\/2022\/03\/Composite-Hex-Round-1-1448x2048.jpg 1448w, https:\/\/www.cnhaitan.net\/wp-content\/uploads\/2022\/03\/Composite-Hex-Round-1-1568x2218.jpg 1568w, https:\/\/www.cnhaitan.net\/wp-content\/uploads\/2022\/03\/Composite-Hex-Round-1.jpg 1653w\" sizes=\"auto, (max-width: 724px) 100vw, 724px\" style=\"width:100%;height:141.44%;max-width:1653px;\" \/><\/div>\n\t\t<\/figure>\n\t<\/div>\n<\/div><\/div><\/div><\/div>\n\t<div class=\"wpb_text_column wpb_content_element\" >\n\t\t<div class=\"wpb_wrapper\">\n\t\t\t<p>Ch\u00fang t\u00f4i tr\u00e2n tr\u1ecdng ch\u00e0o \u0111\u00f3n kh\u00e1ch h\u00e0ng t\u1eeb kh\u1eafp n\u01a1i tr\u00ean th\u1ebf gi\u1edbi li\u00ean h\u1ec7 v\u1edbi ch\u00fang t\u00f4i v\u00e0 c\u00f9ng nhau ph\u00e1t tri\u1ec3n th\u1ecb tr\u01b0\u1eddng. Ch\u00fang t\u00f4i \u0111\u1ea3m b\u1ea3o ch\u1ea5t l\u01b0\u1ee3ng v\u01b0\u1ee3t tr\u1ed9i, gi\u00e1 c\u1ea3 c\u1ea1nh tranh v\u00e0 d\u1ecbch v\u1ee5 sau b\u00e1n h\u00e0ng t\u1ed1t nh\u1ea5t.<\/p>\n\n\t\t<\/div>\n\t<\/div>\n<\/div><\/div><\/div><\/div>\n<\/div>","protected":false},"excerpt":{"rendered":"Th\u00f4ng tin chi ti\u1ebft s\u1ea3n ph\u1ea9m: N\u01a1i xu\u1ea5t x\u1ee9: Trung Qu\u1ed1c (\u0110\u1ea1i l\u1ee5c), Chi\u1ebft Giang T\u00ean th\u01b0\u01a1ng hi\u1ec7u: HAITAN Ch\u1ee9ng nh\u1eadn: UL ROHS V0 \uff08S\u1ea3n xu\u1ea5t theo \u0111\u01a1n \u0111\u1eb7t h\u00e0ng) S\u1ed1 hi\u1ec7u: SB20*30\u00a0M6 \u0110i\u1ec1u kho\u1ea3n thanh to\u00e1n v\u00e0 v\u1eadn chuy\u1ec3n: S\u1ed1 l\u01b0\u1ee3ng \u0111\u1eb7t h\u00e0ng t\u1ed1i thi\u1ec3u: 1000 chi\u1ebfc Gi\u00e1: US $0.23\u00a0-\u00a00.26\/\u00a0PCS\uff08Gi\u00e1 c\u1ee5 th\u1ec3 t\u00f9y thu\u1ed9c v\u00e0o y\u00eau c\u1ea7u th\u1ef1c t\u1ebf) Chi ti\u1ebft \u0111\u00f3ng g\u00f3i: 100 c\u00e1i\/h\u1ed9p, 1000 c\u00e1i\/th\u00f9ng Giao h\u00e0ng Th\u1eddi gian: 7 ng\u00e0y \u0110i\u1ec1u kho\u1ea3n thanh to\u00e1n: L\/C, T\/T, Western Union Kh\u1ea3 n\u0103ng cung c\u1ea5p: 20000 chi\u1ebfc m\u1ed7i ng\u00e0y T\u00ean s\u1ea3n ph\u1ea9m\u2026 <a class=\"more-link\" href=\"https:\/\/www.cnhaitan.net\/vi\/thanh-cai-composite-polyester-ho-tro-cach-dien-o-to-vit-tron-luc-giac-30-m6\">Ti\u1ebfp t\u1ee5c \u0111\u1ecdc <span class=\"screen-reader-text\">Thanh c\u00e1i composite Polyester H\u1ed7 tr\u1ee3 c\u00e1ch \u0111i\u1ec7n Xe Hex V\u00edt tr\u00f2n 30 M6<\/span><\/a>","protected":false},"author":1,"featured_media":1172,"menu_order":0,"comment_status":"open","ping_status":"open","template":"","format":"standard","meta":{"footnotes":""},"tags":[],"product_category":[6,49],"class_list":["post-1169","product","type-product","status-publish","format-standard","has-post-thumbnail","hentry","product_category-sb-insulator","product_category-low-voltage-insulator","entry"],"acf":[],"_links":{"self":[{"href":"https:\/\/www.cnhaitan.net\/vi\/wp-json\/wp\/v2\/product\/1169","targetHints":{"allow":["GET"]}}],"collection":[{"href":"https:\/\/www.cnhaitan.net\/vi\/wp-json\/wp\/v2\/product"}],"about":[{"href":"https:\/\/www.cnhaitan.net\/vi\/wp-json\/wp\/v2\/types\/product"}],"author":[{"embeddable":true,"href":"https:\/\/www.cnhaitan.net\/vi\/wp-json\/wp\/v2\/users\/1"}],"replies":[{"embeddable":true,"href":"https:\/\/www.cnhaitan.net\/vi\/wp-json\/wp\/v2\/comments?post=1169"}],"version-history":[{"count":0,"href":"https:\/\/www.cnhaitan.net\/vi\/wp-json\/wp\/v2\/product\/1169\/revisions"}],"wp:featuredmedia":[{"embeddable":true,"href":"https:\/\/www.cnhaitan.net\/vi\/wp-json\/wp\/v2\/media\/1172"}],"wp:attachment":[{"href":"https:\/\/www.cnhaitan.net\/vi\/wp-json\/wp\/v2\/media?parent=1169"}],"wp:term":[{"taxonomy":"post_tag","embeddable":true,"href":"https:\/\/www.cnhaitan.net\/vi\/wp-json\/wp\/v2\/tags?post=1169"},{"taxonomy":"product_category","embeddable":true,"href":"https:\/\/www.cnhaitan.net\/vi\/wp-json\/wp\/v2\/product_category?post=1169"}],"curies":[{"name":"wp","href":"https:\/\/api.w.org\/{rel}","templated":true}]}}