{"id":1466,"date":"2022-03-24T14:29:04","date_gmt":"2022-03-24T06:29:04","guid":{"rendered":"https:\/\/www.cnhaitan.net\/?post_type=product&#038;p=1466"},"modified":"2022-08-24T11:59:25","modified_gmt":"2022-08-24T03:59:25","slug":"mns40-tu-phan-phoi-dien-ho-tro-cach-nhiet-hinh-tru-mau-do-40mm-m8-loai-dai-oc","status":"publish","type":"product","link":"https:\/\/www.cnhaitan.net\/vi\/mns40-tu-phan-phoi-dien-ho-tro-cach-nhiet-hinh-tru-mau-do-40mm-m8-loai-dai-oc","title":{"rendered":"MNS40 T\u1ee7 ph\u00e2n ph\u1ed1i \u0111i\u1ec7n h\u1ed7 tr\u1ee3 c\u00e1ch nhi\u1ec7t h\u00ecnh tr\u1ee5 m\u00e0u \u0111\u1ecf 40mm M8 Lo\u1ea1i \u0111ai \u1ed1c"},"content":{"rendered":"<div class=\"wpb-content-wrapper\"><div class=\"vc_row wpb_row vc_row-fluid\"><div class=\"wpb_column vc_column_container vc_col-sm-12\"><div class=\"vc_column-inner\"><div class=\"wpb_wrapper\">\n\t<div class=\"wpb_text_column wpb_content_element\" >\n\t\t<div class=\"wpb_wrapper\">\n\t\t\t<h2>Chi ti\u1ebft s\u1ea3n ph\u1ea9m:<\/h2>\n<table>\n<tbody>\n<tr>\n<td width=\"35.0000%\">N\u01a1i xu\u1ea5t x\u1ee9:<\/td>\n<td>Trung Qu\u1ed1c (\u0111\u1ea1i l\u1ee5c), Chi\u1ebft Giang<\/td>\n<\/tr>\n<tr>\n<td width=\"35.0000%\">T\u00ean th\u01b0\u01a1ng hi\u1ec7u:<\/td>\n<td>HAITAN<\/td>\n<\/tr>\n<tr>\n<td width=\"35.0000%\">Ch\u1ee9ng nh\u1eadn:<\/td>\n<td>UL ROHS V0 (S\u1ea3n xu\u1ea5t theo \u0111\u01a1n \u0111\u1eb7t h\u00e0ng)<\/td>\n<\/tr>\n<tr>\n<td width=\"35.0000%\">S\u1ed1 m\u00f4 h\u00ecnh:<\/td>\n<td>MNS40*40<\/td>\n<\/tr>\n<\/tbody>\n<\/table>\n\n\t\t<\/div>\n\t<\/div>\n\n\t<div class=\"wpb_text_column wpb_content_element\" >\n\t\t<div class=\"wpb_wrapper\">\n\t\t\t<h2>\u0110i\u1ec1u kho\u1ea3n thanh to\u00e1n &amp; v\u1eadn chuy\u1ec3n:<\/h2>\n<table>\n<tbody>\n<tr>\n<td width=\"35.0000%\">S\u1ed1 l\u01b0\u1ee3ng \u0111\u1eb7t h\u00e0ng t\u1ed1i thi\u1ec3u:<\/td>\n<td>1000 chi\u1ebfc<\/td>\n<\/tr>\n<tr>\n<td width=\"35.0000%\">Gi\u00e1:<\/td>\n<td>US $0.3-0.32PCS (Gi\u00e1 c\u1ee5 th\u1ec3 ph\u1ee5 thu\u1ed9c v\u00e0o y\u00eau c\u1ea7u th\u1ef1c t\u1ebf)<\/td>\n<\/tr>\n<tr>\n<td width=\"35.0000%\">Chi ti\u1ebft \u0111\u00f3ng g\u00f3i:<\/td>\n<td>10 c\u00e1i\/h\u1ed9p, 200 c\u00e1i\/th\u00f9ng<\/td>\n<\/tr>\n<tr>\n<td width=\"35.0000%\">Th\u1eddi gian giao h\u00e0ng:<\/td>\n<td>7 ng\u00e0y<\/td>\n<\/tr>\n<tr>\n<td width=\"35.0000%\">\u0110i\u1ec1u kho\u1ea3n thanh to\u00e1n:<\/td>\n<td>L\/C, T\/T, Western Union<\/td>\n<\/tr>\n<tr>\n<td width=\"35.0000%\">Kh\u1ea3 n\u0103ng cung c\u1ea5p:<\/td>\n<td>20000 chi\u1ebfc m\u1ed7i ng\u00e0y<\/td>\n<\/tr>\n<\/tbody>\n<\/table>\n\n\t\t<\/div>\n\t<\/div>\n\n\t<div class=\"wpb_text_column wpb_content_element\" >\n\t\t<div class=\"wpb_wrapper\">\n\t\t\t<h2>\u0110\u00f3ng g\u00f3i &amp; Giao h\u00e0ng<\/h2>\n\n\t\t<\/div>\n\t<\/div>\n\n\t<div  class=\"wpb_single_image wpb_content_element vc_align_left wpb_content_element\">\n\t\t\n\t\t<figure class=\"wpb_wrapper vc_figure\">\n\t\t\t<div class=\"vc_single_image-wrapper   vc_box_border_grey\"><img loading=\"lazy\" decoding=\"async\" width=\"1920\" height=\"1080\" src=\"https:\/\/www.cnhaitan.net\/wp-content\/uploads\/2022\/03\/water-resistance-hex-round-insulator-busba-pack.jpg\" class=\"vc_single_image-img attachment-full\" alt=\"g\u00f3i thanh c\u00e1i c\u00e1ch \u0111i\u1ec7n tr\u00f2n hex ch\u1ed1ng n\u01b0\u1edbc\" title=\"g\u00f3i thanh c\u00e1i c\u00e1ch \u0111i\u1ec7n tr\u00f2n hex ch\u1ed1ng n\u01b0\u1edbc\" srcset=\"https:\/\/www.cnhaitan.net\/wp-content\/uploads\/2022\/03\/water-resistance-hex-round-insulator-busba-pack.jpg 1920w, https:\/\/www.cnhaitan.net\/wp-content\/uploads\/2022\/03\/water-resistance-hex-round-insulator-busba-pack-300x169.jpg 300w, https:\/\/www.cnhaitan.net\/wp-content\/uploads\/2022\/03\/water-resistance-hex-round-insulator-busba-pack-1024x576.jpg 1024w, https:\/\/www.cnhaitan.net\/wp-content\/uploads\/2022\/03\/water-resistance-hex-round-insulator-busba-pack-768x432.jpg 768w, https:\/\/www.cnhaitan.net\/wp-content\/uploads\/2022\/03\/water-resistance-hex-round-insulator-busba-pack-1536x864.jpg 1536w, https:\/\/www.cnhaitan.net\/wp-content\/uploads\/2022\/03\/water-resistance-hex-round-insulator-busba-pack-1568x882.jpg 1568w\" sizes=\"auto, (max-width: 1920px) 100vw, 1920px\" style=\"width:100%;height:56.25%;max-width:1920px;\" \/><\/div>\n\t\t<\/figure>\n\t<\/div>\n\n\t<div class=\"wpb_text_column wpb_content_element\" >\n\t\t<div class=\"wpb_wrapper\">\n\t\t\t<h2>M\u00f4 t\u1ea3 s\u1ea3n ph\u1ea9m<\/h2>\n<table>\n<tbody>\n<tr>\n<td>T\u00ean s\u1ea3n ph\u1ea9m<\/td>\n<td>Ch\u1ea5t c\u00e1ch \u0111i\u1ec7n<\/td>\n<\/tr>\n<tr>\n<td>V\u1eadt li\u1ec7u<\/td>\n<td>H\u1ee3p ch\u1ea5t \u0111\u00fac s\u1ed1 l\u01b0\u1ee3ng l\u1edbn<\/td>\n<\/tr>\n<tr>\n<td>M\u00e0u s\u1eafc<\/td>\n<td>Nh\u01b0 h\u00ecnh \u1ea3nh<\/td>\n<\/tr>\n<tr>\n<td>T\u1ed5ng tr\u1ecdng l\u01b0\u1ee3ng (KG)<\/td>\n<td>0.125<\/td>\n<\/tr>\n<tr>\n<td>\u1ee8ng d\u1ee5ng<\/td>\n<td>Ch\u1ea5t c\u00e1ch \u0111i\u1ec7n<\/td>\n<\/tr>\n<\/tbody>\n<\/table>\n\n\t\t<\/div>\n\t<\/div>\n\n\t<div class=\"wpb_text_column wpb_content_element\" >\n\t\t<div class=\"wpb_wrapper\">\n\t\t\t<h2>S\u1ea3n ph\u1ea9m Hi\u1ec3n Th\u1ecb<\/h2>\n\n\t\t<\/div>\n\t<\/div>\n<div class=\"vc_row wpb_row vc_inner vc_row-fluid\"><div class=\"wpb_column vc_column_container vc_col-sm-4\"><div class=\"vc_column-inner\"><div class=\"wpb_wrapper\">\n\t<div  class=\"wpb_single_image wpb_content_element vc_align_left wpb_content_element\">\n\t\t\n\t\t<figure class=\"wpb_wrapper vc_figure\">\n\t\t\t<div class=\"vc_single_image-wrapper   vc_box_border_grey\"><img loading=\"lazy\" decoding=\"async\" width=\"750\" height=\"500\" src=\"https:\/\/www.cnhaitan.net\/wp-content\/uploads\/2022\/03\/MNS40-Red-Cylindrical--1024x683.jpg\" class=\"vc_single_image-img attachment-large\" alt=\"Ch\u1ea5t c\u00e1ch \u0111i\u1ec7n h\u00ecnh tr\u1ee5 m\u00e0u \u0111\u1ecf MNS40\" title=\"Ch\u1ea5t c\u00e1ch \u0111i\u1ec7n h\u00ecnh tr\u1ee5 m\u00e0u \u0111\u1ecf MNS40\" srcset=\"https:\/\/www.cnhaitan.net\/wp-content\/uploads\/2022\/03\/MNS40-Red-Cylindrical--1024x683.jpg 1024w, https:\/\/www.cnhaitan.net\/wp-content\/uploads\/2022\/03\/MNS40-Red-Cylindrical--300x200.jpg 300w, https:\/\/www.cnhaitan.net\/wp-content\/uploads\/2022\/03\/MNS40-Red-Cylindrical--768x512.jpg 768w, https:\/\/www.cnhaitan.net\/wp-content\/uploads\/2022\/03\/MNS40-Red-Cylindrical--1536x1024.jpg 1536w, https:\/\/www.cnhaitan.net\/wp-content\/uploads\/2022\/03\/MNS40-Red-Cylindrical--1568x1045.jpg 1568w, https:\/\/www.cnhaitan.net\/wp-content\/uploads\/2022\/03\/MNS40-Red-Cylindrical-.jpg 1920w\" sizes=\"auto, (max-width: 750px) 100vw, 750px\" style=\"width:100%;height:66.67%;max-width:1920px;\" \/><\/div>\n\t\t<\/figure>\n\t<\/div>\n<\/div><\/div><\/div><div class=\"wpb_column vc_column_container vc_col-sm-4\"><div class=\"vc_column-inner\"><div class=\"wpb_wrapper\">\n\t<div  class=\"wpb_single_image wpb_content_element vc_align_left wpb_content_element\">\n\t\t\n\t\t<figure class=\"wpb_wrapper vc_figure\">\n\t\t\t<div class=\"vc_single_image-wrapper   vc_box_border_grey\"><img loading=\"lazy\" decoding=\"async\" width=\"750\" height=\"500\" src=\"https:\/\/www.cnhaitan.net\/wp-content\/uploads\/2022\/03\/Support-Power-Distribution-Cabinet-4-1024x683.jpg\" class=\"vc_single_image-img attachment-large\" alt=\"H\u1ed7 Tr\u1ee3 T\u1ee7 Ph\u00e2n Ph\u1ed1i \u0110i\u1ec7n 4\" title=\"H\u1ed7 Tr\u1ee3 T\u1ee7 Ph\u00e2n Ph\u1ed1i \u0110i\u1ec7n 4\" srcset=\"https:\/\/www.cnhaitan.net\/wp-content\/uploads\/2022\/03\/Support-Power-Distribution-Cabinet-4-1024x683.jpg 1024w, https:\/\/www.cnhaitan.net\/wp-content\/uploads\/2022\/03\/Support-Power-Distribution-Cabinet-4-300x200.jpg 300w, https:\/\/www.cnhaitan.net\/wp-content\/uploads\/2022\/03\/Support-Power-Distribution-Cabinet-4-768x512.jpg 768w, https:\/\/www.cnhaitan.net\/wp-content\/uploads\/2022\/03\/Support-Power-Distribution-Cabinet-4-1536x1024.jpg 1536w, https:\/\/www.cnhaitan.net\/wp-content\/uploads\/2022\/03\/Support-Power-Distribution-Cabinet-4-1568x1045.jpg 1568w, https:\/\/www.cnhaitan.net\/wp-content\/uploads\/2022\/03\/Support-Power-Distribution-Cabinet-4.jpg 1920w\" sizes=\"auto, (max-width: 750px) 100vw, 750px\" style=\"width:100%;height:66.67%;max-width:1920px;\" \/><\/div>\n\t\t<\/figure>\n\t<\/div>\n<\/div><\/div><\/div><div class=\"wpb_column vc_column_container vc_col-sm-4\"><div class=\"vc_column-inner\"><div class=\"wpb_wrapper\">\n\t<div  class=\"wpb_single_image wpb_content_element vc_align_left wpb_content_element\">\n\t\t\n\t\t<figure class=\"wpb_wrapper vc_figure\">\n\t\t\t<div class=\"vc_single_image-wrapper   vc_box_border_grey\"><img loading=\"lazy\" decoding=\"async\" width=\"750\" height=\"500\" src=\"https:\/\/www.cnhaitan.net\/wp-content\/uploads\/2022\/03\/Insulation-Support-Power-4-1024x683.jpg\" class=\"vc_single_image-img attachment-large\" alt=\"H\u1ed7 tr\u1ee3 c\u00e1ch \u0111i\u1ec7n Thanh c\u00e1i \u0111i\u1ec7n \u00e1p th\u1ea5p\" title=\"H\u1ed7 tr\u1ee3 c\u00e1ch \u0111i\u1ec7n Thanh c\u00e1i \u0111i\u1ec7n \u00e1p th\u1ea5p\" srcset=\"https:\/\/www.cnhaitan.net\/wp-content\/uploads\/2022\/03\/Insulation-Support-Power-4-1024x683.jpg 1024w, https:\/\/www.cnhaitan.net\/wp-content\/uploads\/2022\/03\/Insulation-Support-Power-4-300x200.jpg 300w, https:\/\/www.cnhaitan.net\/wp-content\/uploads\/2022\/03\/Insulation-Support-Power-4-768x512.jpg 768w, https:\/\/www.cnhaitan.net\/wp-content\/uploads\/2022\/03\/Insulation-Support-Power-4-1536x1024.jpg 1536w, https:\/\/www.cnhaitan.net\/wp-content\/uploads\/2022\/03\/Insulation-Support-Power-4-1568x1045.jpg 1568w, https:\/\/www.cnhaitan.net\/wp-content\/uploads\/2022\/03\/Insulation-Support-Power-4.jpg 1920w\" sizes=\"auto, (max-width: 750px) 100vw, 750px\" style=\"width:100%;height:66.67%;max-width:1920px;\" \/><\/div>\n\t\t<\/figure>\n\t<\/div>\n<\/div><\/div><\/div><\/div>\n\t<div class=\"wpb_text_column wpb_content_element\" >\n\t\t<div class=\"wpb_wrapper\">\n\t\t\t<p>\u0110\u1ec1 xu\u1ea5t s\u1ea3n ph\u1ea9m<\/p>\n\n\t\t<\/div>\n\t<\/div>\n\n\t<div  class=\"wpb_single_image wpb_content_element vc_align_left wpb_content_element\">\n\t\t\n\t\t<figure class=\"wpb_wrapper vc_figure\">\n\t\t\t<div class=\"vc_single_image-wrapper   vc_box_border_grey\"><img loading=\"lazy\" decoding=\"async\" width=\"750\" height=\"886\" src=\"https:\/\/www.cnhaitan.net\/wp-content\/uploads\/2022\/03\/1.jpg\" class=\"vc_single_image-img attachment-full\" alt=\"H\u1ed7 tr\u1ee3 c\u00e1ch nhi\u1ec7t h\u00ecnh tr\u1ee5 m\u00e0u \u0111\u1ecf MNS40\" title=\"H\u1ed7 tr\u1ee3 c\u00e1ch nhi\u1ec7t h\u00ecnh tr\u1ee5 m\u00e0u \u0111\u1ecf MNS40\" srcset=\"https:\/\/www.cnhaitan.net\/wp-content\/uploads\/2022\/03\/1.jpg 750w, https:\/\/www.cnhaitan.net\/wp-content\/uploads\/2022\/03\/1-254x300.jpg 254w\" sizes=\"auto, (max-width: 750px) 100vw, 750px\" style=\"width:100%;height:118.13%;max-width:750px;\" \/><\/div>\n\t\t<\/figure>\n\t<\/div>\n\n\t<div  class=\"wpb_single_image wpb_content_element vc_align_left wpb_content_element\">\n\t\t\n\t\t<figure class=\"wpb_wrapper vc_figure\">\n\t\t\t<div class=\"vc_single_image-wrapper   vc_box_border_grey\"><img loading=\"lazy\" decoding=\"async\" width=\"750\" height=\"1534\" src=\"https:\/\/www.cnhaitan.net\/wp-content\/uploads\/2022\/03\/2.jpg\" class=\"vc_single_image-img attachment-full\" alt=\"H\u1ed7 tr\u1ee3 c\u00e1ch nhi\u1ec7t h\u00ecnh tr\u1ee5 m\u00e0u \u0111\u1ecf MNS40\" title=\"H\u1ed7 tr\u1ee3 c\u00e1ch nhi\u1ec7t h\u00ecnh tr\u1ee5 m\u00e0u \u0111\u1ecf MNS40\" srcset=\"https:\/\/www.cnhaitan.net\/wp-content\/uploads\/2022\/03\/2.jpg 750w, https:\/\/www.cnhaitan.net\/wp-content\/uploads\/2022\/03\/2-147x300.jpg 147w, https:\/\/www.cnhaitan.net\/wp-content\/uploads\/2022\/03\/2-501x1024.jpg 501w\" sizes=\"auto, (max-width: 750px) 100vw, 750px\" style=\"width:100%;height:204.53%;max-width:750px;\" \/><\/div>\n\t\t<\/figure>\n\t<\/div>\n\n\t<div class=\"wpb_text_column wpb_content_element\" >\n\t\t<div class=\"wpb_wrapper\">\n\t\t\t<h2>Thanh to\u00e1n &amp; v\u1eadn chuy\u1ec3n<\/h2>\n\n\t\t<\/div>\n\t<\/div>\n\n\t<div  class=\"wpb_single_image wpb_content_element vc_align_left wpb_content_element\">\n\t\t\n\t\t<figure class=\"wpb_wrapper vc_figure\">\n\t\t\t<div class=\"vc_single_image-wrapper   vc_box_border_grey\"><img loading=\"lazy\" decoding=\"async\" width=\"750\" height=\"798\" src=\"https:\/\/www.cnhaitan.net\/wp-content\/uploads\/2022\/03\/3.png\" class=\"vc_single_image-img attachment-full\" alt=\"MNS40 T\u1ee7 ph\u00e2n ph\u1ed1i \u0111i\u1ec7n h\u1ed7 tr\u1ee3 c\u00e1ch nhi\u1ec7t h\u00ecnh tr\u1ee5 m\u00e0u \u0111\u1ecf 40mm M8 Lo\u1ea1i \u0111ai \u1ed1c\" title=\"MNS40 T\u1ee7 ph\u00e2n ph\u1ed1i \u0111i\u1ec7n h\u1ed7 tr\u1ee3 c\u00e1ch nhi\u1ec7t h\u00ecnh tr\u1ee5 m\u00e0u \u0111\u1ecf 40mm M8 Lo\u1ea1i \u0111ai \u1ed1c\" srcset=\"https:\/\/www.cnhaitan.net\/wp-content\/uploads\/2022\/03\/3.png 750w, https:\/\/www.cnhaitan.net\/wp-content\/uploads\/2022\/03\/3-282x300.png 282w\" sizes=\"auto, (max-width: 750px) 100vw, 750px\" style=\"width:100%;height:106.4%;max-width:750px;\" \/><\/div>\n\t\t<\/figure>\n\t<\/div>\n\n\t<div class=\"wpb_text_column wpb_content_element\" >\n\t\t<div class=\"wpb_wrapper\">\n\t\t\t<p>C\u00e2u h\u1ecfi th\u01b0\u1eddng g\u1eb7p<\/p>\n<p>C\u00e1c m\u1eabu \u0111\u1ec3 ki\u1ec3m tra ch\u1ea5t l\u01b0\u1ee3ng c\u1ee7a ch\u00fang t\u00f4i. Sau \u0111\u00f3, sau khi b\u1ea1n thanh to\u00e1n m\u1eabu v\u00e0 g\u1eedi t\u00e0i li\u1ec7u x\u00e1c nh\u1eadn, m\u1eabu s\u1ebd s\u1eb5n s\u00e0ng \u0111\u1ec3 giao sau 3-5 ng\u00e0y. C\u00e1c m\u1eabu s\u1ebd \u0111\u01b0\u1ee3c g\u1eedi cho b\u1ea1n b\u1eb1ng chuy\u1ec3n ph\u00e1t nhanh v\u00e0 s\u1ebd \u0111\u1ebfn sau 3-5 ng\u00e0y l\u00e0m vi\u1ec7c. B\u1ea1n c\u00f3 th\u1ec3 s\u1eed d\u1ee5ng t\u00e0i kho\u1ea3n nhanh c\u1ee7a ri\u00eang m\u00ecnh ho\u1eb7c tr\u1ea3 tr\u01b0\u1edbc n\u1ebfu ch\u01b0a c\u00f3 t\u00e0i kho\u1ea3n.<\/p>\n\n\t\t<\/div>\n\t<\/div>\n<\/div><\/div><\/div><\/div>\n<\/div>","protected":false},"excerpt":{"rendered":"Chi ti\u1ebft s\u1ea3n ph\u1ea9m: N\u01a1i xu\u1ea5t x\u1ee9: Trung Qu\u1ed1c (\u0110\u1ea1i l\u1ee5c), Chi\u1ebft Giang T\u00ean th\u01b0\u01a1ng hi\u1ec7u: HAITAN Ch\u1ee9ng nh\u1eadn: UL ROHS V0 (S\u1ea3n xu\u1ea5t theo \u0111\u01a1n \u0111\u1eb7t h\u00e0ng) S\u1ed1 hi\u1ec7u: MNS40*40 \u0110i\u1ec1u kho\u1ea3n thanh to\u00e1n v\u00e0 v\u1eadn chuy\u1ec3n: S\u1ed1 l\u01b0\u1ee3ng \u0111\u1eb7t h\u00e0ng t\u1ed1i thi\u1ec3u: 1000 chi\u1ebfc Gi\u00e1: US $0.3-0.32PCS (Gi\u00e1 c\u1ee5 th\u1ec3 ph\u1ee5 thu\u1ed9c v\u00e0o y\u00eau c\u1ea7u th\u1ef1c t\u1ebf) Chi ti\u1ebft \u0111\u00f3ng g\u00f3i: 10 c\u00e1i\/h\u1ed9p, 200 c\u00e1i\/th\u00f9ng Th\u1eddi gian giao h\u00e0ng: 7 ng\u00e0y L\/C, T\/T, Western Union Kh\u1ea3 n\u0103ng cung c\u1ea5p: 20000 chi\u1ebfc m\u1ed7i ng\u00e0y \u0110\u00f3ng g\u00f3i &amp;\u2026 <a class=\"more-link\" href=\"https:\/\/www.cnhaitan.net\/vi\/mns40-tu-phan-phoi-dien-ho-tro-cach-nhiet-hinh-tru-mau-do-40mm-m8-loai-dai-oc\">Ti\u1ebfp t\u1ee5c \u0111\u1ecdc <span class=\"screen-reader-text\">MNS40 T\u1ee7 ph\u00e2n ph\u1ed1i \u0111i\u1ec7n h\u1ed7 tr\u1ee3 c\u00e1ch nhi\u1ec7t h\u00ecnh tr\u1ee5 m\u00e0u \u0111\u1ecf 40mm M8 Lo\u1ea1i \u0111ai \u1ed1c<\/span><\/a>","protected":false},"author":1,"featured_media":1468,"menu_order":0,"comment_status":"open","ping_status":"open","template":"","format":"standard","meta":{"footnotes":""},"tags":[],"product_category":[5,49],"class_list":["post-1466","product","type-product","status-publish","format-standard","has-post-thumbnail","hentry","product_category-mns-insulator","product_category-low-voltage-insulator","entry"],"acf":[],"_links":{"self":[{"href":"https:\/\/www.cnhaitan.net\/vi\/wp-json\/wp\/v2\/product\/1466","targetHints":{"allow":["GET"]}}],"collection":[{"href":"https:\/\/www.cnhaitan.net\/vi\/wp-json\/wp\/v2\/product"}],"about":[{"href":"https:\/\/www.cnhaitan.net\/vi\/wp-json\/wp\/v2\/types\/product"}],"author":[{"embeddable":true,"href":"https:\/\/www.cnhaitan.net\/vi\/wp-json\/wp\/v2\/users\/1"}],"replies":[{"embeddable":true,"href":"https:\/\/www.cnhaitan.net\/vi\/wp-json\/wp\/v2\/comments?post=1466"}],"version-history":[{"count":0,"href":"https:\/\/www.cnhaitan.net\/vi\/wp-json\/wp\/v2\/product\/1466\/revisions"}],"wp:featuredmedia":[{"embeddable":true,"href":"https:\/\/www.cnhaitan.net\/vi\/wp-json\/wp\/v2\/media\/1468"}],"wp:attachment":[{"href":"https:\/\/www.cnhaitan.net\/vi\/wp-json\/wp\/v2\/media?parent=1466"}],"wp:term":[{"taxonomy":"post_tag","embeddable":true,"href":"https:\/\/www.cnhaitan.net\/vi\/wp-json\/wp\/v2\/tags?post=1466"},{"taxonomy":"product_category","embeddable":true,"href":"https:\/\/www.cnhaitan.net\/vi\/wp-json\/wp\/v2\/product_category?post=1466"}],"curies":[{"name":"wp","href":"https:\/\/api.w.org\/{rel}","templated":true}]}}