{"id":1676,"date":"2022-04-08T10:41:45","date_gmt":"2022-04-08T02:41:45","guid":{"rendered":"https:\/\/www.cnhaitan.net\/?post_type=product&#038;p=1676"},"modified":"2024-07-04T16:37:02","modified_gmt":"2024-07-04T08:37:02","slug":"dmc-cylindrical-insulators-isolator-mounts-support-electric","status":"publish","type":"product","link":"https:\/\/www.cnhaitan.net\/vi\/dmc-cylindrical-insulators-isolator-mounts-support-electric","title":{"rendered":"B\u1ed9 c\u00e1ch \u0111i\u1ec7n h\u00ecnh tr\u1ee5 DMC Gi\u00e1 \u0111\u1ee1 c\u00e1ch ly h\u1ed7 tr\u1ee3 \u0111i\u1ec7n 50mm"},"content":{"rendered":"<div class=\"wpb-content-wrapper\"><div class=\"vc_row wpb_row vc_row-fluid\"><div class=\"wpb_column vc_column_container vc_col-sm-12\"><div class=\"vc_column-inner\"><div class=\"wpb_wrapper\">\n\t<div class=\"wpb_text_column wpb_content_element\" >\n\t\t<div class=\"wpb_wrapper\">\n\t\t\t<h2>Chi ti\u1ebft s\u1ea3n ph\u1ea9m:<\/h2>\n<table width=\"100%\">\n<tbody>\n<tr>\n<td width=\"35.0000%\">N\u01a1i xu\u1ea5t x\u1ee9:<\/td>\n<td>Trung Qu\u1ed1c (\u0111\u1ea1i l\u1ee5c), Chi\u1ebft Giang<\/td>\n<\/tr>\n<tr>\n<td width=\"35.0000%\">T\u00ean th\u01b0\u01a1ng hi\u1ec7u:<\/td>\n<td>HAITAN<\/td>\n<\/tr>\n<tr>\n<td width=\"35.0000%\">Ch\u1ee9ng nh\u1eadn:<\/td>\n<td>UL ROHS V0 (S\u1ea3n xu\u1ea5t theo \u0111\u01a1n \u0111\u1eb7t h\u00e0ng)<\/td>\n<\/tr>\n<tr>\n<td width=\"35.0000%\">S\u1ed1 m\u00f4 h\u00ecnh:<\/td>\n<td>MNS50*50<\/td>\n<\/tr>\n<\/tbody>\n<\/table>\n\n\t\t<\/div>\n\t<\/div>\n\n\t<div class=\"wpb_text_column wpb_content_element\" >\n\t\t<div class=\"wpb_wrapper\">\n\t\t\t<h2>\u0110i\u1ec1u kho\u1ea3n thanh to\u00e1n &amp; v\u1eadn chuy\u1ec3n:<\/h2>\n<table width=\"100%\">\n<tbody>\n<tr>\n<td width=\"35.0000%\">S\u1ed1 l\u01b0\u1ee3ng \u0111\u1eb7t h\u00e0ng t\u1ed1i thi\u1ec3u:<\/td>\n<td>1000 chi\u1ebfc<\/td>\n<\/tr>\n<tr>\n<td width=\"35.0000%\">Gi\u00e1:<\/td>\n<td>US $0,45\u00a0\u2013\u00a00,48\/\u00a0PCS\uff08Gi\u00e1 c\u1ee5 th\u1ec3 t\u00f9y thu\u1ed9c v\u00e0o y\u00eau c\u1ea7u th\u1ef1c t\u1ebf\uff09<\/td>\n<\/tr>\n<tr>\n<td width=\"35.0000%\">Chi ti\u1ebft \u0111\u00f3ng g\u00f3i:<\/td>\n<td>10 c\u00e1i\/h\u1ed9p, 100 c\u00e1i\/th\u00f9ng<\/td>\n<\/tr>\n<tr>\n<td width=\"35.0000%\">Th\u1eddi gian giao h\u00e0ng:<\/td>\n<td>7 ng\u00e0y<\/td>\n<\/tr>\n<tr>\n<td width=\"35.0000%\">\u0110i\u1ec1u kho\u1ea3n thanh to\u00e1n:<\/td>\n<td>L\/C, T\/T, Western Union<\/td>\n<\/tr>\n<tr>\n<td width=\"35.0000%\">Kh\u1ea3 n\u0103ng cung c\u1ea5p:<\/td>\n<td>20000 chi\u1ebfc m\u1ed7i ng\u00e0y<\/td>\n<\/tr>\n<\/tbody>\n<\/table>\n\n\t\t<\/div>\n\t<\/div>\n\n\t<div class=\"wpb_text_column wpb_content_element\" >\n\t\t<div class=\"wpb_wrapper\">\n\t\t\t<p>Ch\u1ea5t c\u00e1ch \u0111i\u1ec7n l\u00e0 b\u1ed9 ph\u1eadn \u0111\u1eb7c bi\u1ec7t \u0111\u1ec3 s\u1eeda ch\u1eefa, l\u1eafp \u0111\u1eb7t v\u00e0 c\u00e1ch nhi\u1ec7t tr\u00ean c\u00e1c thi\u1ebft b\u1ecb li\u00ean l\u1ea1c, n\u0103ng l\u01b0\u1ee3ng \u0111i\u1ec7n, ch\u1ed1ng s\u00e9t, m\u00e1y m\u00f3c, y t\u1ebf, n\u0103ng l\u01b0\u1ee3ng gi\u00f3, thi\u1ebft b\u1ecb chuy\u1ec3n \u0111\u1ed5i t\u1ea7n s\u1ed1, ph\u01b0\u01a1ng ti\u1ec7n n\u0103ng l\u01b0\u1ee3ng m\u1edbi (t\u1ee7 khung t\u00edch h\u1ee3p, t\u1ee7 kh\u00f3a, v.v.) \u0111\u1ec3 \u0111\u00e1p \u1ee9ng s\u1ef1 h\u1ed7 tr\u1ee3 c\u1ed1 \u0111\u1ecbnh, l\u1eafp \u0111\u1eb7t v\u00e0 hi\u1ec7u \u1ee9ng c\u00e1ch ly c\u00e1ch nhi\u1ec7t c\u1ee7a c\u00e1c b\u1ed9 ph\u1eadn \u0111\u1eb7c bi\u1ec7t, n\u00f3 c\u00f2n \u0111\u01b0\u1ee3c g\u1ecdi l\u00e0 ch\u1ea5t c\u00e1ch \u0111i\u1ec7n, c\u1ed9t c\u00e1ch nhi\u1ec7t. B\u1ec1 ngo\u00e0i c\u1ee7a n\u00f3 th\u01b0\u1eddng c\u00f3 d\u1ea1ng h\u00ecnh tr\u1ee5, h\u00ecnh l\u1ee5c gi\u00e1c v\u00e0 h\u00ecnh tr\u00f2n. C\u00f3 m\u1ed9t mi\u1ebfng ch\u00e8n tr\u00ean hai b\u1ec1 m\u1eb7t c\u1ee7ach\u1ea5t c\u00e1ch \u0111i\u1ec7n.<\/p>\n<p>&nbsp;<\/p>\n<h2>K\u00edch c\u1ee1:<\/h2>\n\n\t\t<\/div>\n\t<\/div>\n<div class=\"vc_row wpb_row vc_inner vc_row-fluid\"><div class=\"wpb_column vc_column_container vc_col-sm-12\"><div class=\"vc_column-inner\"><div class=\"wpb_wrapper\">\n\t<div  class=\"wpb_single_image wpb_content_element vc_align_left wpb_content_element\">\n\t\t\n\t\t<figure class=\"wpb_wrapper vc_figure\">\n\t\t\t<div class=\"vc_single_image-wrapper   vc_box_border_grey\"><img decoding=\"async\" class=\"vc_single_image-img\" src=\"https:\/\/www.cnhaitan.net\/wp-content\/uploads\/2022\/04\/DMC-Cylindrical-Insulators-Isolator-Mounts-Support-Electric-50mm-size-922x704.jpg\" width=\"922\" height=\"704\" alt=\"Gi\u00e1 \u0111\u1ee1 c\u00e1ch \u0111i\u1ec7n h\u00ecnh tr\u1ee5 DMC H\u1ed7 tr\u1ee3 g\u1eafn \u0111i\u1ec7n k\u00edch th\u01b0\u1edbc 50mm\" title=\"Gi\u00e1 \u0111\u1ee1 c\u00e1ch \u0111i\u1ec7n h\u00ecnh tr\u1ee5 DMC H\u1ed7 tr\u1ee3 g\u1eafn \u0111i\u1ec7n k\u00edch th\u01b0\u1edbc 50mm\" loading=\"lazy\" \/><\/div>\n\t\t<\/figure>\n\t<\/div>\n<\/div><\/div><\/div><\/div>\n\t<div class=\"wpb_text_column wpb_content_element\" >\n\t\t<div class=\"wpb_wrapper\">\n\t\t\t<h2>Chi ti\u1ebft:<\/h2>\n<table width=\"100%\">\n<tbody>\n<tr>\n<td width=\"119\">T\u00ean s\u1ea3n ph\u1ea9m:<\/td>\n<td width=\"149\">Thanh c\u00e1i c\u00e1ch \u0111i\u1ec7n<\/td>\n<td width=\"210\">Ki\u1ec3u:<\/td>\n<td width=\"72\">MNS50*50<\/td>\n<\/tr>\n<tr>\n<td>\u0110i\u1ec7n \u00e1p:<\/td>\n<td>3000V<\/td>\n<td>S\u1ee9c m\u1ea1nh Torgue (FT-LBS):<\/td>\n<td>35N<\/td>\n<\/tr>\n<tr>\n<td>V\u00edt:<\/td>\n<td>M10<\/td>\n<td>V\u00edt s\u00e2u:<\/td>\n<td>12mm<\/td>\n<\/tr>\n<tr>\n<td>Ch\u00e8n:<\/td>\n<td>\u0110\u1ed3ng thau, th\u00e9p<\/td>\n<td>V\u1eadt li\u1ec7u:<\/td>\n<td>DMC\/SMC<\/td>\n<\/tr>\n<tr>\n<td>Ch\u1ee9ng nh\u1eadn:<\/td>\n<td>CE ROHS UL<\/td>\n<td>V\u1eadt m\u1eabu:<\/td>\n<td>Mi\u1ec5n ph\u00ed<\/td>\n<\/tr>\n<\/tbody>\n<\/table>\n\n\t\t<\/div>\n\t<\/div>\n\n\t<div class=\"wpb_text_column wpb_content_element\" >\n\t\t<div class=\"wpb_wrapper\">\n\t\t\t<h2>tham s\u1ed1:<\/h2>\n<table width=\"100%\">\n<tbody>\n<tr>\n<td width=\"210\">T\u00ean s\u1ea3n ph\u1ea9m<\/td>\n<td>Lo\u1ea1i pin c\u00e1ch \u0111i\u1ec7n<\/td>\n<\/tr>\n<tr>\n<td width=\"210\">Th\u01b0\u01a1ng hi\u1ec7u<\/td>\n<td>HAITAN<\/td>\n<\/tr>\n<tr>\n<td width=\"210\">Ng\u01b0\u1eddi m\u1eabu<\/td>\n<td>MNS50*50<\/td>\n<\/tr>\n<tr>\n<td width=\"210\">V\u1eadt li\u1ec7u<\/td>\n<td>DMC\/BMC<\/td>\n<\/tr>\n<tr>\n<td width=\"210\">Ki\u1ec3u<\/td>\n<td>Lo\u1ea1i tr\u00f2n l\u1ee5c gi\u00e1c<\/td>\n<\/tr>\n<tr>\n<td width=\"210\">K\u00edch th\u01b0\u1edbc<\/td>\n<td>50*50<\/td>\n<\/tr>\n<tr>\n<td width=\"210\">M\u00e0u s\u1eafc<\/td>\n<td>t\u00f9y ch\u1ec9nh<\/td>\n<\/tr>\n<tr>\n<td width=\"210\">V\u1eadt m\u1eabu<\/td>\n<td>Mi\u1ec5n ph\u00ed<\/td>\n<\/tr>\n<tr>\n<td width=\"210\">S\u1ee9c m\u1ea1nh c\u1ee7a Torgue<\/td>\n<td>\u226535N\/M<\/td>\n<\/tr>\n<tr>\n<td width=\"210\">\u0110i\u1ec7n \u00e1p \u0111\u1ecbnh m\u1ee9c<\/td>\n<td>3000V<\/td>\n<\/tr>\n<tr>\n<td width=\"210\">\u1ee8ng d\u1ee5ng<\/td>\n<td>Pin, xe \u0111i\u1ec7n, T\u1ee7 ph\u00e2n ph\u1ed1i<\/td>\n<\/tr>\n<tr>\n<td width=\"210\">Ch\u1ee9ng nh\u1eadn<\/td>\n<td>CE, ROHS, UL cho v\u1eadt li\u1ec7u<\/td>\n<\/tr>\n<tr>\n<td width=\"210\">Nhi\u1ec7t \u0111\u1ed9 ho\u1ea1t \u0111\u1ed9ng<\/td>\n<td>30oC ~ 120oC<\/td>\n<\/tr>\n<tr>\n<td width=\"210\">N\u01a1i xu\u1ea5t x\u1ee9<\/td>\n<td>Trung Qu\u1ed1c<\/td>\n<\/tr>\n<\/tbody>\n<\/table>\n\n\t\t<\/div>\n\t<\/div>\n<div class=\"vc_row wpb_row vc_inner vc_row-fluid\"><div class=\"wpb_column vc_column_container vc_col-sm-12\"><div class=\"vc_column-inner\"><div class=\"wpb_wrapper\">\n\t<div class=\"wpb_text_column wpb_content_element\" >\n\t\t<div class=\"wpb_wrapper\">\n\t\t\t<p>C\u00f4ng ty TNHH C\u00f4ng ngh\u1ec7 C\u01a1 \u0111i\u1ec7n Haitan Trung Qu\u1ed1c l\u00e0 m\u1ed9t doanh nghi\u1ec7p h\u00f9ng m\u1ea1nh chuy\u00ean ph\u00e1t tri\u1ec3n, s\u1ea3n xu\u1ea5t, kinh doanh v\u00e0 d\u1ecbch v\u1ee5 t\u1ee7 ph\u00e2n ph\u1ed1i \u0111i\u1ec7n, c\u1ecdc s\u1ea1c, ph\u01b0\u01a1ng ti\u1ec7n n\u0103ng l\u01b0\u1ee3ng m\u1edbi, s\u1ea3n ph\u1ea9m t\u1ee7 truy\u1ec1n th\u00f4ng DMC \/ BMC v\u00e0 m\u1ed9t b\u1ed9 ph\u1ee5 ki\u1ec7n \u0111\u1ea7y \u0111\u1ee7. \u0110\u01b0\u1ee3c th\u00e0nh l\u1eadp v\u00e0o n\u0103m 1999, c\u00f4ng ty \u0111\u00e3 ph\u1ee5c v\u1ee5 ng\u00e0nh \u0111i\u1ec7n \u0111\u01b0\u1ee3c 22 n\u0103m. L\u1ea5y kh\u00e1ch h\u00e0ng l\u00e0m trung t\u00e2m v\u00e0 ch\u1ea5t l\u01b0\u1ee3ng l\u00e0m c\u1ed1t l\u00f5i l\u00e0 m\u1ee5c ti\u00eau c\u1ee7a to\u00e0n th\u1ec3 nh\u00e2n vi\u00ean Haitan<\/p>\n<p>C\u00e1c s\u1ea3n ph\u1ea9m ch\u00ednh c\u1ee7a c\u00f4ng ty l\u00e0 ch\u1ea5t c\u00e1ch \u0111i\u1ec7n cao th\u1ebf v\u00e0 h\u1ea1 th\u1ebf, khung xe bu\u00fdt, \u1ed1ng l\u00f3t t\u01b0\u1eddng, \u1ed1ng co nhi\u1ec7t, d\u00e2y bu\u1ed9c nylon, h\u1ed9p n\u1ed1i, c\u00f4ng t\u1eafc du l\u1ecbch v\u00e0 c\u00e1c s\u1ea3n ph\u1ea9m kh\u00e1c \u0111\u00e3 \u0111\u1ea1t ch\u1ee9ng nh\u1eadn CQC, CCC, ISO 9001, ISO14001, iso45001, Rosh, CE.<\/p>\n<p>N\u1ebfu b\u1ea1n quan t\u00e2m \u0111\u1ebfn s\u1ea3n ph\u1ea9m ho\u1eb7c d\u1ecbch v\u1ee5 t\u00f9y ch\u1ec9nh c\u1ee7a ch\u00fang t\u00f4i, vui l\u00f2ng li\u00ean h\u1ec7 v\u1edbi ch\u00fang t\u00f4i. Ch\u00fang t\u00f4i mong mu\u1ed1n thi\u1ebft l\u1eadp m\u1ed1i quan h\u1ec7 kinh doanh th\u00e0nh c\u00f4ng v\u1edbi b\u1ea1n trong t\u01b0\u01a1ng lai g\u1ea7n.<\/p>\n\n\t\t<\/div>\n\t<\/div>\n<\/div><\/div><\/div><\/div><\/div><\/div><\/div><\/div><div class=\"vc_row wpb_row vc_row-fluid\"><div class=\"wpb_column vc_column_container vc_col-sm-6\"><div class=\"vc_column-inner\"><div class=\"wpb_wrapper\">\n\t<div class=\"wpb_text_column wpb_content_element\" >\n\t\t<div class=\"wpb_wrapper\">\n\t\t\t<h2>L\u1ee3i th\u1ebf:<\/h2>\n<p>1. C\u01b0\u1eddng \u0111\u1ed9 cao<\/p>\n<p>2. \u0110i\u1ec7n tr\u1edf<\/p>\n<p>3. Ch\u1ed1ng n\u00f3ng, ch\u1ed1ng ch\u00e1y, ch\u1ed1ng n\u01b0\u1edbc<\/p>\n<p>4. \u0110\u1ed9 co th\u1ea5p<\/p>\n\n\t\t<\/div>\n\t<\/div>\n<\/div><\/div><\/div><div class=\"wpb_column vc_column_container vc_col-sm-6\"><div class=\"vc_column-inner\"><div class=\"wpb_wrapper\">\n\t<div class=\"wpb_text_column wpb_content_element\" >\n\t\t<div class=\"wpb_wrapper\">\n\t\t\t<h2>\u1ee8ng d\u1ee5ng<\/h2>\n<p>th\u00f4ng tin li\u00ean l\u1ea1c, n\u0103ng l\u01b0\u1ee3ng \u0111i\u1ec7n, ch\u1ed1ng s\u00e9t, m\u00e1y m\u00f3c, y t\u1ebf, n\u0103ng l\u01b0\u1ee3ng gi\u00f3, thi\u1ebft b\u1ecb chuy\u1ec3n \u0111\u1ed5i t\u1ea7n s\u1ed1, ph\u01b0\u01a1ng ti\u1ec7n s\u1eed d\u1ee5ng n\u0103ng l\u01b0\u1ee3ng m\u1edbi (t\u1ee7 khung t\u00edch h\u1ee3p, t\u1ee7 kh\u00f3a, v.v.)<\/p>\n\n\t\t<\/div>\n\t<\/div>\n<\/div><\/div><\/div><\/div><div class=\"vc_row wpb_row vc_row-fluid\"><div class=\"wpb_column vc_column_container vc_col-sm-12\"><div class=\"vc_column-inner\"><div class=\"wpb_wrapper\">\n\t<div class=\"wpb_text_column wpb_content_element\" >\n\t\t<div class=\"wpb_wrapper\">\n\t\t\t<h2>\u0110\u00f3ng g\u00f3i &amp; V\u1eadn chuy\u1ec3n<\/h2>\n\n\t\t<\/div>\n\t<\/div>\n<\/div><\/div><\/div><\/div><div class=\"vc_row wpb_row vc_row-fluid\"><div class=\"wpb_column vc_column_container vc_col-sm-6\"><div class=\"vc_column-inner\"><div class=\"wpb_wrapper\">\n\t<div  class=\"wpb_single_image wpb_content_element vc_align_left wpb_content_element\">\n\t\t\n\t\t<figure class=\"wpb_wrapper vc_figure\">\n\t\t\t<div class=\"vc_single_image-wrapper   vc_box_border_grey\"><img decoding=\"async\" class=\"vc_single_image-img\" src=\"https:\/\/www.cnhaitan.net\/wp-content\/uploads\/2022\/03\/Distribution-Cabinet-750x425.jpg\" width=\"750\" height=\"425\" alt=\"T\u1ee7 ph\u00e2n ph\u1ed1i\" title=\"T\u1ee7 ph\u00e2n ph\u1ed1i\" loading=\"lazy\" \/><\/div>\n\t\t<\/figure>\n\t<\/div>\n<\/div><\/div><\/div><div class=\"wpb_column vc_column_container vc_col-sm-6\"><div class=\"vc_column-inner\"><div class=\"wpb_wrapper\">\n\t<div  class=\"wpb_single_image wpb_content_element vc_align_center wpb_content_element\">\n\t\t\n\t\t<figure class=\"wpb_wrapper vc_figure\">\n\t\t\t<div class=\"vc_single_image-wrapper   vc_box_border_grey\"><img decoding=\"async\" class=\"vc_single_image-img\" src=\"https:\/\/www.cnhaitan.net\/wp-content\/uploads\/2022\/03\/Low-shrinkage-750x425.jpg\" width=\"750\" height=\"425\" alt=\"\u0110\u1ed9 co th\u1ea5p\" title=\"\u0110\u1ed9 co th\u1ea5p\" loading=\"lazy\" \/><\/div>\n\t\t<\/figure>\n\t<\/div>\n<\/div><\/div><\/div><\/div><div class=\"vc_row wpb_row vc_row-fluid\"><div class=\"wpb_column vc_column_container vc_col-sm-12\"><div class=\"vc_column-inner\"><div class=\"wpb_wrapper\">\n\t<div class=\"wpb_text_column wpb_content_element\" >\n\t\t<div class=\"wpb_wrapper\">\n\t\t\t<h2>D\u1ecbch v\u1ee5 c\u1ee7a ch\u00fang t\u00f4i<\/h2>\n<ol>\n<li>H\u01a1n 30 n\u0103m v\u1ec1 Ch\u1ea5t C\u00e1ch \u0110i\u1ec7n v\u00e0 \u0110\u1ea7u N\u1ed1i \u0110\u1ed3ng<\/li>\n<li>S\u1ea3n ph\u1ea9m ch\u00ednh: Thanh c\u00e1i c\u00e1ch \u0111i\u1ec7n, Thanh c\u00e1i, \u0110\u1ea7u n\u1ed1i \u0111\u1ed3ng<\/li>\n<li>Cung c\u1ea5p s\u1ea3n ph\u1ea9m v\u1edbi \u0111\u1eb3ng c\u1ea5p kh\u00e1c nhau v\u1edbi m\u1ee9c gi\u00e1 kh\u00e1c nhau<\/li>\n<li>Cung c\u1ea5p thi\u1ebft k\u1ebf s\u01a1 \u0111\u1ed3 k\u1ebft n\u1ed1i m\u1eb7t \u0111\u1ea5t v\u00e0 k\u1ebft n\u1ed1i kh\u00f4ng<\/li>\n<li>Y\u00eau c\u1ea7u \u0111\u1eb7c bi\u1ec7t ch\u1ec9 d\u00e0nh cho b\u1ea1n, 7 ng\u00e0y \u0111\u1ed1i v\u1edbi m\u1eabu.<\/li>\n<li>CE, ROHS, v\u1eadt li\u1ec7u c\u00f3 UL<\/li>\n<\/ol>\n\n\t\t<\/div>\n\t<\/div>\n\n\t<div class=\"wpb_text_column wpb_content_element\" >\n\t\t<div class=\"wpb_wrapper\">\n\t\t\t<p>Ch\u00fang t\u00f4i tr\u00e2n tr\u1ecdng ch\u00e0o \u0111\u00f3n kh\u00e1ch h\u00e0ng t\u1eeb kh\u1eafp n\u01a1i tr\u00ean th\u1ebf gi\u1edbi li\u00ean h\u1ec7 v\u1edbi ch\u00fang t\u00f4i v\u00e0 c\u00f9ng nhau ph\u00e1t tri\u1ec3n th\u1ecb tr\u01b0\u1eddng. Ch\u00fang t\u00f4i \u0111\u1ea3m b\u1ea3o ch\u1ea5t l\u01b0\u1ee3ng v\u01b0\u1ee3t tr\u1ed9i, gi\u00e1 c\u1ea3 c\u1ea1nh tranh v\u00e0 d\u1ecbch v\u1ee5 sau b\u00e1n h\u00e0ng t\u1ed1t nh\u1ea5t.<\/p>\n\n\t\t<\/div>\n\t<\/div>\n<\/div><\/div><\/div><\/div>\n<\/div>","protected":false},"excerpt":{"rendered":"Chi ti\u1ebft s\u1ea3n ph\u1ea9m: N\u01a1i xu\u1ea5t x\u1ee9: Trung Qu\u1ed1c (\u0110\u1ea1i l\u1ee5c), Chi\u1ebft Giang T\u00ean th\u01b0\u01a1ng hi\u1ec7u: HAITAN Ch\u1ee9ng nh\u1eadn: UL ROHS V0 \uff08S\u1ea3n xu\u1ea5t theo \u0111\u01a1n \u0111\u1eb7t h\u00e0ng) S\u1ed1 hi\u1ec7u: MNS50*50 \u0110i\u1ec1u kho\u1ea3n thanh to\u00e1n v\u00e0 v\u1eadn chuy\u1ec3n: S\u1ed1 l\u01b0\u1ee3ng \u0111\u1eb7t h\u00e0ng t\u1ed1i thi\u1ec3u: 1000 chi\u1ebfc Gi\u00e1: US $0,45\u00a0-\u00a00,48\/\u00a0PCS\uff08Gi\u00e1 c\u1ee5 th\u1ec3 ph\u1ee5 thu\u1ed9c v\u00e0o y\u00eau c\u1ea7u th\u1ef1c t\u1ebf) Chi ti\u1ebft \u0111\u00f3ng g\u00f3i: 10 c\u00e1i\/h\u1ed9p, 100 c\u00e1i\/th\u00f9ng Th\u1eddi gian giao h\u00e0ng: 7 ng\u00e0y \u0110i\u1ec1u kho\u1ea3n thanh to\u00e1n: L\/C, T\/T, Western Union Kh\u1ea3 n\u0103ng cung c\u1ea5p: 20000 chi\u1ebfc m\u1ed7i ng\u00e0y Ch\u1ea5t c\u00e1ch \u0111i\u1ec7n\u2026 <a class=\"more-link\" href=\"https:\/\/www.cnhaitan.net\/vi\/dmc-cylindrical-insulators-isolator-mounts-support-electric\">Ti\u1ebfp t\u1ee5c \u0111\u1ecdc <span class=\"screen-reader-text\">B\u1ed9 c\u00e1ch \u0111i\u1ec7n h\u00ecnh tr\u1ee5 DMC Gi\u00e1 \u0111\u1ee1 c\u00e1ch ly h\u1ed7 tr\u1ee3 \u0111i\u1ec7n 50mm<\/span><\/a>","protected":false},"author":1,"featured_media":1681,"menu_order":0,"comment_status":"open","ping_status":"open","template":"","format":"standard","meta":{"footnotes":""},"tags":[244],"product_category":[5,49],"class_list":["post-1676","product","type-product","status-publish","format-standard","has-post-thumbnail","hentry","tag-dmc-cylindrical-insulators","product_category-mns-insulator","product_category-low-voltage-insulator","entry"],"acf":[],"_links":{"self":[{"href":"https:\/\/www.cnhaitan.net\/vi\/wp-json\/wp\/v2\/product\/1676","targetHints":{"allow":["GET"]}}],"collection":[{"href":"https:\/\/www.cnhaitan.net\/vi\/wp-json\/wp\/v2\/product"}],"about":[{"href":"https:\/\/www.cnhaitan.net\/vi\/wp-json\/wp\/v2\/types\/product"}],"author":[{"embeddable":true,"href":"https:\/\/www.cnhaitan.net\/vi\/wp-json\/wp\/v2\/users\/1"}],"replies":[{"embeddable":true,"href":"https:\/\/www.cnhaitan.net\/vi\/wp-json\/wp\/v2\/comments?post=1676"}],"version-history":[{"count":1,"href":"https:\/\/www.cnhaitan.net\/vi\/wp-json\/wp\/v2\/product\/1676\/revisions"}],"predecessor-version":[{"id":2187,"href":"https:\/\/www.cnhaitan.net\/vi\/wp-json\/wp\/v2\/product\/1676\/revisions\/2187"}],"wp:featuredmedia":[{"embeddable":true,"href":"https:\/\/www.cnhaitan.net\/vi\/wp-json\/wp\/v2\/media\/1681"}],"wp:attachment":[{"href":"https:\/\/www.cnhaitan.net\/vi\/wp-json\/wp\/v2\/media?parent=1676"}],"wp:term":[{"taxonomy":"post_tag","embeddable":true,"href":"https:\/\/www.cnhaitan.net\/vi\/wp-json\/wp\/v2\/tags?post=1676"},{"taxonomy":"product_category","embeddable":true,"href":"https:\/\/www.cnhaitan.net\/vi\/wp-json\/wp\/v2\/product_category?post=1676"}],"curies":[{"name":"wp","href":"https:\/\/api.w.org\/{rel}","templated":true}]}}