{"id":1722,"date":"2022-04-08T15:38:06","date_gmt":"2022-04-08T07:38:06","guid":{"rendered":"https:\/\/www.cnhaitan.net\/?post_type=product&#038;p=1722"},"modified":"2024-07-04T15:45:07","modified_gmt":"2024-07-04T07:45:07","slug":"thanh-cai-cach-dien-hinh-tru-mau-do-ho-tro-dmc-70mm-100mm","status":"publish","type":"product","link":"https:\/\/www.cnhaitan.net\/vi\/thanh-cai-cach-dien-hinh-tru-mau-do-ho-tro-dmc-70mm-100mm","title":{"rendered":"H\u1ed7 tr\u1ee3 thanh c\u00e1i c\u00e1ch \u0111i\u1ec7n h\u00ecnh tr\u1ee5 m\u00e0u \u0111\u1ecf DMC 70mm 100mm"},"content":{"rendered":"<div class=\"wpb-content-wrapper\"><div class=\"vc_row wpb_row vc_row-fluid\"><div class=\"wpb_column vc_column_container vc_col-sm-12\"><div class=\"vc_column-inner\"><div class=\"wpb_wrapper\">\n\t<div class=\"wpb_text_column wpb_content_element\" >\n\t\t<div class=\"wpb_wrapper\">\n\t\t\t<h2>Chi ti\u1ebft s\u1ea3n ph\u1ea9m:<\/h2>\n<table width=\"100%\">\n<tbody>\n<tr>\n<td width=\"35.0000%\">N\u01a1i xu\u1ea5t x\u1ee9:<\/td>\n<td>Trung Qu\u1ed1c (\u0111\u1ea1i l\u1ee5c), Chi\u1ebft Giang<\/td>\n<\/tr>\n<tr>\n<td width=\"35.0000%\">T\u00ean th\u01b0\u01a1ng hi\u1ec7u:<\/td>\n<td>HAITAN<\/td>\n<\/tr>\n<tr>\n<td width=\"35.0000%\">Ch\u1ee9ng nh\u1eadn:<\/td>\n<td>UL ROHS V0 (S\u1ea3n xu\u1ea5t theo \u0111\u01a1n \u0111\u1eb7t h\u00e0ng)<\/td>\n<\/tr>\n<tr>\n<td width=\"35.0000%\">S\u1ed1 m\u00f4 h\u00ecnh:<\/td>\n<td>MNS70<\/td>\n<\/tr>\n<\/tbody>\n<\/table>\n\n\t\t<\/div>\n\t<\/div>\n\n\t<div class=\"wpb_text_column wpb_content_element\" >\n\t\t<div class=\"wpb_wrapper\">\n\t\t\t<h2>\u0110i\u1ec1u kho\u1ea3n thanh to\u00e1n &amp; v\u1eadn chuy\u1ec3n:<\/h2>\n<table width=\"100%\">\n<tbody>\n<tr>\n<td width=\"35.0000%\">S\u1ed1 l\u01b0\u1ee3ng \u0111\u1eb7t h\u00e0ng t\u1ed1i thi\u1ec3u:<\/td>\n<td>1000 chi\u1ebfc<\/td>\n<\/tr>\n<tr>\n<td width=\"35.0000%\">Gi\u00e1:<\/td>\n<td>US $3\u00a0\u2013\u00a04\/\u00a0PCS\uff08Gi\u00e1 c\u1ee5 th\u1ec3 t\u00f9y thu\u1ed9c v\u00e0o y\u00eau c\u1ea7u th\u1ef1c t\u1ebf)<\/td>\n<\/tr>\n<tr>\n<td width=\"35.0000%\">Chi ti\u1ebft \u0111\u00f3ng g\u00f3i:<\/td>\n<td>4 c\u00e1i\/h\u1ed9p, 40 c\u00e1i\/th\u00f9ng<\/td>\n<\/tr>\n<tr>\n<td width=\"35.0000%\">Th\u1eddi gian giao h\u00e0ng:<\/td>\n<td>7 ng\u00e0y<\/td>\n<\/tr>\n<tr>\n<td width=\"35.0000%\">\u0110i\u1ec1u kho\u1ea3n thanh to\u00e1n:<\/td>\n<td>L\/C, T\/T, Western Union<\/td>\n<\/tr>\n<tr>\n<td width=\"35.0000%\">Kh\u1ea3 n\u0103ng cung c\u1ea5p:<\/td>\n<td>20000 chi\u1ebfc m\u1ed7i ng\u00e0y<\/td>\n<\/tr>\n<\/tbody>\n<\/table>\n\n\t\t<\/div>\n\t<\/div>\n\n\t<div class=\"wpb_text_column wpb_content_element\" >\n\t\t<div class=\"wpb_wrapper\">\n\t\t\t<p>Ch\u1ea5t c\u00e1ch \u0111i\u1ec7n l\u00e0 b\u1ed9 ph\u1eadn \u0111\u1eb7c bi\u1ec7t \u0111\u1ec3 s\u1eeda ch\u1eefa, l\u1eafp \u0111\u1eb7t v\u00e0 c\u00e1ch nhi\u1ec7t tr\u00ean c\u00e1c thi\u1ebft b\u1ecb li\u00ean l\u1ea1c, n\u0103ng l\u01b0\u1ee3ng \u0111i\u1ec7n, ch\u1ed1ng s\u00e9t, m\u00e1y m\u00f3c, y t\u1ebf, n\u0103ng l\u01b0\u1ee3ng gi\u00f3, thi\u1ebft b\u1ecb chuy\u1ec3n \u0111\u1ed5i t\u1ea7n s\u1ed1, ph\u01b0\u01a1ng ti\u1ec7n n\u0103ng l\u01b0\u1ee3ng m\u1edbi (t\u1ee7 khung t\u00edch h\u1ee3p, t\u1ee7 kh\u00f3a, v.v.) \u0111\u1ec3 \u0111\u00e1p \u1ee9ng s\u1ef1 h\u1ed7 tr\u1ee3 c\u1ed1 \u0111\u1ecbnh, l\u1eafp \u0111\u1eb7t v\u00e0 hi\u1ec7u \u1ee9ng c\u00e1ch ly c\u00e1ch nhi\u1ec7t c\u1ee7a c\u00e1c b\u1ed9 ph\u1eadn \u0111\u1eb7c bi\u1ec7t, n\u00f3 c\u00f2n \u0111\u01b0\u1ee3c g\u1ecdi l\u00e0 ch\u1ea5t c\u00e1ch \u0111i\u1ec7n, c\u1ed9t c\u00e1ch nhi\u1ec7t. B\u1ec1 ngo\u00e0i c\u1ee7a n\u00f3 th\u01b0\u1eddng c\u00f3 d\u1ea1ng h\u00ecnh tr\u1ee5, h\u00ecnh l\u1ee5c gi\u00e1c v\u00e0 h\u00ecnh tr\u00f2n. C\u00f3 m\u1ed9t mi\u1ebfng ch\u00e8n tr\u00ean hai b\u1ec1 m\u1eb7t c\u1ee7ach\u1ea5t c\u00e1ch \u0111i\u1ec7n.<\/p>\n<p>&nbsp;<\/p>\n<h2>K\u00edch c\u1ee1:<\/h2>\n\n\t\t<\/div>\n\t<\/div>\n<div class=\"vc_row wpb_row vc_inner vc_row-fluid\"><div class=\"wpb_column vc_column_container vc_col-sm-12\"><div class=\"vc_column-inner\"><div class=\"wpb_wrapper\">\n\t<div  class=\"wpb_single_image wpb_content_element vc_align_left wpb_content_element\">\n\t\t\n\t\t<figure class=\"wpb_wrapper vc_figure\">\n\t\t\t<div class=\"vc_single_image-wrapper   vc_box_border_grey\"><img decoding=\"async\" class=\"vc_single_image-img\" src=\"https:\/\/www.cnhaitan.net\/wp-content\/uploads\/2022\/04\/Red-Cylindrical-Insulator-Busbar-Support-DMC-size-922x704.jpg\" width=\"922\" height=\"704\" alt=\"Thanh c\u00e1i c\u00e1ch \u0111i\u1ec7n h\u00ecnh tr\u1ee5 m\u00e0u \u0111\u1ecf H\u1ed7 tr\u1ee3 k\u00edch th\u01b0\u1edbc DMC\" title=\"Thanh c\u00e1i c\u00e1ch \u0111i\u1ec7n h\u00ecnh tr\u1ee5 m\u00e0u \u0111\u1ecf H\u1ed7 tr\u1ee3 k\u00edch th\u01b0\u1edbc DMC\" loading=\"lazy\" \/><\/div>\n\t\t<\/figure>\n\t<\/div>\n<\/div><\/div><\/div><\/div>\n\t<div class=\"wpb_text_column wpb_content_element\" >\n\t\t<div class=\"wpb_wrapper\">\n\t\t\t<h2>Chi ti\u1ebft:<\/h2>\n<table width=\"100%\">\n<tbody>\n<tr>\n<td width=\"119\">T\u00ean s\u1ea3n ph\u1ea9m:<\/td>\n<td width=\"149\">Thanh c\u00e1i c\u00e1ch \u0111i\u1ec7n<\/td>\n<td width=\"210\">Ki\u1ec3u:<\/td>\n<td width=\"72\">MNS70<\/td>\n<\/tr>\n<tr>\n<td>\u0110i\u1ec7n \u00e1p:<\/td>\n<td>6000V<\/td>\n<td>S\u1ee9c m\u1ea1nh Torgue (FT-LBS):<\/td>\n<td>50N<\/td>\n<\/tr>\n<tr>\n<td>V\u00edt:<\/td>\n<td>M12 14 16<\/td>\n<td>V\u00edt s\u00e2u:<\/td>\n<td>13mm<\/td>\n<\/tr>\n<tr>\n<td>Ch\u00e8n:<\/td>\n<td>\u0110\u1ed3ng thau, th\u00e9p<\/td>\n<td>V\u1eadt li\u1ec7u:<\/td>\n<td>DMC\/SMC<\/td>\n<\/tr>\n<tr>\n<td>Ch\u1ee9ng nh\u1eadn:<\/td>\n<td>CE ROHS UL<\/td>\n<td>V\u1eadt m\u1eabu:<\/td>\n<td>Mi\u1ec5n ph\u00ed<\/td>\n<\/tr>\n<\/tbody>\n<\/table>\n\n\t\t<\/div>\n\t<\/div>\n\n\t<div class=\"wpb_text_column wpb_content_element\" >\n\t\t<div class=\"wpb_wrapper\">\n\t\t\t<h2>tham s\u1ed1:<\/h2>\n<table width=\"100%\">\n<tbody>\n<tr>\n<td width=\"210\">T\u00ean s\u1ea3n ph\u1ea9m<\/td>\n<td>Lo\u1ea1i pin c\u00e1ch \u0111i\u1ec7n<\/td>\n<\/tr>\n<tr>\n<td width=\"210\">Th\u01b0\u01a1ng hi\u1ec7u<\/td>\n<td>HAITAN<\/td>\n<\/tr>\n<tr>\n<td width=\"210\">Ng\u01b0\u1eddi m\u1eabu<\/td>\n<td>MNS70<\/td>\n<\/tr>\n<tr>\n<td width=\"210\">V\u1eadt li\u1ec7u<\/td>\n<td>DMC\/BMC<\/td>\n<\/tr>\n<tr>\n<td width=\"210\">Ki\u1ec3u<\/td>\n<td>Lo\u1ea1i tr\u00f2n l\u1ee5c gi\u00e1c<\/td>\n<\/tr>\n<tr>\n<td width=\"210\">K\u00edch th\u01b0\u1edbc<\/td>\n<td>70*70\u00a080\u00a090\u00a0100\u00a0110<\/td>\n<\/tr>\n<tr>\n<td width=\"210\">M\u00e0u s\u1eafc<\/td>\n<td>t\u00f9y ch\u1ec9nh<\/td>\n<\/tr>\n<tr>\n<td width=\"210\">V\u1eadt m\u1eabu<\/td>\n<td>Mi\u1ec5n ph\u00ed<\/td>\n<\/tr>\n<tr>\n<td width=\"210\">S\u1ee9c m\u1ea1nh c\u1ee7a Torgue<\/td>\n<td>\u226550N\/M<\/td>\n<\/tr>\n<tr>\n<td width=\"210\">\u0110i\u1ec7n \u00e1p \u0111\u1ecbnh m\u1ee9c<\/td>\n<td>6000V<\/td>\n<\/tr>\n<tr>\n<td width=\"210\">\u1ee8ng d\u1ee5ng<\/td>\n<td>Pin, xe \u0111i\u1ec7n, T\u1ee7 ph\u00e2n ph\u1ed1i<\/td>\n<\/tr>\n<tr>\n<td width=\"210\">Ch\u1ee9ng nh\u1eadn<\/td>\n<td>CE, ROHS, UL cho v\u1eadt li\u1ec7u<\/td>\n<\/tr>\n<tr>\n<td width=\"210\">Nhi\u1ec7t \u0111\u1ed9 ho\u1ea1t \u0111\u1ed9ng<\/td>\n<td>-30oC~140oC<\/td>\n<\/tr>\n<tr>\n<td width=\"210\">N\u01a1i xu\u1ea5t x\u1ee9<\/td>\n<td>Trung Qu\u1ed1c<\/td>\n<\/tr>\n<\/tbody>\n<\/table>\n\n\t\t<\/div>\n\t<\/div>\n<div class=\"vc_row wpb_row vc_inner vc_row-fluid\"><div class=\"wpb_column vc_column_container vc_col-sm-12\"><div class=\"vc_column-inner\"><div class=\"wpb_wrapper\">\n\t<div class=\"wpb_text_column wpb_content_element\" >\n\t\t<div class=\"wpb_wrapper\">\n\t\t\t<p>Ch\u1ea5t c\u00e1ch \u0111i\u1ec7n lo\u1ea1i MNS \u0111\u01b0\u1ee3c l\u00e0m b\u1eb1ng BMC\/SMC, d\u00f9ng \u0111\u1ec3 h\u1ed7 tr\u1ee3 h\u1ec7 th\u1ed1ng m\u1ea1ch \u0111i\u1ec7n. Ch\u1ea5t c\u00e1ch \u0111i\u1ec7n h\u00ecnh tr\u1ee5 c\u01b0\u1eddng \u0111\u1ed9 cao, h\u1ea1t dao l\u1edbn h\u01a1n mang l\u1ea1i s\u1ee9c b\u1ec1n v\u1eadt l\u00fd cao h\u01a1n, ph\u1ea1m vi l\u1ef1a ch\u1ecdn r\u1ed9ng, bao g\u1ed3m nhi\u1ec1u th\u00f4ng s\u1ed1 k\u1ef9 thu\u1eadt v\u00e0 k\u00edch c\u1ee1 h\u01a1n, l\u1ef1a ch\u1ecdn thu\u1eadn ti\u1ec7n, h\u00ecnh th\u1ee9c \u0111\u1ea7y \u0111\u1ee7 v\u00e0 \u0111\u1ea7y \u0111\u1ee7, mang l\u1ea1i cho b\u1ea1n tr\u1ea3i nghi\u1ec7m an to\u00e0n v\u00e0 y\u00ean t\u00e2m h\u01a1n. M\u00e0u s\u1eafc c\u00f3 th\u1ec3 \u0111\u01b0\u1ee3c t\u00f9y ch\u1ec9nh. N\u00f3 \u0111\u01b0\u1ee3c s\u1eed d\u1ee5ng cho \u0111\u01b0\u1eddng d\u00e2y ph\u00e2n ph\u1ed1i \u0111i\u1ec7n \u00e1p th\u1ea5p v\u00e0 \u0111\u01b0\u1eddng d\u00e2y th\u00f4ng tin li\u00ean l\u1ea1c v\u00e0 \u0111\u01b0\u1ee3c s\u1eed d\u1ee5ng r\u1ed9ng r\u00e3i trong c\u00e1c \u1ee9ng d\u1ee5ng \u0111i\u1ec7n nh\u01b0 h\u1ed9p ph\u00e2n ph\u1ed1i,thi\u1ebft b\u1ecb \u0111\u00f3ng c\u1eaft, bi\u1ebfn t\u1ea7n v\u00e0 ngu\u1ed3n \u0111i\u1ec7n xanh.<\/p>\n<p>C\u00f4ng ty TNHH C\u00f4ng ngh\u1ec7 C\u01a1 \u0111i\u1ec7n Haitan Trung Qu\u1ed1c l\u00e0 m\u1ed9t doanh nghi\u1ec7p h\u00f9ng m\u1ea1nh chuy\u00ean ph\u00e1t tri\u1ec3n, s\u1ea3n xu\u1ea5t, kinh doanh v\u00e0 d\u1ecbch v\u1ee5 t\u1ee7 ph\u00e2n ph\u1ed1i \u0111i\u1ec7n, c\u1ecdc s\u1ea1c, ph\u01b0\u01a1ng ti\u1ec7n n\u0103ng l\u01b0\u1ee3ng m\u1edbi, s\u1ea3n ph\u1ea9m t\u1ee7 truy\u1ec1n th\u00f4ng DMC \/ BMC v\u00e0 m\u1ed9t b\u1ed9 ph\u1ee5 ki\u1ec7n \u0111\u1ea7y \u0111\u1ee7. \u0110\u01b0\u1ee3c th\u00e0nh l\u1eadp v\u00e0o n\u0103m 1999, c\u00f4ng ty \u0111\u00e3 ph\u1ee5c v\u1ee5 ng\u00e0nh \u0111i\u1ec7n \u0111\u01b0\u1ee3c 22 n\u0103m. L\u1ea5y kh\u00e1ch h\u00e0ng l\u00e0m trung t\u00e2m v\u00e0 ch\u1ea5t l\u01b0\u1ee3ng l\u00e0m c\u1ed1t l\u00f5i l\u00e0 m\u1ee5c ti\u00eau c\u1ee7a to\u00e0n th\u1ec3 nh\u00e2n vi\u00ean Haitan<\/p>\n<p>C\u00e1c s\u1ea3n ph\u1ea9m ch\u00ednh c\u1ee7a c\u00f4ng ty l\u00e0 ch\u1ea5t c\u00e1ch \u0111i\u1ec7n cao th\u1ebf v\u00e0 h\u1ea1 th\u1ebf, khung xe bu\u00fdt, \u1ed1ng l\u00f3t t\u01b0\u1eddng, \u1ed1ng co nhi\u1ec7t, d\u00e2y bu\u1ed9c nylon, h\u1ed9p n\u1ed1i, c\u00f4ng t\u1eafc du l\u1ecbch v\u00e0 c\u00e1c s\u1ea3n ph\u1ea9m kh\u00e1c \u0111\u00e3 \u0111\u1ea1t ch\u1ee9ng nh\u1eadn CQC, CCC, ISO 9001, ISO14001, iso45001, Rosh, CE.<\/p>\n<p>N\u1ebfu b\u1ea1n quan t\u00e2m \u0111\u1ebfn s\u1ea3n ph\u1ea9m ho\u1eb7c d\u1ecbch v\u1ee5 t\u00f9y ch\u1ec9nh c\u1ee7a ch\u00fang t\u00f4i, vui l\u00f2ng li\u00ean h\u1ec7 v\u1edbi ch\u00fang t\u00f4i. Ch\u00fang t\u00f4i mong mu\u1ed1n thi\u1ebft l\u1eadp m\u1ed1i quan h\u1ec7 kinh doanh th\u00e0nh c\u00f4ng v\u1edbi b\u1ea1n trong t\u01b0\u01a1ng lai g\u1ea7n.<\/p>\n<p>&nbsp;<\/p>\n<h2>\u0110\u00f3ng g\u00f3i &amp; V\u1eadn chuy\u1ec3n<\/h2>\n\n\t\t<\/div>\n\t<\/div>\n<\/div><\/div><\/div><\/div><\/div><\/div><\/div><\/div><div class=\"vc_row wpb_row vc_row-fluid\"><div class=\"wpb_column vc_column_container vc_col-sm-12\"><div class=\"vc_column-inner\"><div class=\"wpb_wrapper\">\n\t<div  class=\"wpb_single_image wpb_content_element vc_align_left wpb_content_element\">\n\t\t\n\t\t<figure class=\"wpb_wrapper vc_figure\">\n\t\t\t<div class=\"vc_single_image-wrapper   vc_box_border_grey\"><img decoding=\"async\" class=\"vc_single_image-img\" src=\"https:\/\/www.cnhaitan.net\/wp-content\/uploads\/2022\/03\/M6-20mm-750x425.jpg\" width=\"750\" height=\"425\" alt=\"Thanh c\u00e1ch \u0111i\u1ec7n M6 20mm\" title=\"Thanh c\u00e1ch \u0111i\u1ec7n M6 20mm\" loading=\"lazy\" \/><\/div>\n\t\t<\/figure>\n\t<\/div>\n\n\t<div class=\"wpb_text_column wpb_content_element\" >\n\t\t<div class=\"wpb_wrapper\">\n\t\t\t<h2>Ch\u1ee9ng ch\u1ec9 h\u1ec7 th\u1ed1ng<\/h2>\n\n\t\t<\/div>\n\t<\/div>\n<\/div><\/div><\/div><\/div><div class=\"vc_row wpb_row vc_row-fluid\"><div class=\"wpb_column vc_column_container vc_col-sm-4\"><div class=\"vc_column-inner\"><div class=\"wpb_wrapper\">\n\t<div  class=\"wpb_single_image wpb_content_element vc_align_left wpb_content_element\">\n\t\t\n\t\t<figure class=\"wpb_wrapper vc_figure\">\n\t\t\t<div class=\"vc_single_image-wrapper   vc_box_border_grey\"><img loading=\"lazy\" decoding=\"async\" width=\"1357\" height=\"1920\" src=\"https:\/\/www.cnhaitan.net\/wp-content\/uploads\/2022\/04\/ISO9001.jpg\" class=\"vc_single_image-img attachment-full\" alt=\"ISO9001\" title=\"ISO9001\" srcset=\"https:\/\/www.cnhaitan.net\/wp-content\/uploads\/2022\/04\/ISO9001.jpg 1357w, https:\/\/www.cnhaitan.net\/wp-content\/uploads\/2022\/04\/ISO9001-212x300.jpg 212w, https:\/\/www.cnhaitan.net\/wp-content\/uploads\/2022\/04\/ISO9001-724x1024.jpg 724w, https:\/\/www.cnhaitan.net\/wp-content\/uploads\/2022\/04\/ISO9001-768x1087.jpg 768w, https:\/\/www.cnhaitan.net\/wp-content\/uploads\/2022\/04\/ISO9001-1086x1536.jpg 1086w\" sizes=\"auto, (max-width: 1357px) 100vw, 1357px\" style=\"width:100%;height:141.49%;max-width:1357px;\" \/><\/div>\n\t\t<\/figure>\n\t<\/div>\n<\/div><\/div><\/div><div class=\"wpb_column vc_column_container vc_col-sm-4\"><div class=\"vc_column-inner\"><div class=\"wpb_wrapper\">\n\t<div  class=\"wpb_single_image wpb_content_element vc_align_left wpb_content_element\">\n\t\t\n\t\t<figure class=\"wpb_wrapper vc_figure\">\n\t\t\t<div class=\"vc_single_image-wrapper   vc_box_border_grey\"><img loading=\"lazy\" decoding=\"async\" width=\"1357\" height=\"1920\" src=\"https:\/\/www.cnhaitan.net\/wp-content\/uploads\/2022\/04\/ISO14001.jpg\" class=\"vc_single_image-img attachment-full\" alt=\"ISO14001\" title=\"ISO14001\" srcset=\"https:\/\/www.cnhaitan.net\/wp-content\/uploads\/2022\/04\/ISO14001.jpg 1357w, https:\/\/www.cnhaitan.net\/wp-content\/uploads\/2022\/04\/ISO14001-212x300.jpg 212w, https:\/\/www.cnhaitan.net\/wp-content\/uploads\/2022\/04\/ISO14001-724x1024.jpg 724w, https:\/\/www.cnhaitan.net\/wp-content\/uploads\/2022\/04\/ISO14001-768x1087.jpg 768w, https:\/\/www.cnhaitan.net\/wp-content\/uploads\/2022\/04\/ISO14001-1086x1536.jpg 1086w\" sizes=\"auto, (max-width: 1357px) 100vw, 1357px\" style=\"width:100%;height:141.49%;max-width:1357px;\" \/><\/div>\n\t\t<\/figure>\n\t<\/div>\n<\/div><\/div><\/div><div class=\"wpb_column vc_column_container vc_col-sm-4\"><div class=\"vc_column-inner\"><div class=\"wpb_wrapper\">\n\t<div  class=\"wpb_single_image wpb_content_element vc_align_left wpb_content_element\">\n\t\t\n\t\t<figure class=\"wpb_wrapper vc_figure\">\n\t\t\t<div class=\"vc_single_image-wrapper   vc_box_border_grey\"><img loading=\"lazy\" decoding=\"async\" width=\"1357\" height=\"1920\" src=\"https:\/\/www.cnhaitan.net\/wp-content\/uploads\/2022\/04\/ISO45001.jpg\" class=\"vc_single_image-img attachment-full\" alt=\"ISO 45001\" title=\"ISO 45001\" srcset=\"https:\/\/www.cnhaitan.net\/wp-content\/uploads\/2022\/04\/ISO45001.jpg 1357w, https:\/\/www.cnhaitan.net\/wp-content\/uploads\/2022\/04\/ISO45001-212x300.jpg 212w, https:\/\/www.cnhaitan.net\/wp-content\/uploads\/2022\/04\/ISO45001-724x1024.jpg 724w, https:\/\/www.cnhaitan.net\/wp-content\/uploads\/2022\/04\/ISO45001-768x1087.jpg 768w, https:\/\/www.cnhaitan.net\/wp-content\/uploads\/2022\/04\/ISO45001-1086x1536.jpg 1086w\" sizes=\"auto, (max-width: 1357px) 100vw, 1357px\" style=\"width:100%;height:141.49%;max-width:1357px;\" \/><\/div>\n\t\t<\/figure>\n\t<\/div>\n<\/div><\/div><\/div><\/div><div class=\"vc_row wpb_row vc_row-fluid\"><div class=\"wpb_column vc_column_container vc_col-sm-12\"><div class=\"vc_column-inner\"><div class=\"wpb_wrapper\">\n\t<div class=\"wpb_text_column wpb_content_element\" >\n\t\t<div class=\"wpb_wrapper\">\n\t\t\t<h2>L\u1ee3i th\u1ebf:<\/h2>\n<h3>l\u1ecbch s\u1eed<\/h3>\n<p>\u0110\u01b0\u1ee3c th\u00e0nh l\u1eadp g\u1ea7n 30 n\u0103m, c\u00f3 b\u1ec1 d\u00e0y kinh nghi\u1ec7m k\u1ef9 thu\u1eadt v\u00e0 kinh nghi\u1ec7m h\u1ee3p t\u00e1c v\u1edbi kh\u00e1ch h\u00e0ng<\/p>\n<h3>ch\u1ea5t l\u01b0\u1ee3ng tuy\u1ec7t v\u1eddi<\/h3>\n<p>Nguy\u00ean li\u1ec7u th\u00f4 kh\u00f4ng c\u00f3 ngo\u1ea1i l\u1ec7 l\u00e0 c\u00e1c doanh nghi\u1ec7p ch\u00ednh th\u1ee9c quy m\u00f4 l\u1edbn trong n\u01b0\u1edbc, nguy\u00ean li\u1ec7u th\u00f4 \u0111\u00e1ng tin c\u1eady v\u00e0 ti\u00eau chu\u1ea9n th\u1ef1c hi\u1ec7n cao<\/p>\n<h3>Thi\u1ebft b\u1ecb s\u1ea3n xu\u1ea5t ti\u00ean ti\u1ebfn<\/h3>\n<p>Thi\u1ebft b\u1ecb s\u1ea3n xu\u1ea5t b\u00e1n t\u1ef1 \u0111\u1ed9ng, thay th\u1ebf thi\u1ebft b\u1ecb nhanh, thi\u1ebft b\u1ecb \u1ed5n \u0111\u1ecbnh, hi\u1ec7u qu\u1ea3 s\u1ea3n xu\u1ea5t cao<\/p>\n<h3>C\u00f3 th\u1ec3 chi tr\u1ea3<\/h3>\n<p>C\u00f9ng m\u1ed9t m\u1ee9c gi\u00e1, ch\u1ea5t l\u01b0\u1ee3ng cao h\u01a1n, kh\u00f4ng qua trung gian t\u1ea1o n\u00ean s\u1ef1 kh\u00e1c bi\u1ec7t<\/p>\n\n\t\t<\/div>\n\t<\/div>\n<\/div><\/div><\/div><\/div><div class=\"vc_row wpb_row vc_row-fluid\"><div class=\"wpb_column vc_column_container vc_col-sm-6\"><div class=\"vc_column-inner\"><div class=\"wpb_wrapper\">\n\t<div class=\"wpb_text_column wpb_content_element\" >\n\t\t<div class=\"wpb_wrapper\">\n\t\t\t<h2>\u1ee8ng d\u1ee5ng<\/h2>\n<p>th\u00f4ng tin li\u00ean l\u1ea1c, n\u0103ng l\u01b0\u1ee3ng \u0111i\u1ec7n, ch\u1ed1ng s\u00e9t, m\u00e1y m\u00f3c, y t\u1ebf, n\u0103ng l\u01b0\u1ee3ng gi\u00f3, thi\u1ebft b\u1ecb chuy\u1ec3n \u0111\u1ed5i t\u1ea7n s\u1ed1, ph\u01b0\u01a1ng ti\u1ec7n s\u1eed d\u1ee5ng n\u0103ng l\u01b0\u1ee3ng m\u1edbi (t\u1ee7 khung t\u00edch h\u1ee3p, t\u1ee7 kh\u00f3a, v.v.)<\/p>\n\n\t\t<\/div>\n\t<\/div>\n<\/div><\/div><\/div><div class=\"wpb_column vc_column_container vc_col-sm-6\"><div class=\"vc_column-inner\"><div class=\"wpb_wrapper\">\n\t<div class=\"wpb_text_column wpb_content_element\" >\n\t\t<div class=\"wpb_wrapper\">\n\t\t\t<h2>D\u1ecbch v\u1ee5 c\u1ee7a ch\u00fang t\u00f4i<\/h2>\n<ol>\n<li>H\u01a1n 30 n\u0103m v\u1ec1 Ch\u1ea5t C\u00e1ch \u0110i\u1ec7n v\u00e0 \u0110\u1ea7u N\u1ed1i \u0110\u1ed3ng<\/li>\n<li>S\u1ea3n ph\u1ea9m ch\u00ednh: Thanh c\u00e1i c\u00e1ch \u0111i\u1ec7n, Thanh c\u00e1i, \u0110\u1ea7u n\u1ed1i \u0111\u1ed3ng<\/li>\n<li>Cung c\u1ea5p s\u1ea3n ph\u1ea9m v\u1edbi \u0111\u1eb3ng c\u1ea5p kh\u00e1c nhau v\u1edbi m\u1ee9c gi\u00e1 kh\u00e1c nhau<\/li>\n<li>Cung c\u1ea5p thi\u1ebft k\u1ebf s\u01a1 \u0111\u1ed3 k\u1ebft n\u1ed1i m\u1eb7t \u0111\u1ea5t v\u00e0 k\u1ebft n\u1ed1i kh\u00f4ng<\/li>\n<li>Y\u00eau c\u1ea7u \u0111\u1eb7c bi\u1ec7t ch\u1ec9 d\u00e0nh cho b\u1ea1n, 7 ng\u00e0y \u0111\u1ed1i v\u1edbi m\u1eabu.<\/li>\n<li>CE, ROHS, v\u1eadt li\u1ec7u c\u00f3 UL<\/li>\n<\/ol>\n\n\t\t<\/div>\n\t<\/div>\n<\/div><\/div><\/div><\/div><div class=\"vc_row wpb_row vc_row-fluid\"><div class=\"wpb_column vc_column_container vc_col-sm-12\"><div class=\"vc_column-inner\"><div class=\"wpb_wrapper\">\n\t<div class=\"wpb_text_column wpb_content_element\" >\n\t\t<div class=\"wpb_wrapper\">\n\t\t\t<p>Ch\u00fang t\u00f4i tr\u00e2n tr\u1ecdng ch\u00e0o \u0111\u00f3n kh\u00e1ch h\u00e0ng t\u1eeb kh\u1eafp n\u01a1i tr\u00ean th\u1ebf gi\u1edbi li\u00ean h\u1ec7 v\u1edbi ch\u00fang t\u00f4i v\u00e0 c\u00f9ng nhau ph\u00e1t tri\u1ec3n th\u1ecb tr\u01b0\u1eddng. Ch\u00fang t\u00f4i \u0111\u1ea3m b\u1ea3o ch\u1ea5t l\u01b0\u1ee3ng v\u01b0\u1ee3t tr\u1ed9i, gi\u00e1 c\u1ea3 c\u1ea1nh tranh v\u00e0 d\u1ecbch v\u1ee5 sau b\u00e1n h\u00e0ng t\u1ed1t nh\u1ea5t.<\/p>\n\n\t\t<\/div>\n\t<\/div>\n<\/div><\/div><\/div><\/div>\n<\/div>","protected":false},"excerpt":{"rendered":"Chi ti\u1ebft s\u1ea3n ph\u1ea9m: N\u01a1i xu\u1ea5t x\u1ee9: Trung Qu\u1ed1c (\u0110\u1ea1i l\u1ee5c), Chi\u1ebft Giang Th\u01b0\u01a1ng hi\u1ec7u: HAITAN Ch\u1ee9ng nh\u1eadn: UL ROHS V0 \uff08S\u1ea3n xu\u1ea5t theo \u0111\u01a1n \u0111\u1eb7t h\u00e0ng) S\u1ed1 hi\u1ec7u: MNS70 \u0110i\u1ec1u kho\u1ea3n thanh to\u00e1n v\u00e0 v\u1eadn chuy\u1ec3n: S\u1ed1 l\u01b0\u1ee3ng \u0111\u1eb7t h\u00e0ng t\u1ed1i thi\u1ec3u: 1000 chi\u1ebfc Gi\u00e1: US $3\u00a0-\u00a04\/\u00a0PCS\uff08Gi\u00e1 c\u1ee5 th\u1ec3 ph\u1ee5 thu\u1ed9c v\u00e0o y\u00eau c\u1ea7u th\u1ef1c t\u1ebf) Chi ti\u1ebft \u0111\u00f3ng g\u00f3i: 4 c\u00e1i\/h\u1ed9p, 40 c\u00e1i\/th\u00f9ng Th\u1eddi gian giao h\u00e0ng: 7 ng\u00e0y \u0110i\u1ec1u kho\u1ea3n thanh to\u00e1n: L\/C, T\/T, Western Union Kh\u1ea3 n\u0103ng cung c\u1ea5p: 20000 chi\u1ebfc m\u1ed7i ng\u00e0y Ch\u1ea5t c\u00e1ch \u0111i\u1ec7n\u2026 <a class=\"more-link\" href=\"https:\/\/www.cnhaitan.net\/vi\/thanh-cai-cach-dien-hinh-tru-mau-do-ho-tro-dmc-70mm-100mm\">Ti\u1ebfp t\u1ee5c \u0111\u1ecdc <span class=\"screen-reader-text\">H\u1ed7 tr\u1ee3 thanh c\u00e1i c\u00e1ch \u0111i\u1ec7n h\u00ecnh tr\u1ee5 m\u00e0u \u0111\u1ecf DMC 70mm 100mm<\/span><\/a>","protected":false},"author":1,"featured_media":1729,"menu_order":0,"comment_status":"open","ping_status":"open","template":"","format":"standard","meta":{"footnotes":""},"tags":[122,125,127,194,195,196,197,198,199,200,201,202,203,204],"product_category":[5,49],"class_list":["post-1722","product","type-product","status-publish","format-standard","has-post-thumbnail","hentry","tag-busbar-support-insulator-specifications","tag-dmc-insulator-full-form","tag-busbar-insulator-types","tag-red-cylindrical-insulator-busbar-support-dmc-70mm-100mm","tag-dmc-insulator","tag-dmc-insulator-size","tag-busbar-insulator-specifications","tag-busbar-insulator-sizes","tag-busbar-insulation","tag-dmc-support-insulator","tag-dmc-conical-insulator","tag-dmc-insulator-price","tag-dmc-insulator-types","tag-dmc-insulator-specification","product_category-mns-insulator","product_category-low-voltage-insulator","entry"],"acf":[],"_links":{"self":[{"href":"https:\/\/www.cnhaitan.net\/vi\/wp-json\/wp\/v2\/product\/1722","targetHints":{"allow":["GET"]}}],"collection":[{"href":"https:\/\/www.cnhaitan.net\/vi\/wp-json\/wp\/v2\/product"}],"about":[{"href":"https:\/\/www.cnhaitan.net\/vi\/wp-json\/wp\/v2\/types\/product"}],"author":[{"embeddable":true,"href":"https:\/\/www.cnhaitan.net\/vi\/wp-json\/wp\/v2\/users\/1"}],"replies":[{"embeddable":true,"href":"https:\/\/www.cnhaitan.net\/vi\/wp-json\/wp\/v2\/comments?post=1722"}],"version-history":[{"count":1,"href":"https:\/\/www.cnhaitan.net\/vi\/wp-json\/wp\/v2\/product\/1722\/revisions"}],"predecessor-version":[{"id":2183,"href":"https:\/\/www.cnhaitan.net\/vi\/wp-json\/wp\/v2\/product\/1722\/revisions\/2183"}],"wp:featuredmedia":[{"embeddable":true,"href":"https:\/\/www.cnhaitan.net\/vi\/wp-json\/wp\/v2\/media\/1729"}],"wp:attachment":[{"href":"https:\/\/www.cnhaitan.net\/vi\/wp-json\/wp\/v2\/media?parent=1722"}],"wp:term":[{"taxonomy":"post_tag","embeddable":true,"href":"https:\/\/www.cnhaitan.net\/vi\/wp-json\/wp\/v2\/tags?post=1722"},{"taxonomy":"product_category","embeddable":true,"href":"https:\/\/www.cnhaitan.net\/vi\/wp-json\/wp\/v2\/product_category?post=1722"}],"curies":[{"name":"wp","href":"https:\/\/api.w.org\/{rel}","templated":true}]}}