{"id":1732,"date":"2022-04-08T16:16:08","date_gmt":"2022-04-08T08:16:08","guid":{"rendered":"https:\/\/www.cnhaitan.net\/?post_type=product&#038;p=1732"},"modified":"2024-05-16T09:25:22","modified_gmt":"2024-05-16T01:25:22","slug":"nhua-epoxy-cach-dien-thanh-cai-12kv","status":"publish","type":"product","link":"https:\/\/www.cnhaitan.net\/vi\/nhua-epoxy-cach-dien-thanh-cai-12kv","title":{"rendered":"Ch\u1ea5t c\u00e1ch \u0111i\u1ec7n d\u1ef1 ph\u00f2ng thanh c\u00e1i 12KV Nh\u1ef1a Epoxy \u0111i\u1ec7n"},"content":{"rendered":"<div class=\"wpb-content-wrapper\"><div class=\"vc_row wpb_row vc_row-fluid\"><div class=\"wpb_column vc_column_container vc_col-sm-12\"><div class=\"vc_column-inner\"><div class=\"wpb_wrapper\">\n\t<div class=\"wpb_text_column wpb_content_element\" >\n\t\t<div class=\"wpb_wrapper\">\n\t\t\t<h2>Chi ti\u1ebft s\u1ea3n ph\u1ea9m:<\/h2>\n<table width=\"100%\">\n<tbody>\n<tr>\n<td width=\"35.0000%\">N\u01a1i xu\u1ea5t x\u1ee9:<\/td>\n<td>Trung Qu\u1ed1c (\u0111\u1ea1i l\u1ee5c), Chi\u1ebft Giang<\/td>\n<\/tr>\n<tr>\n<td width=\"35.0000%\">T\u00ean th\u01b0\u01a1ng hi\u1ec7u:<\/td>\n<td>HAITAN<\/td>\n<\/tr>\n<tr>\n<td width=\"35.0000%\">Ch\u1ee9ng nh\u1eadn:<\/td>\n<td>UL ROHS V0 (S\u1ea3n xu\u1ea5t theo \u0111\u01a1n \u0111\u1eb7t h\u00e0ng)<\/td>\n<\/tr>\n<tr>\n<td width=\"35.0000%\">S\u1ed1 m\u00f4 h\u00ecnh:<\/td>\n<td>85*140<\/td>\n<\/tr>\n<\/tbody>\n<\/table>\n\n\t\t<\/div>\n\t<\/div>\n\n\t<div class=\"wpb_text_column wpb_content_element\" >\n\t\t<div class=\"wpb_wrapper\">\n\t\t\t<h2>\u0110i\u1ec1u kho\u1ea3n thanh to\u00e1n &amp; v\u1eadn chuy\u1ec3n:<\/h2>\n<table width=\"100%\">\n<tbody>\n<tr>\n<td width=\"35.0000%\">S\u1ed1 l\u01b0\u1ee3ng \u0111\u1eb7t h\u00e0ng t\u1ed1i thi\u1ec3u:<\/td>\n<td>100 chi\u1ebfc<\/td>\n<\/tr>\n<tr>\n<td width=\"35.0000%\">Gi\u00e1:<\/td>\n<td>US $3\u00a0\u2013\u00a04 C\u00c1I\uff08Gi\u00e1 c\u1ee5 th\u1ec3 t\u00f9y thu\u1ed9c v\u00e0o y\u00eau c\u1ea7u th\u1ef1c t\u1ebf\uff09<\/td>\n<\/tr>\n<tr>\n<td width=\"35.0000%\">Chi ti\u1ebft \u0111\u00f3ng g\u00f3i:<\/td>\n<td>20 c\u00e1i\/h\u1ed9p, 200 c\u00e1i\/th\u00f9ng<\/td>\n<\/tr>\n<tr>\n<td width=\"35.0000%\">Th\u1eddi gian giao h\u00e0ng:<\/td>\n<td>7 ng\u00e0y<\/td>\n<\/tr>\n<tr>\n<td width=\"35.0000%\">\u0110i\u1ec1u kho\u1ea3n thanh to\u00e1n:<\/td>\n<td>L\/C, T\/T, Western Union<\/td>\n<\/tr>\n<tr>\n<td width=\"35.0000%\">Kh\u1ea3 n\u0103ng cung c\u1ea5p:<\/td>\n<td>20000 chi\u1ebfc m\u1ed7i ng\u00e0y<\/td>\n<\/tr>\n<\/tbody>\n<\/table>\n\n\t\t<\/div>\n\t<\/div>\n\n\t<div class=\"wpb_text_column wpb_content_element\" >\n\t\t<div class=\"wpb_wrapper\">\n\t\t\t<h2>K\u00edch c\u1ee1:<\/h2>\n\n\t\t<\/div>\n\t<\/div>\n<div class=\"vc_row wpb_row vc_inner vc_row-fluid\"><div class=\"wpb_column vc_column_container vc_col-sm-12\"><div class=\"vc_column-inner\"><div class=\"wpb_wrapper\">\n\t<div  class=\"wpb_single_image wpb_content_element vc_align_left wpb_content_element\">\n\t\t\n\t\t<figure class=\"wpb_wrapper vc_figure\">\n\t\t\t<div class=\"vc_single_image-wrapper   vc_box_border_grey\"><img decoding=\"async\" class=\"vc_single_image-img\" src=\"https:\/\/www.cnhaitan.net\/wp-content\/uploads\/2022\/04\/HAITAN-Insulators-High-Voltage-Post-Insulator-Composite-Epoxy-Resin-size-922x433.jpg\" width=\"922\" height=\"433\" alt=\"Ch\u1ea5t c\u00e1ch \u0111i\u1ec7n HAITIAN Ch\u1ea5t c\u00e1ch \u0111i\u1ec7n cao \u00e1p K\u00edch th\u01b0\u1edbc nh\u1ef1a Epoxy t\u1ed5ng h\u1ee3p\" title=\"Ch\u1ea5t c\u00e1ch \u0111i\u1ec7n HAITIAN Ch\u1ea5t c\u00e1ch \u0111i\u1ec7n cao \u00e1p K\u00edch th\u01b0\u1edbc nh\u1ef1a Epoxy t\u1ed5ng h\u1ee3p\" loading=\"lazy\" \/><\/div>\n\t\t<\/figure>\n\t<\/div>\n<\/div><\/div><\/div><\/div>\n\t<div class=\"wpb_text_column wpb_content_element\" >\n\t\t<div class=\"wpb_wrapper\">\n\t\t\t<h2>tham s\u1ed1:<\/h2>\n<table width=\"100%\">\n<tbody>\n<tr>\n<td width=\"210\">T\u00ean s\u1ea3n ph\u1ea9m<\/td>\n<td>Lo\u1ea1i pin c\u00e1ch \u0111i\u1ec7n<\/td>\n<\/tr>\n<tr>\n<td width=\"210\">Th\u01b0\u01a1ng hi\u1ec7u<\/td>\n<td>HAITAN<\/td>\n<\/tr>\n<tr>\n<td width=\"210\">Ng\u01b0\u1eddi m\u1eabu<\/td>\n<td>85*140<\/td>\n<\/tr>\n<tr>\n<td width=\"210\">K\u00edch th\u01b0\u1edbc<\/td>\n<td>85*140<\/td>\n<\/tr>\n<tr>\n<td width=\"210\">M\u00e0u s\u1eafc<\/td>\n<td>t\u00f9y ch\u1ec9nh<\/td>\n<\/tr>\n<tr>\n<td width=\"210\">V\u1eadt m\u1eabu<\/td>\n<td>Mi\u1ec5n ph\u00ed<\/td>\n<\/tr>\n<tr>\n<td width=\"210\">\u0110i\u1ec7n \u00e1p \u0111\u1ecbnh m\u1ee9c<\/td>\n<td>12KV<\/td>\n<\/tr>\n<tr>\n<td width=\"210\">\u1ee8ng d\u1ee5ng<\/td>\n<td>T\u1ee7 ph\u00e2n ph\u1ed1i \u1eafc quy, \u0111i\u1ec7n \u00f4 t\u00f4<\/td>\n<\/tr>\n<tr>\n<td width=\"210\">Ch\u1ee9ng nh\u1eadn<\/td>\n<td>CE, ROHS, UL cho v\u1eadt li\u1ec7u<\/td>\n<\/tr>\n<tr>\n<td width=\"210\">Nhi\u1ec7t \u0111\u1ed9 ho\u1ea1t \u0111\u1ed9ng<\/td>\n<td>-30oC~120oC<\/td>\n<\/tr>\n<tr>\n<td width=\"210\">N\u01a1i xu\u1ea5t x\u1ee9<\/td>\n<td>Trung Qu\u1ed1c<\/td>\n<\/tr>\n<\/tbody>\n<\/table>\n\n\t\t<\/div>\n\t<\/div>\n<div class=\"vc_row wpb_row vc_inner vc_row-fluid\"><div class=\"wpb_column vc_column_container vc_col-sm-12\"><div class=\"vc_column-inner\"><div class=\"wpb_wrapper\">\n\t<div class=\"wpb_text_column wpb_content_element\" >\n\t\t<div class=\"wpb_wrapper\">\n\t\t\t<p>Ch\u1ea5t c\u00e1ch \u0111i\u1ec7n l\u00e0 b\u1ed9 ph\u1eadn \u0111\u1eb7c bi\u1ec7t \u0111\u1ec3 s\u1eeda ch\u1eefa, l\u1eafp \u0111\u1eb7t v\u00e0 c\u00e1ch nhi\u1ec7t tr\u00ean c\u00e1c thi\u1ebft b\u1ecb li\u00ean l\u1ea1c, n\u0103ng l\u01b0\u1ee3ng \u0111i\u1ec7n, ch\u1ed1ng s\u00e9t, m\u00e1y m\u00f3c, y t\u1ebf, n\u0103ng l\u01b0\u1ee3ng gi\u00f3, thi\u1ebft b\u1ecb chuy\u1ec3n \u0111\u1ed5i t\u1ea7n s\u1ed1, ph\u01b0\u01a1ng ti\u1ec7n n\u0103ng l\u01b0\u1ee3ng m\u1edbi (t\u1ee7 khung t\u00edch h\u1ee3p, t\u1ee7 kh\u00f3a, v.v.) \u0111\u1ec3 \u0111\u00e1p \u1ee9ng s\u1ef1 h\u1ed7 tr\u1ee3 c\u1ed1 \u0111\u1ecbnh, l\u1eafp \u0111\u1eb7t v\u00e0 hi\u1ec7u \u1ee9ng c\u00e1ch ly c\u00e1ch nhi\u1ec7t c\u1ee7a c\u00e1c b\u1ed9 ph\u1eadn \u0111\u1eb7c bi\u1ec7t, n\u00f3 c\u00f2n \u0111\u01b0\u1ee3c g\u1ecdi l\u00e0 ch\u1ea5t c\u00e1ch \u0111i\u1ec7n, c\u1ed9t c\u00e1ch nhi\u1ec7t. B\u1ec1 ngo\u00e0i c\u1ee7a n\u00f3 th\u01b0\u1eddng c\u00f3 d\u1ea1ng h\u00ecnh tr\u1ee5, h\u00ecnh l\u1ee5c gi\u00e1c v\u00e0 h\u00ecnh tr\u00f2n. C\u00f3 m\u1ed9t mi\u1ebfng ch\u00e8n tr\u00ean hai b\u1ec1 m\u1eb7t c\u1ee7ach\u1ea5t c\u00e1ch \u0111i\u1ec7n.<\/p>\n\n\t\t<\/div>\n\t<\/div>\n<\/div><\/div><\/div><\/div><\/div><\/div><\/div><\/div><div class=\"vc_row wpb_row vc_row-fluid\"><div class=\"wpb_column vc_column_container vc_col-sm-6\"><div class=\"vc_column-inner\"><div class=\"wpb_wrapper\">\n\t<div class=\"wpb_text_column wpb_content_element\" >\n\t\t<div class=\"wpb_wrapper\">\n\t\t\t<h2>L\u1ee3i th\u1ebf:<\/h2>\n<p>1. C\u01b0\u1eddng \u0111\u1ed9 cao<\/p>\n<p>2. \u0110i\u1ec7n tr\u1edf<\/p>\n<p>3. Ch\u1ed1ng n\u00f3ng, ch\u1ed1ng ch\u00e1y, ch\u1ed1ng n\u01b0\u1edbc<\/p>\n<p>4. \u0110\u1ed9 co th\u1ea5p<\/p>\n\n\t\t<\/div>\n\t<\/div>\n<\/div><\/div><\/div><div class=\"wpb_column vc_column_container vc_col-sm-6\"><div class=\"vc_column-inner\"><div class=\"wpb_wrapper\">\n\t<div class=\"wpb_text_column wpb_content_element\" >\n\t\t<div class=\"wpb_wrapper\">\n\t\t\t<h2>\u1ee8ng d\u1ee5ng<\/h2>\n<p>Ch\u1ea5t c\u00e1ch \u0111i\u1ec7n ch\u1ee7 y\u1ebfu \u0111\u01b0\u1ee3c s\u1eed d\u1ee5ng trong c\u00e1c ng\u00e0nh li\u00ean quan \u0111\u1ebfn \u0111i\u1ec7n v\u00e0 \u0111\u00f3ng vai tr\u00f2 c\u00e1ch \u0111i\u1ec7n trong h\u1ec7 th\u1ed1ng \u0111i\u1ec7n. N\u00f3 c\u00f3 th\u1ec3 \u0111\u01b0\u1ee3c s\u1eed d\u1ee5ng trong c\u00e1c ng\u00e0nh li\u00ean quan \u0111\u1ebfn n\u0103ng l\u01b0\u1ee3ng nh\u01b0 ng\u00e0nh truy\u1ec1n t\u1ea3i v\u00e0 ph\u00e2n ph\u1ed1i \u0111i\u1ec7n, ng\u00e0nh truy\u1ec1n th\u00f4ng 5G, n\u0103ng l\u01b0\u1ee3ng m\u1eb7t tr\u1eddi, c\u00f4ng nghi\u1ec7p n\u0103ng l\u01b0\u1ee3ng gi\u00f3 v\u00e0 c\u00f4ng nghi\u1ec7p \u00f4 t\u00f4.<\/p>\n\n\t\t<\/div>\n\t<\/div>\n<\/div><\/div><\/div><\/div><div class=\"vc_row wpb_row vc_row-fluid\"><div class=\"wpb_column vc_column_container vc_col-sm-12\"><div class=\"vc_column-inner\"><div class=\"wpb_wrapper\">\n\t<div class=\"wpb_text_column wpb_content_element\" >\n\t\t<div class=\"wpb_wrapper\">\n\t\t\t<h2>\u0110\u00f3ng g\u00f3i &amp; V\u1eadn chuy\u1ec3n<\/h2>\n\n\t\t<\/div>\n\t<\/div>\n<\/div><\/div><\/div><\/div><div class=\"vc_row wpb_row vc_row-fluid\"><div class=\"wpb_column vc_column_container vc_col-sm-4\"><div class=\"vc_column-inner\"><div class=\"wpb_wrapper\">\n\t<div  class=\"wpb_single_image wpb_content_element vc_align_left wpb_content_element\">\n\t\t\n\t\t<figure class=\"wpb_wrapper vc_figure\">\n\t\t\t<div class=\"vc_single_image-wrapper   vc_box_border_grey\"><img decoding=\"async\" class=\"vc_single_image-img\" src=\"https:\/\/www.cnhaitan.net\/wp-content\/uploads\/2022\/03\/M6-20mm-750x425.jpg\" width=\"750\" height=\"425\" alt=\"Thanh c\u00e1ch \u0111i\u1ec7n M6 20mm\" title=\"Thanh c\u00e1ch \u0111i\u1ec7n M6 20mm\" loading=\"lazy\" \/><\/div>\n\t\t<\/figure>\n\t<\/div>\n<\/div><\/div><\/div><div class=\"wpb_column vc_column_container vc_col-sm-4\"><div class=\"vc_column-inner\"><div class=\"wpb_wrapper\">\n\t<div  class=\"wpb_single_image wpb_content_element vc_align_left wpb_content_element\">\n\t\t\n\t\t<figure class=\"wpb_wrapper vc_figure\">\n\t\t\t<div class=\"vc_single_image-wrapper   vc_box_border_grey\"><img decoding=\"async\" class=\"vc_single_image-img\" src=\"https:\/\/www.cnhaitan.net\/wp-content\/uploads\/2022\/03\/water-resistance-hex-round-insulator-busba-pack-750x425.jpg\" width=\"750\" height=\"425\" alt=\"g\u00f3i thanh c\u00e1i c\u00e1ch \u0111i\u1ec7n tr\u00f2n hex ch\u1ed1ng n\u01b0\u1edbc\" title=\"g\u00f3i thanh c\u00e1i c\u00e1ch \u0111i\u1ec7n tr\u00f2n hex ch\u1ed1ng n\u01b0\u1edbc\" loading=\"lazy\" \/><\/div>\n\t\t<\/figure>\n\t<\/div>\n<\/div><\/div><\/div><div class=\"wpb_column vc_column_container vc_col-sm-4\"><div class=\"vc_column-inner\"><div class=\"wpb_wrapper\">\n\t<div  class=\"wpb_single_image wpb_content_element vc_align_left wpb_content_element\">\n\t\t\n\t\t<figure class=\"wpb_wrapper vc_figure\">\n\t\t\t<div class=\"vc_single_image-wrapper   vc_box_border_grey\"><img decoding=\"async\" class=\"vc_single_image-img\" src=\"https:\/\/www.cnhaitan.net\/wp-content\/uploads\/2022\/03\/Package-750x425.jpg\" width=\"750\" height=\"425\" alt=\"B\u01b0u ki\u1ec7n\" title=\"B\u01b0u ki\u1ec7n\" loading=\"lazy\" \/><\/div>\n\t\t<\/figure>\n\t<\/div>\n<\/div><\/div><\/div><\/div><div class=\"vc_row wpb_row vc_row-fluid\"><div class=\"wpb_column vc_column_container vc_col-sm-12\"><div class=\"vc_column-inner\"><div class=\"wpb_wrapper\">\n\t<div  class=\"wpb_single_image wpb_content_element vc_align_left wpb_content_element\">\n\t\t\n\t\t<figure class=\"wpb_wrapper vc_figure\">\n\t\t\t<div class=\"vc_single_image-wrapper   vc_box_border_grey\"><img loading=\"lazy\" decoding=\"async\" width=\"750\" height=\"886\" src=\"https:\/\/www.cnhaitan.net\/wp-content\/uploads\/2022\/03\/1.jpg\" class=\"vc_single_image-img attachment-full\" alt=\"H\u1ed7 tr\u1ee3 c\u00e1ch nhi\u1ec7t h\u00ecnh tr\u1ee5 m\u00e0u \u0111\u1ecf MNS40\" title=\"H\u1ed7 tr\u1ee3 c\u00e1ch nhi\u1ec7t h\u00ecnh tr\u1ee5 m\u00e0u \u0111\u1ecf MNS40\" srcset=\"https:\/\/www.cnhaitan.net\/wp-content\/uploads\/2022\/03\/1.jpg 750w, https:\/\/www.cnhaitan.net\/wp-content\/uploads\/2022\/03\/1-254x300.jpg 254w\" sizes=\"auto, (max-width: 750px) 100vw, 750px\" style=\"width:100%;height:118.13%;max-width:750px;\" \/><\/div>\n\t\t<\/figure>\n\t<\/div>\n<\/div><\/div><\/div><\/div>\n<\/div>","protected":false},"excerpt":{"rendered":"Chi ti\u1ebft s\u1ea3n ph\u1ea9m: N\u01a1i xu\u1ea5t x\u1ee9: Trung Qu\u1ed1c (\u0110\u1ea1i l\u1ee5c), Chi\u1ebft Giang Th\u01b0\u01a1ng hi\u1ec7u: HAITAN Ch\u1ee9ng nh\u1eadn: UL ROHS V0 \uff08S\u1ea3n xu\u1ea5t theo \u0111\u01a1n \u0111\u1eb7t h\u00e0ng) S\u1ed1 m\u00f4 h\u00ecnh: 85 * 140 \u0110i\u1ec1u kho\u1ea3n thanh to\u00e1n v\u00e0 v\u1eadn chuy\u1ec3n: S\u1ed1 l\u01b0\u1ee3ng \u0111\u1eb7t h\u00e0ng t\u1ed1i thi\u1ec3u: 100 chi\u1ebfc Gi\u00e1: US $3 - 4 C\u00c1I (Gi\u00e1 c\u1ee5 th\u1ec3 ph\u1ee5 thu\u1ed9c v\u00e0o y\u00eau c\u1ea7u th\u1ef1c t\u1ebf) Chi ti\u1ebft \u0111\u00f3ng g\u00f3i: 20 c\u00e1i\/h\u1ed9p, 200 c\u00e1i\/th\u00f9ng Th\u1eddi gian giao h\u00e0ng: 7 ng\u00e0y \u0110i\u1ec1u kho\u1ea3n thanh to\u00e1n: L\/C, T\/T, Western Union Kh\u1ea3 n\u0103ng cung c\u1ea5p: 20000 chi\u1ebfc m\u1ed7i ng\u00e0y K\u00edch th\u01b0\u1edbc: Th\u00f4ng s\u1ed1:\u2026 <a class=\"more-link\" href=\"https:\/\/www.cnhaitan.net\/vi\/nhua-epoxy-cach-dien-thanh-cai-12kv\">Ti\u1ebfp t\u1ee5c \u0111\u1ecdc <span class=\"screen-reader-text\">Ch\u1ea5t c\u00e1ch \u0111i\u1ec7n d\u1ef1 ph\u00f2ng thanh c\u00e1i 12KV Nh\u1ef1a Epoxy \u0111i\u1ec7n<\/span><\/a>","protected":false},"author":1,"featured_media":1734,"menu_order":0,"comment_status":"open","ping_status":"open","template":"","format":"standard","meta":{"footnotes":""},"tags":[81,82,83,84,85,86,87,88],"product_category":[48],"class_list":["post-1732","product","type-product","status-publish","format-standard","has-post-thumbnail","hentry","tag-busbar-standoff-insulators","tag-epoxy-post-insulators","tag-epoxy-insulator-manufacturers","tag-epoxy-resin-electrical-insulator","tag-epoxy-resin-insulator","tag-epoxy-insulator","tag-epoxy-busbar","tag-epoxy-insulator-price","product_category-high-voltage-insulator","entry"],"acf":[],"_links":{"self":[{"href":"https:\/\/www.cnhaitan.net\/vi\/wp-json\/wp\/v2\/product\/1732","targetHints":{"allow":["GET"]}}],"collection":[{"href":"https:\/\/www.cnhaitan.net\/vi\/wp-json\/wp\/v2\/product"}],"about":[{"href":"https:\/\/www.cnhaitan.net\/vi\/wp-json\/wp\/v2\/types\/product"}],"author":[{"embeddable":true,"href":"https:\/\/www.cnhaitan.net\/vi\/wp-json\/wp\/v2\/users\/1"}],"replies":[{"embeddable":true,"href":"https:\/\/www.cnhaitan.net\/vi\/wp-json\/wp\/v2\/comments?post=1732"}],"version-history":[{"count":1,"href":"https:\/\/www.cnhaitan.net\/vi\/wp-json\/wp\/v2\/product\/1732\/revisions"}],"predecessor-version":[{"id":2114,"href":"https:\/\/www.cnhaitan.net\/vi\/wp-json\/wp\/v2\/product\/1732\/revisions\/2114"}],"wp:featuredmedia":[{"embeddable":true,"href":"https:\/\/www.cnhaitan.net\/vi\/wp-json\/wp\/v2\/media\/1734"}],"wp:attachment":[{"href":"https:\/\/www.cnhaitan.net\/vi\/wp-json\/wp\/v2\/media?parent=1732"}],"wp:term":[{"taxonomy":"post_tag","embeddable":true,"href":"https:\/\/www.cnhaitan.net\/vi\/wp-json\/wp\/v2\/tags?post=1732"},{"taxonomy":"product_category","embeddable":true,"href":"https:\/\/www.cnhaitan.net\/vi\/wp-json\/wp\/v2\/product_category?post=1732"}],"curies":[{"name":"wp","href":"https:\/\/api.w.org\/{rel}","templated":true}]}}